{"id":1807,"date":"2020-04-15T12:09:28","date_gmt":"2020-04-15T05:09:28","guid":{"rendered":"http:\/\/nutrixperts.flywheelsites.com\/adult-nutrition\/"},"modified":"2020-04-16T01:12:55","modified_gmt":"2020-04-15T18:12:55","slug":"nutricion-de-adultos","status":"publish","type":"page","link":"https:\/\/nutrixperts.com\/es\/areas-de-producto\/nutricion-de-adultos\/","title":{"rendered":"Nutrici\u00f3n de Adultos"},"content":{"rendered":"\n<h3 class=\"has-text-align-center wp-block-heading\"><strong>Muchos pa\u00edses se enfrentan a una creciente poblaci\u00f3n de personas mayores y grupos de consumidores con necesidades diet\u00e9ticas especiales.\u00a0<\/strong><\/h3>\n\n\n\n<p class=\"has-text-align-center\">La sarcopenia es una preocupaci\u00f3n cada vez mayor, y al igual que la deficiencia de calcio, puede conducir a la osteopenia y la osteoporosis. Nutrixperts puede ayudarle a dirigirse a grupos de consumidores con necesidades diet\u00e9ticas especiales.\u00a0  <\/p>\n\n\n\n<div style=\"height:100px\" aria-hidden=\"true\" class=\"wp-block-spacer\"><\/div>\n\n\n\n<figure class=\"wp-block-image size-large img_s1 max-width-910\"><img loading=\"lazy\" decoding=\"async\" width=\"889\" height=\"481\" src=\"https:\/\/nutrixperts.com\/wp-content\/uploads\/2020\/02\/image_Adult_Nutrition-1.jpg\" alt=\"\" class=\"wp-image-583\" srcset=\"https:\/\/nutrixperts.com\/wp-content\/uploads\/2020\/02\/image_Adult_Nutrition-1.jpg 889w, https:\/\/nutrixperts.com\/wp-content\/uploads\/2020\/02\/image_Adult_Nutrition-1-300x162.jpg 300w, https:\/\/nutrixperts.com\/wp-content\/uploads\/2020\/02\/image_Adult_Nutrition-1-768x416.jpg 768w\" sizes=\"auto, (max-width: 889px) 100vw, 889px\" \/><\/figure>\n","protected":false},"excerpt":{"rendered":"<p>Muchos pa\u00edses se enfrentan a una creciente poblaci\u00f3n de personas mayores y grupos de consumidores con necesidades diet\u00e9ticas especiales.\u00a0 La sarcopenia es una preocupaci\u00f3n cada vez mayor, y al igual que la deficiencia de calcio, puede conducir a la osteopenia y la osteoporosis. Nutrixperts puede ayudarle a dirigirse a grupos de consumidores con necesidades diet\u00e9ticas [&hellip;]<\/p>\n","protected":false},"author":1,"featured_media":0,"parent":1844,"menu_order":0,"comment_status":"closed","ping_status":"closed","template":"page-product.php","meta":{"_acf_changed":false,"_monsterinsights_skip_tracking":false,"_monsterinsights_sitenote_active":false,"_monsterinsights_sitenote_note":"","_monsterinsights_sitenote_category":0,"footnotes":""},"class_list":["post-1807","page","type-page","status-publish","hentry","entry"],"acf":[],"yoast_head":"<!-- This site is optimized with the Yoast SEO plugin v27.3 - https:\/\/yoast.com\/product\/yoast-seo-wordpress\/ -->\n<title>Nutrici\u00f3n de Adultos | NutriXperts<\/title>\n<meta name=\"robots\" content=\"index, follow, max-snippet:-1, max-image-preview:large, max-video-preview:-1\" \/>\n<link rel=\"canonical\" href=\"https:\/\/nutrixperts.com\/es\/areas-de-producto\/nutricion-de-adultos\/\" \/>\n<meta property=\"og:locale\" content=\"es_ES\" \/>\n<meta property=\"og:type\" content=\"article\" \/>\n<meta property=\"og:title\" content=\"Nutrici\u00f3n de Adultos | NutriXperts\" \/>\n<meta property=\"og:description\" content=\"Muchos pa\u00edses se enfrentan a una creciente poblaci\u00f3n de personas mayores y grupos de consumidores con necesidades diet\u00e9ticas especiales.\u00a0 La sarcopenia es una preocupaci\u00f3n cada vez mayor, y al igual que la deficiencia de calcio, puede conducir a la osteopenia y la osteoporosis. Nutrixperts puede ayudarle a dirigirse a grupos de consumidores con necesidades diet\u00e9ticas [&hellip;]\" \/>\n<meta property=\"og:url\" content=\"https:\/\/nutrixperts.com\/es\/areas-de-producto\/nutricion-de-adultos\/\" \/>\n<meta property=\"og:site_name\" content=\"NutriXperts\" \/>\n<meta property=\"article:modified_time\" content=\"2020-04-15T18:12:55+00:00\" \/>\n<meta property=\"og:image\" content=\"https:\/\/nutrixperts.com\/wp-content\/uploads\/2020\/02\/image_Adult_Nutrition-1.jpg\" \/>\n<meta name=\"twitter:card\" content=\"summary_large_image\" \/>\n<script type=\"application\/ld+json\" class=\"yoast-schema-graph\">{\"@context\":\"https:\\\/\\\/schema.org\",\"@graph\":[{\"@type\":\"WebPage\",\"@id\":\"https:\\\/\\\/nutrixperts.com\\\/es\\\/areas-de-producto\\\/nutricion-de-adultos\\\/\",\"url\":\"https:\\\/\\\/nutrixperts.com\\\/es\\\/areas-de-producto\\\/nutricion-de-adultos\\\/\",\"name\":\"Nutrici\u00f3n de Adultos | NutriXperts\",\"isPartOf\":{\"@id\":\"https:\\\/\\\/nutrixperts.com\\\/es\\\/#website\"},\"primaryImageOfPage\":{\"@id\":\"https:\\\/\\\/nutrixperts.com\\\/es\\\/areas-de-producto\\\/nutricion-de-adultos\\\/#primaryimage\"},\"image\":{\"@id\":\"https:\\\/\\\/nutrixperts.com\\\/es\\\/areas-de-producto\\\/nutricion-de-adultos\\\/#primaryimage\"},\"thumbnailUrl\":\"https:\\\/\\\/nutrixperts.com\\\/wp-content\\\/uploads\\\/2020\\\/02\\\/image_Adult_Nutrition-1.jpg\",\"datePublished\":\"2020-04-15T05:09:28+00:00\",\"dateModified\":\"2020-04-15T18:12:55+00:00\",\"breadcrumb\":{\"@id\":\"https:\\\/\\\/nutrixperts.com\\\/es\\\/areas-de-producto\\\/nutricion-de-adultos\\\/#breadcrumb\"},\"inLanguage\":\"es\",\"potentialAction\":[{\"@type\":\"ReadAction\",\"target\":[\"https:\\\/\\\/nutrixperts.com\\\/es\\\/areas-de-producto\\\/nutricion-de-adultos\\\/\"]}]},{\"@type\":\"ImageObject\",\"inLanguage\":\"es\",\"@id\":\"https:\\\/\\\/nutrixperts.com\\\/es\\\/areas-de-producto\\\/nutricion-de-adultos\\\/#primaryimage\",\"url\":\"https:\\\/\\\/nutrixperts.com\\\/wp-content\\\/uploads\\\/2020\\\/02\\\/image_Adult_Nutrition-1.jpg\",\"contentUrl\":\"https:\\\/\\\/nutrixperts.com\\\/wp-content\\\/uploads\\\/2020\\\/02\\\/image_Adult_Nutrition-1.jpg\"},{\"@type\":\"BreadcrumbList\",\"@id\":\"https:\\\/\\\/nutrixperts.com\\\/es\\\/areas-de-producto\\\/nutricion-de-adultos\\\/#breadcrumb\",\"itemListElement\":[{\"@type\":\"ListItem\",\"position\":1,\"name\":\"Home\",\"item\":\"https:\\\/\\\/nutrixperts.com\\\/es\\\/\"},{\"@type\":\"ListItem\",\"position\":2,\"name\":\"\u00c1reas de Producto\",\"item\":\"https:\\\/\\\/nutrixperts.com\\\/es\\\/areas-de-producto\\\/\"},{\"@type\":\"ListItem\",\"position\":3,\"name\":\"Nutrici\u00f3n de Adultos\"}]},{\"@type\":\"WebSite\",\"@id\":\"https:\\\/\\\/nutrixperts.com\\\/es\\\/#website\",\"url\":\"https:\\\/\\\/nutrixperts.com\\\/es\\\/\",\"name\":\"NutriXperts\",\"description\":\"NutriXperts is  the leading consultancy company within the infant formula and nutrition industries.\",\"publisher\":{\"@id\":\"https:\\\/\\\/nutrixperts.com\\\/es\\\/#organization\"},\"potentialAction\":[{\"@type\":\"SearchAction\",\"target\":{\"@type\":\"EntryPoint\",\"urlTemplate\":\"https:\\\/\\\/nutrixperts.com\\\/es\\\/?s={search_term_string}\"},\"query-input\":{\"@type\":\"PropertyValueSpecification\",\"valueRequired\":true,\"valueName\":\"search_term_string\"}}],\"inLanguage\":\"es\"},{\"@type\":\"Organization\",\"@id\":\"https:\\\/\\\/nutrixperts.com\\\/es\\\/#organization\",\"name\":\"NutriXperts Consulting\",\"url\":\"https:\\\/\\\/nutrixperts.com\\\/es\\\/\",\"logo\":{\"@type\":\"ImageObject\",\"inLanguage\":\"es\",\"@id\":\"https:\\\/\\\/nutrixperts.com\\\/es\\\/#\\\/schema\\\/logo\\\/image\\\/\",\"url\":\"https:\\\/\\\/nutrixperts.com\\\/wp-content\\\/uploads\\\/2020\\\/02\\\/logo_text-1.png\",\"contentUrl\":\"https:\\\/\\\/nutrixperts.com\\\/wp-content\\\/uploads\\\/2020\\\/02\\\/logo_text-1.png\",\"width\":168,\"height\":168,\"caption\":\"NutriXperts Consulting\"},\"image\":{\"@id\":\"https:\\\/\\\/nutrixperts.com\\\/es\\\/#\\\/schema\\\/logo\\\/image\\\/\"}}]}<\/script>\n<!-- \/ Yoast SEO plugin. -->","yoast_head_json":{"title":"Nutrici\u00f3n de Adultos | NutriXperts","robots":{"index":"index","follow":"follow","max-snippet":"max-snippet:-1","max-image-preview":"max-image-preview:large","max-video-preview":"max-video-preview:-1"},"canonical":"https:\/\/nutrixperts.com\/es\/areas-de-producto\/nutricion-de-adultos\/","og_locale":"es_ES","og_type":"article","og_title":"Nutrici\u00f3n de Adultos | NutriXperts","og_description":"Muchos pa\u00edses se enfrentan a una creciente poblaci\u00f3n de personas mayores y grupos de consumidores con necesidades diet\u00e9ticas especiales.\u00a0 La sarcopenia es una preocupaci\u00f3n cada vez mayor, y al igual que la deficiencia de calcio, puede conducir a la osteopenia y la osteoporosis. Nutrixperts puede ayudarle a dirigirse a grupos de consumidores con necesidades diet\u00e9ticas [&hellip;]","og_url":"https:\/\/nutrixperts.com\/es\/areas-de-producto\/nutricion-de-adultos\/","og_site_name":"NutriXperts","article_modified_time":"2020-04-15T18:12:55+00:00","og_image":[{"url":"https:\/\/nutrixperts.com\/wp-content\/uploads\/2020\/02\/image_Adult_Nutrition-1.jpg","type":"","width":"","height":""}],"twitter_card":"summary_large_image","schema":{"@context":"https:\/\/schema.org","@graph":[{"@type":"WebPage","@id":"https:\/\/nutrixperts.com\/es\/areas-de-producto\/nutricion-de-adultos\/","url":"https:\/\/nutrixperts.com\/es\/areas-de-producto\/nutricion-de-adultos\/","name":"Nutrici\u00f3n de Adultos | NutriXperts","isPartOf":{"@id":"https:\/\/nutrixperts.com\/es\/#website"},"primaryImageOfPage":{"@id":"https:\/\/nutrixperts.com\/es\/areas-de-producto\/nutricion-de-adultos\/#primaryimage"},"image":{"@id":"https:\/\/nutrixperts.com\/es\/areas-de-producto\/nutricion-de-adultos\/#primaryimage"},"thumbnailUrl":"https:\/\/nutrixperts.com\/wp-content\/uploads\/2020\/02\/image_Adult_Nutrition-1.jpg","datePublished":"2020-04-15T05:09:28+00:00","dateModified":"2020-04-15T18:12:55+00:00","breadcrumb":{"@id":"https:\/\/nutrixperts.com\/es\/areas-de-producto\/nutricion-de-adultos\/#breadcrumb"},"inLanguage":"es","potentialAction":[{"@type":"ReadAction","target":["https:\/\/nutrixperts.com\/es\/areas-de-producto\/nutricion-de-adultos\/"]}]},{"@type":"ImageObject","inLanguage":"es","@id":"https:\/\/nutrixperts.com\/es\/areas-de-producto\/nutricion-de-adultos\/#primaryimage","url":"https:\/\/nutrixperts.com\/wp-content\/uploads\/2020\/02\/image_Adult_Nutrition-1.jpg","contentUrl":"https:\/\/nutrixperts.com\/wp-content\/uploads\/2020\/02\/image_Adult_Nutrition-1.jpg"},{"@type":"BreadcrumbList","@id":"https:\/\/nutrixperts.com\/es\/areas-de-producto\/nutricion-de-adultos\/#breadcrumb","itemListElement":[{"@type":"ListItem","position":1,"name":"Home","item":"https:\/\/nutrixperts.com\/es\/"},{"@type":"ListItem","position":2,"name":"\u00c1reas de Producto","item":"https:\/\/nutrixperts.com\/es\/areas-de-producto\/"},{"@type":"ListItem","position":3,"name":"Nutrici\u00f3n de Adultos"}]},{"@type":"WebSite","@id":"https:\/\/nutrixperts.com\/es\/#website","url":"https:\/\/nutrixperts.com\/es\/","name":"NutriXperts","description":"NutriXperts is  the leading consultancy company within the infant formula and nutrition industries.","publisher":{"@id":"https:\/\/nutrixperts.com\/es\/#organization"},"potentialAction":[{"@type":"SearchAction","target":{"@type":"EntryPoint","urlTemplate":"https:\/\/nutrixperts.com\/es\/?s={search_term_string}"},"query-input":{"@type":"PropertyValueSpecification","valueRequired":true,"valueName":"search_term_string"}}],"inLanguage":"es"},{"@type":"Organization","@id":"https:\/\/nutrixperts.com\/es\/#organization","name":"NutriXperts Consulting","url":"https:\/\/nutrixperts.com\/es\/","logo":{"@type":"ImageObject","inLanguage":"es","@id":"https:\/\/nutrixperts.com\/es\/#\/schema\/logo\/image\/","url":"https:\/\/nutrixperts.com\/wp-content\/uploads\/2020\/02\/logo_text-1.png","contentUrl":"https:\/\/nutrixperts.com\/wp-content\/uploads\/2020\/02\/logo_text-1.png","width":168,"height":168,"caption":"NutriXperts Consulting"},"image":{"@id":"https:\/\/nutrixperts.com\/es\/#\/schema\/logo\/image\/"}}]}},"_links":{"self":[{"href":"https:\/\/nutrixperts.com\/es\/wp-json\/wp\/v2\/pages\/1807","targetHints":{"allow":["GET"]}}],"collection":[{"href":"https:\/\/nutrixperts.com\/es\/wp-json\/wp\/v2\/pages"}],"about":[{"href":"https:\/\/nutrixperts.com\/es\/wp-json\/wp\/v2\/types\/page"}],"author":[{"embeddable":true,"href":"https:\/\/nutrixperts.com\/es\/wp-json\/wp\/v2\/users\/1"}],"replies":[{"embeddable":true,"href":"https:\/\/nutrixperts.com\/es\/wp-json\/wp\/v2\/comments?post=1807"}],"version-history":[{"count":0,"href":"https:\/\/nutrixperts.com\/es\/wp-json\/wp\/v2\/pages\/1807\/revisions"}],"up":[{"embeddable":true,"href":"https:\/\/nutrixperts.com\/es\/wp-json\/wp\/v2\/pages\/1844"}],"wp:attachment":[{"href":"https:\/\/nutrixperts.com\/es\/wp-json\/wp\/v2\/media?parent=1807"}],"curies":[{"name":"wp","href":"https:\/\/api.w.org\/{rel}","templated":true}]}}