{"id":1838,"date":"2020-02-12T03:07:38","date_gmt":"2020-02-12T03:07:38","guid":{"rendered":"http:\/\/nutrixperts.flywheelsites.com\/about-us\/eric-blanchard\/"},"modified":"2020-04-16T01:00:47","modified_gmt":"2020-04-15T18:00:47","slug":"eric-blanchard","status":"publish","type":"page","link":"https:\/\/nutrixperts.com\/es\/acerca-de-nosotros\/eric-blanchard\/","title":{"rendered":"Eric Blanchard"},"content":{"rendered":"\n<p class=\"h_block\"><strong>Eric Blanchard<\/strong> es franc\u00e9s y estudi\u00f3 en la Escuela de Ingenieros de Alimentos ENITIAA (Ecole Nationale des Techniques des Industries Agro alimentaires &#8211; Escuela Nacional de T\u00e9cnicas de Industrias Alimentarias, que ahora se llama ONIRIS). \u00c9l ha trabajado durante 22 a\u00f1os en la LAITERIE DE MONTAIGU; una empresa lechera francesa especializada en la f\u00f3rmula de leche infantil en polvo.<\/p>\n\n\n\n<div style=\"height:50px\" aria-hidden=\"true\" class=\"wp-block-spacer\"><\/div>\n\n\n\n<div class=\"wp-block-columns is-layout-flex wp-container-core-columns-is-layout-9d6595d7 wp-block-columns-is-layout-flex\">\n<div class=\"wp-block-column is-layout-flow wp-block-column-is-layout-flow\">\n<figure class=\"wp-block-image size-large img_s1\"><img loading=\"lazy\" decoding=\"async\" width=\"769\" height=\"1024\" src=\"https:\/\/nutrixperts.com\/wp-content\/uploads\/2020\/02\/unnamed-1-769x1024.jpg\" alt=\"unnamed 1\" class=\"wp-image-796\" srcset=\"https:\/\/nutrixperts.com\/wp-content\/uploads\/2020\/02\/unnamed-1-769x1024.jpg 769w, https:\/\/nutrixperts.com\/wp-content\/uploads\/2020\/02\/unnamed-1-225x300.jpg 225w, https:\/\/nutrixperts.com\/wp-content\/uploads\/2020\/02\/unnamed-1-768x1022.jpg 768w, https:\/\/nutrixperts.com\/wp-content\/uploads\/2020\/02\/unnamed-1-1154x1536.jpg 1154w, https:\/\/nutrixperts.com\/wp-content\/uploads\/2020\/02\/unnamed-1-1539x2048.jpg 1539w, https:\/\/nutrixperts.com\/wp-content\/uploads\/2020\/02\/unnamed-1-1568x2087.jpg 1568w, https:\/\/nutrixperts.com\/wp-content\/uploads\/2020\/02\/unnamed-1-scaled.jpg 1923w\" sizes=\"auto, (max-width: 769px) 100vw, 769px\" \/><\/figure>\n<\/div>\n\n\n\n<div class=\"wp-block-column is-layout-flow wp-block-column-is-layout-flow\"><\/div>\n<\/div>\n\n\n\n<div style=\"height:50px\" aria-hidden=\"true\" class=\"wp-block-spacer\"><\/div>\n\n\n\n<p class=\"h_block\">Fue Director del Departamento de I+D, Director de Calidad y Director Industrial en 2008, antes de convertirse en Gerente General de la compa\u00f1\u00eda en 2010. Sin embargo, en 2010, asumi\u00f3 la direcci\u00f3n de LISA.RD; una nueva empresa de consultor\u00eda t\u00e9cnica y de desarrollo de negocios, dedicada a las f\u00f3rmulas de leche infantil y al conocimiento de productos l\u00e1cteos nutricionales, investigaci\u00f3n y apoyo en la transferencia de modelos. Debido a su experiencia y red precisa, LISA.RD puede apoyar proyectos llave en mano, a partir de solicitudes concretas a plantas de manufactura greenfield de f\u00f3rmula infantil.<\/p>\n\n\n\n<div style=\"height:50px\" aria-hidden=\"true\" class=\"wp-block-spacer\"><\/div>\n\n\n\n<p class=\"blue_block\">A los 46, Eric Blanchard, un antiguo ingeniero t\u00e9cnico en industrias agroalimentarias, se ha convertido en un especialista en f\u00f3rmula infantil y de productos l\u00e1cteos nutricionales. A trav\u00e9s de su investigaci\u00f3n, pr\u00e1ctica industrial e influencia en las juntas de normas t\u00e9cnicas, implacablemente, \u00e9l, persigue el objetivo de preservar el bienestar infantil. \u00a0 \u00a0<br> <br>\u00a0 \u00a0<br>Con su conocimiento sobre selecci\u00f3n de ingredientes, la formulaci\u00f3n del producto, y las diferentes etapas del proceso de fabricaci\u00f3n y administraci\u00f3n de la calidad, desde hace alg\u00fan tiempo, Eric Blanchard ha estado particularmente ocupado trabajando hacia una mejor comprensi\u00f3n del proceso de secado y la influencia de diversos par\u00e1metros en la calidad y rendimiento del producto terminado. Durante m\u00e1s de 10 a\u00f1os, \u00e9l ha construido alianzas con centros de investigaci\u00f3n para desarrollar un enfoque met\u00f3dico y cient\u00edfico \u00fanico para la fabricaci\u00f3n de la f\u00f3rmula infantil.\u00a0<\/p>\n\n\n\n<div style=\"height:30px\" aria-hidden=\"true\" class=\"wp-block-spacer\"><\/div>\n\n\n\n<p>En 2006, en colaboraci\u00f3n con el INRA (Instituto Nacional Franc\u00e9s de Investigaci\u00f3n de Alimentos), el present\u00f3 patentes para ayudar a determinar los par\u00e1metros de secado de productos alimenticios (software SD\u00b2P), en particular, la f\u00f3rmula infantil, que es un modelo complejo debido a sus distintos ingredientes.\u00a0\u00a0<\/p>\n\n\n\n<div style=\"height:30px\" aria-hidden=\"true\" class=\"wp-block-spacer\"><\/div>\n\n\n\n<p>En 2007, Eric Blanchard particip\u00f3 en el dise\u00f1o y desarrollo de la primera f\u00f3rmula infantil Super Premium en China, uno de los jugadores clave de China en la f\u00f3rmula infantil en polvo.\u00a0<\/p>\n\n\n\n<div style=\"height:30px\" aria-hidden=\"true\" class=\"wp-block-spacer\"><\/div>\n\n\n\n<p>En 2010, estuvo involucrado en el proceso de estructuraci\u00f3n de la pol\u00edtica de desarrollo internacional de la unidad de negocios de la f\u00f3rmula infantil Laiterie de Montaigu, a trav\u00e9s de LISA.RD, dedicada al desarrollo de negocios internacionales e ingenier\u00eda t\u00e9cnica en el \u00e1rea de productos nutricionales e implementando m\u00e9todos dedicado desde la perspectiva internacional.\u00a0<\/p>\n\n\n\n<div style=\"height:30px\" aria-hidden=\"true\" class=\"wp-block-spacer\"><\/div>\n\n\n\n<p class=\"h_block\">En 2013, a causa de su \u00e9xito en China, Eric Blanchard fue invitado por el presidente franc\u00e9s Fran\u00e7ois Hollande para formar parte de la delegaci\u00f3n oficial francesa de 40 l\u00edderes de compa\u00f1\u00edas para la primera visita oficial del Presidente Fran\u00e7ois Hollande en China, reuni\u00e9ndose con el Presidente de la Rep\u00fablica Popular de China, Xi Jinping.<\/p>\n\n\n\n<div style=\"height:30px\" aria-hidden=\"true\" class=\"wp-block-spacer\"><\/div>\n\n\n\n<p>Eric Blanchard tambi\u00e9n est\u00e1 involucrado en el desarrollo de las industrias alimentarias regionales con un enfoque en la investigaci\u00f3n para la innovaci\u00f3n. Desde que comenz\u00f3 a participar en 2004, fue Presidente de LIGERIAA en 2015, Zona Pays-de-la-loire, la rama regional de la ANIA (Asociaci\u00f3n Nacional de Industrias Alimentarias) y es muy activo en proyectos y redes de innovaci\u00f3n alimentaria. Desde junio de 2019, tambi\u00e9n ha sido Presidente de CAP ALIMENT, el grupo regional de Pays-de-la-Loire dedicado al fortalecimiento de los v\u00ednculos entre los centros de investigaci\u00f3n de alimentos, investigadores y empresas alimentarias, trabajando muy estrechamente con los pol\u00edticos locales para el desarrollo econ\u00f3mico del territorio.\u00a0<\/p>\n\n\n\n<div style=\"height:30px\" aria-hidden=\"true\" class=\"wp-block-spacer\"><\/div>\n\n\n\n<p>En agosto de 2019, Eric Blanchard abandon\u00f3 la junta de Laiterie de Montaigu.<\/p>\n\n\n\n<div style=\"height:30px\" aria-hidden=\"true\" class=\"wp-block-spacer\"><\/div>\n\n\n\n<p>El 1 de enero de 2020, Eric Blanchard tom\u00f3 el control de LISA.RD Singapur con su socio Sven Hoegh PETERSEN, para formar NUTRIXPERTS para enfocarse en el desarrollo de negocios y consultor\u00eda en el \u00e1rea de la salud nutricional.<\/p>\n\n\n\n<p><\/p>\n","protected":false},"excerpt":{"rendered":"<p>Eric Blanchard es franc\u00e9s y estudi\u00f3 en la Escuela de Ingenieros de Alimentos ENITIAA (Ecole Nationale des Techniques des Industries Agro alimentaires &#8211; Escuela Nacional de T\u00e9cnicas de Industrias Alimentarias, que ahora se llama ONIRIS). \u00c9l ha trabajado durante 22 a\u00f1os en la LAITERIE DE MONTAIGU; una empresa lechera francesa especializada en la f\u00f3rmula de [&hellip;]<\/p>\n","protected":false},"author":1,"featured_media":0,"parent":1810,"menu_order":0,"comment_status":"closed","ping_status":"closed","template":"page-about2.php","meta":{"_acf_changed":false,"_monsterinsights_skip_tracking":false,"_monsterinsights_sitenote_active":false,"_monsterinsights_sitenote_note":"","_monsterinsights_sitenote_category":0,"footnotes":""},"class_list":["post-1838","page","type-page","status-publish","hentry","entry"],"acf":[],"yoast_head":"<!-- This site is optimized with the Yoast SEO plugin v27.4 - https:\/\/yoast.com\/product\/yoast-seo-wordpress\/ -->\n<title>Eric Blanchard | NutriXperts<\/title>\n<meta name=\"robots\" content=\"index, follow, max-snippet:-1, max-image-preview:large, max-video-preview:-1\" \/>\n<link rel=\"canonical\" href=\"https:\/\/nutrixperts.com\/es\/acerca-de-nosotros\/eric-blanchard\/\" \/>\n<meta property=\"og:locale\" content=\"es_ES\" \/>\n<meta property=\"og:type\" content=\"article\" \/>\n<meta property=\"og:title\" content=\"Eric Blanchard | NutriXperts\" \/>\n<meta property=\"og:description\" content=\"Eric Blanchard es franc\u00e9s y estudi\u00f3 en la Escuela de Ingenieros de Alimentos ENITIAA (Ecole Nationale des Techniques des Industries Agro alimentaires &#8211; Escuela Nacional de T\u00e9cnicas de Industrias Alimentarias, que ahora se llama ONIRIS). \u00c9l ha trabajado durante 22 a\u00f1os en la LAITERIE DE MONTAIGU; una empresa lechera francesa especializada en la f\u00f3rmula de [&hellip;]\" \/>\n<meta property=\"og:url\" content=\"https:\/\/nutrixperts.com\/es\/acerca-de-nosotros\/eric-blanchard\/\" \/>\n<meta property=\"og:site_name\" content=\"NutriXperts\" \/>\n<meta property=\"article:modified_time\" content=\"2020-04-15T18:00:47+00:00\" \/>\n<meta property=\"og:image\" content=\"https:\/\/nutrixperts.com\/wp-content\/uploads\/2020\/02\/unnamed-1-769x1024.jpg\" \/>\n<meta name=\"twitter:card\" content=\"summary_large_image\" \/>\n<meta name=\"twitter:label1\" content=\"Tiempo de lectura\" \/>\n\t<meta name=\"twitter:data1\" content=\"3 minutos\" \/>\n<script type=\"application\/ld+json\" class=\"yoast-schema-graph\">{\"@context\":\"https:\\\/\\\/schema.org\",\"@graph\":[{\"@type\":\"WebPage\",\"@id\":\"https:\\\/\\\/nutrixperts.com\\\/es\\\/acerca-de-nosotros\\\/eric-blanchard\\\/\",\"url\":\"https:\\\/\\\/nutrixperts.com\\\/es\\\/acerca-de-nosotros\\\/eric-blanchard\\\/\",\"name\":\"Eric Blanchard | NutriXperts\",\"isPartOf\":{\"@id\":\"https:\\\/\\\/nutrixperts.com\\\/es\\\/#website\"},\"primaryImageOfPage\":{\"@id\":\"https:\\\/\\\/nutrixperts.com\\\/es\\\/acerca-de-nosotros\\\/eric-blanchard\\\/#primaryimage\"},\"image\":{\"@id\":\"https:\\\/\\\/nutrixperts.com\\\/es\\\/acerca-de-nosotros\\\/eric-blanchard\\\/#primaryimage\"},\"thumbnailUrl\":\"https:\\\/\\\/nutrixperts.com\\\/wp-content\\\/uploads\\\/2020\\\/02\\\/unnamed-1-769x1024.jpg\",\"datePublished\":\"2020-02-12T03:07:38+00:00\",\"dateModified\":\"2020-04-15T18:00:47+00:00\",\"breadcrumb\":{\"@id\":\"https:\\\/\\\/nutrixperts.com\\\/es\\\/acerca-de-nosotros\\\/eric-blanchard\\\/#breadcrumb\"},\"inLanguage\":\"es\",\"potentialAction\":[{\"@type\":\"ReadAction\",\"target\":[\"https:\\\/\\\/nutrixperts.com\\\/es\\\/acerca-de-nosotros\\\/eric-blanchard\\\/\"]}]},{\"@type\":\"ImageObject\",\"inLanguage\":\"es\",\"@id\":\"https:\\\/\\\/nutrixperts.com\\\/es\\\/acerca-de-nosotros\\\/eric-blanchard\\\/#primaryimage\",\"url\":\"https:\\\/\\\/nutrixperts.com\\\/wp-content\\\/uploads\\\/2020\\\/02\\\/unnamed-1-769x1024.jpg\",\"contentUrl\":\"https:\\\/\\\/nutrixperts.com\\\/wp-content\\\/uploads\\\/2020\\\/02\\\/unnamed-1-769x1024.jpg\"},{\"@type\":\"BreadcrumbList\",\"@id\":\"https:\\\/\\\/nutrixperts.com\\\/es\\\/acerca-de-nosotros\\\/eric-blanchard\\\/#breadcrumb\",\"itemListElement\":[{\"@type\":\"ListItem\",\"position\":1,\"name\":\"Home\",\"item\":\"https:\\\/\\\/nutrixperts.com\\\/es\\\/\"},{\"@type\":\"ListItem\",\"position\":2,\"name\":\"Acerca de Nosotros\",\"item\":\"https:\\\/\\\/nutrixperts.com\\\/es\\\/acerca-de-nosotros\\\/\"},{\"@type\":\"ListItem\",\"position\":3,\"name\":\"Eric Blanchard\"}]},{\"@type\":\"WebSite\",\"@id\":\"https:\\\/\\\/nutrixperts.com\\\/es\\\/#website\",\"url\":\"https:\\\/\\\/nutrixperts.com\\\/es\\\/\",\"name\":\"NutriXperts\",\"description\":\"NutriXperts is  the leading consultancy company within the infant formula and nutrition industries.\",\"publisher\":{\"@id\":\"https:\\\/\\\/nutrixperts.com\\\/es\\\/#organization\"},\"potentialAction\":[{\"@type\":\"SearchAction\",\"target\":{\"@type\":\"EntryPoint\",\"urlTemplate\":\"https:\\\/\\\/nutrixperts.com\\\/es\\\/?s={search_term_string}\"},\"query-input\":{\"@type\":\"PropertyValueSpecification\",\"valueRequired\":true,\"valueName\":\"search_term_string\"}}],\"inLanguage\":\"es\"},{\"@type\":\"Organization\",\"@id\":\"https:\\\/\\\/nutrixperts.com\\\/es\\\/#organization\",\"name\":\"NutriXperts Consulting\",\"url\":\"https:\\\/\\\/nutrixperts.com\\\/es\\\/\",\"logo\":{\"@type\":\"ImageObject\",\"inLanguage\":\"es\",\"@id\":\"https:\\\/\\\/nutrixperts.com\\\/es\\\/#\\\/schema\\\/logo\\\/image\\\/\",\"url\":\"https:\\\/\\\/nutrixperts.com\\\/wp-content\\\/uploads\\\/2020\\\/02\\\/logo_text-1.png\",\"contentUrl\":\"https:\\\/\\\/nutrixperts.com\\\/wp-content\\\/uploads\\\/2020\\\/02\\\/logo_text-1.png\",\"width\":168,\"height\":168,\"caption\":\"NutriXperts Consulting\"},\"image\":{\"@id\":\"https:\\\/\\\/nutrixperts.com\\\/es\\\/#\\\/schema\\\/logo\\\/image\\\/\"}}]}<\/script>\n<!-- \/ Yoast SEO plugin. -->","yoast_head_json":{"title":"Eric Blanchard | NutriXperts","robots":{"index":"index","follow":"follow","max-snippet":"max-snippet:-1","max-image-preview":"max-image-preview:large","max-video-preview":"max-video-preview:-1"},"canonical":"https:\/\/nutrixperts.com\/es\/acerca-de-nosotros\/eric-blanchard\/","og_locale":"es_ES","og_type":"article","og_title":"Eric Blanchard | NutriXperts","og_description":"Eric Blanchard es franc\u00e9s y estudi\u00f3 en la Escuela de Ingenieros de Alimentos ENITIAA (Ecole Nationale des Techniques des Industries Agro alimentaires &#8211; Escuela Nacional de T\u00e9cnicas de Industrias Alimentarias, que ahora se llama ONIRIS). \u00c9l ha trabajado durante 22 a\u00f1os en la LAITERIE DE MONTAIGU; una empresa lechera francesa especializada en la f\u00f3rmula de [&hellip;]","og_url":"https:\/\/nutrixperts.com\/es\/acerca-de-nosotros\/eric-blanchard\/","og_site_name":"NutriXperts","article_modified_time":"2020-04-15T18:00:47+00:00","og_image":[{"url":"https:\/\/nutrixperts.com\/wp-content\/uploads\/2020\/02\/unnamed-1-769x1024.jpg","type":"","width":"","height":""}],"twitter_card":"summary_large_image","twitter_misc":{"Tiempo de lectura":"3 minutos"},"schema":{"@context":"https:\/\/schema.org","@graph":[{"@type":"WebPage","@id":"https:\/\/nutrixperts.com\/es\/acerca-de-nosotros\/eric-blanchard\/","url":"https:\/\/nutrixperts.com\/es\/acerca-de-nosotros\/eric-blanchard\/","name":"Eric Blanchard | NutriXperts","isPartOf":{"@id":"https:\/\/nutrixperts.com\/es\/#website"},"primaryImageOfPage":{"@id":"https:\/\/nutrixperts.com\/es\/acerca-de-nosotros\/eric-blanchard\/#primaryimage"},"image":{"@id":"https:\/\/nutrixperts.com\/es\/acerca-de-nosotros\/eric-blanchard\/#primaryimage"},"thumbnailUrl":"https:\/\/nutrixperts.com\/wp-content\/uploads\/2020\/02\/unnamed-1-769x1024.jpg","datePublished":"2020-02-12T03:07:38+00:00","dateModified":"2020-04-15T18:00:47+00:00","breadcrumb":{"@id":"https:\/\/nutrixperts.com\/es\/acerca-de-nosotros\/eric-blanchard\/#breadcrumb"},"inLanguage":"es","potentialAction":[{"@type":"ReadAction","target":["https:\/\/nutrixperts.com\/es\/acerca-de-nosotros\/eric-blanchard\/"]}]},{"@type":"ImageObject","inLanguage":"es","@id":"https:\/\/nutrixperts.com\/es\/acerca-de-nosotros\/eric-blanchard\/#primaryimage","url":"https:\/\/nutrixperts.com\/wp-content\/uploads\/2020\/02\/unnamed-1-769x1024.jpg","contentUrl":"https:\/\/nutrixperts.com\/wp-content\/uploads\/2020\/02\/unnamed-1-769x1024.jpg"},{"@type":"BreadcrumbList","@id":"https:\/\/nutrixperts.com\/es\/acerca-de-nosotros\/eric-blanchard\/#breadcrumb","itemListElement":[{"@type":"ListItem","position":1,"name":"Home","item":"https:\/\/nutrixperts.com\/es\/"},{"@type":"ListItem","position":2,"name":"Acerca de Nosotros","item":"https:\/\/nutrixperts.com\/es\/acerca-de-nosotros\/"},{"@type":"ListItem","position":3,"name":"Eric Blanchard"}]},{"@type":"WebSite","@id":"https:\/\/nutrixperts.com\/es\/#website","url":"https:\/\/nutrixperts.com\/es\/","name":"NutriXperts","description":"NutriXperts is  the leading consultancy company within the infant formula and nutrition industries.","publisher":{"@id":"https:\/\/nutrixperts.com\/es\/#organization"},"potentialAction":[{"@type":"SearchAction","target":{"@type":"EntryPoint","urlTemplate":"https:\/\/nutrixperts.com\/es\/?s={search_term_string}"},"query-input":{"@type":"PropertyValueSpecification","valueRequired":true,"valueName":"search_term_string"}}],"inLanguage":"es"},{"@type":"Organization","@id":"https:\/\/nutrixperts.com\/es\/#organization","name":"NutriXperts Consulting","url":"https:\/\/nutrixperts.com\/es\/","logo":{"@type":"ImageObject","inLanguage":"es","@id":"https:\/\/nutrixperts.com\/es\/#\/schema\/logo\/image\/","url":"https:\/\/nutrixperts.com\/wp-content\/uploads\/2020\/02\/logo_text-1.png","contentUrl":"https:\/\/nutrixperts.com\/wp-content\/uploads\/2020\/02\/logo_text-1.png","width":168,"height":168,"caption":"NutriXperts Consulting"},"image":{"@id":"https:\/\/nutrixperts.com\/es\/#\/schema\/logo\/image\/"}}]}},"_links":{"self":[{"href":"https:\/\/nutrixperts.com\/es\/wp-json\/wp\/v2\/pages\/1838","targetHints":{"allow":["GET"]}}],"collection":[{"href":"https:\/\/nutrixperts.com\/es\/wp-json\/wp\/v2\/pages"}],"about":[{"href":"https:\/\/nutrixperts.com\/es\/wp-json\/wp\/v2\/types\/page"}],"author":[{"embeddable":true,"href":"https:\/\/nutrixperts.com\/es\/wp-json\/wp\/v2\/users\/1"}],"replies":[{"embeddable":true,"href":"https:\/\/nutrixperts.com\/es\/wp-json\/wp\/v2\/comments?post=1838"}],"version-history":[{"count":0,"href":"https:\/\/nutrixperts.com\/es\/wp-json\/wp\/v2\/pages\/1838\/revisions"}],"up":[{"embeddable":true,"href":"https:\/\/nutrixperts.com\/es\/wp-json\/wp\/v2\/pages\/1810"}],"wp:attachment":[{"href":"https:\/\/nutrixperts.com\/es\/wp-json\/wp\/v2\/media?parent=1838"}],"curies":[{"name":"wp","href":"https:\/\/api.w.org\/{rel}","templated":true}]}}