{"id":1851,"date":"2020-02-12T03:08:05","date_gmt":"2020-02-12T03:08:05","guid":{"rendered":"http:\/\/nutrixperts.flywheelsites.com\/about-us\/sven-hoegh-petersen\/"},"modified":"2020-04-16T01:04:11","modified_gmt":"2020-04-15T18:04:11","slug":"sven-hoegh-petersen","status":"publish","type":"page","link":"https:\/\/nutrixperts.com\/es\/acerca-de-nosotros\/sven-hoegh-petersen\/","title":{"rendered":"Sven Hoegh Petersen"},"content":{"rendered":"\n<p class=\"h_block\"> <strong>Sven Hoegh Petersen es dan\u00e9s<\/strong>, graduado de la Universidad Real de Veterinaria y Agronom\u00eda de Copenhague con un Master en Ciencia y Tecnolog\u00eda L\u00e1ctea. \u00c9l ha estado trabajando en la industria l\u00e1ctea y alimenticia durante 35 a\u00f1os.\u00a0<\/p>\n\n\n\n<div style=\"height:50px\" aria-hidden=\"true\" class=\"wp-block-spacer\"><\/div>\n\n\n\n<div class=\"wp-block-columns is-layout-flex wp-container-core-columns-is-layout-9d6595d7 wp-block-columns-is-layout-flex\">\n<div class=\"wp-block-column is-layout-flow wp-block-column-is-layout-flow\">\n<figure class=\"wp-block-image size-large img_s1\"><img loading=\"lazy\" decoding=\"async\" width=\"383\" height=\"510\" src=\"https:\/\/nutrixperts.com\/wp-content\/uploads\/2020\/02\/Sven-Hoegh-Petersen.jpg\" alt=\"Sven Hoegh Petersen\" class=\"wp-image-114\" srcset=\"https:\/\/nutrixperts.com\/wp-content\/uploads\/2020\/02\/Sven-Hoegh-Petersen.jpg 383w, https:\/\/nutrixperts.com\/wp-content\/uploads\/2020\/02\/Sven-Hoegh-Petersen-225x300.jpg 225w\" sizes=\"auto, (max-width: 383px) 100vw, 383px\" \/><\/figure>\n<\/div>\n\n\n\n<div class=\"wp-block-column is-layout-flow wp-block-column-is-layout-flow\"><\/div>\n<\/div>\n\n\n\n<div style=\"height:50px\" aria-hidden=\"true\" class=\"wp-block-spacer\"><\/div>\n\n\n\n<p class=\"h_block\">\u00c9l comenz\u00f3 su carrera en DANISH TURNKEY DAIRIES y APV trabajando en el dise\u00f1o y fabricaci\u00f3n de equipos tecnol\u00f3gicos, seguido por 14 a\u00f1os en NESTL\u00c9, donde se especializ\u00f3 en el desarrollo de productos y fabricaci\u00f3n de productos para polvos de f\u00f3rmula infantil y suero desmineralizado.\u00a0<\/p>\n\n\n\n<div style=\"height:50px\" aria-hidden=\"true\" class=\"wp-block-spacer\"><\/div>\n\n\n\n<p class=\"blue_block\">Con su educaci\u00f3n en Ciencia y Tecnolog\u00eda L\u00e1ctea, Sven Hoegh Petersen tiene amplio conocimiento acerca de todos los productos a base de l\u00e1cteos y se ha especializado a lo largo de su carrera en el desarrollo, fabricaci\u00f3n y garant\u00eda de calidad, especialmente en productos nutricionales y para infantes, as\u00ed como ingredientes a base de l\u00e1cteos. Con base en su experiencia trabajando con l\u00edderes del mercado en sus campos, \u00e9l sabe lo que se necesita para ser un ganador en el mercado.<br><br><br>Sven Hoegh Petersen ha obtenido un importante conocimiento sobre la ingenier\u00eda, ingredientes, formulaci\u00f3n de productos, desarrollo de producto y domina todos los pasos del proceso de fabricaci\u00f3n. La clave del \u00e9xito en la Industria Alimenticia es generar calidad en todos los pasos de la cadena de suministro y su pasi\u00f3n es garantizar la calidad y la protecci\u00f3n del consumidor final.\u00a0<\/p>\n\n\n\n<div style=\"height:30px\" aria-hidden=\"true\" class=\"wp-block-spacer\"><\/div>\n\n\n\n<p>Durante su trabajo con NESTL\u00c9 particip\u00f3 en importantes desarrollos significativos como la introducci\u00f3n de los probi\u00f3ticos en f\u00f3rmulas infantiles, la introducci\u00f3n de f\u00f3rmulas infantiles para beb\u00e9s prematuros con LC PUFA y MCT y el desarrollo de la bebidas capuchino-espumosas y la crema esterilizada con sabor.<\/p>\n\n\n\n<div style=\"height:30px\" aria-hidden=\"true\" class=\"wp-block-spacer\"><\/div>\n\n\n\n<p>Como Gerente de I+D para ARLA FOOD INGREDIENTS fue el inventor de una patente \u00abM\u00e9todo para reducir el contenido de esporas en un Producto de Miel y Productos obtenibles mediante el m\u00e9todo (P20050803295 en 2005-11-15) permitiendo que la miel sea utilizada de manera segura para los infantes.<\/p>\n\n\n\n<div style=\"height:30px\" aria-hidden=\"true\" class=\"wp-block-spacer\"><\/div>\n\n\n\n<p>Durante su trabajo como L\u00edder de Equipo del Equipo Pedi\u00e1trico de ARLA FOOD INGREDIENTS triplic\u00f3 las ventas y los ingresos de sus ingredientes al mercado de f\u00f3rmulas infantiles principalmente al introducir ingredientes basados en la ciencia como la \u03b1-lactoalb\u00famina, osteopontina, MFGM y sus hidrolizados a una amplia gama de fabricantes de f\u00f3rmula infantil asegurando un crecimiento significativo en Asia y China. \u00c9l tambi\u00e9n estructur\u00f3 un ensayo cl\u00ednico en el Hospital de Ni\u00f1os en Shangh\u00e1i.<\/p>\n\n\n\n<div style=\"height:30px\" aria-hidden=\"true\" class=\"wp-block-spacer\"><\/div>\n\n\n\n<p class=\"h_block\">En LISA, Sven Hoegh Petersen, se ha enfocado en el crecimiento del negocio de consultor\u00eda principalmente llevando a cabo proyectos de desarrollo de negocios, productos y tecnolog\u00eda, sino tambi\u00e9n dando capacitaci\u00f3n, haciendo auditor\u00edas y otros proyectos para una amplia gama de clientes de nutrici\u00f3n.<\/p>\n\n\n\n<div style=\"height:30px\" aria-hidden=\"true\" class=\"wp-block-spacer\"><\/div>\n\n\n\n<p>Sven Hoegh Petersen es pragm\u00e1tico, directo y sencillo y le gusta trabajar con clientes orientados en los resultados que establecen altos est\u00e1ndares de calidad y demuestran un gran compromiso y participaci\u00f3n en sus proyectos. \u00c9l proporciona consultor\u00eda orientada al cliente dejando el sistema del cliente m\u00e1s fuerte que nunca.<\/p>\n","protected":false},"excerpt":{"rendered":"<p>Sven Hoegh Petersen es dan\u00e9s, graduado de la Universidad Real de Veterinaria y Agronom\u00eda de Copenhague con un Master en Ciencia y Tecnolog\u00eda L\u00e1ctea. \u00c9l ha estado trabajando en la industria l\u00e1ctea y alimenticia durante 35 a\u00f1os.\u00a0 \u00c9l comenz\u00f3 su carrera en DANISH TURNKEY DAIRIES y APV trabajando en el dise\u00f1o y fabricaci\u00f3n de equipos [&hellip;]<\/p>\n","protected":false},"author":1,"featured_media":0,"parent":1810,"menu_order":0,"comment_status":"closed","ping_status":"closed","template":"page-about2.php","meta":{"_acf_changed":false,"_monsterinsights_skip_tracking":false,"_monsterinsights_sitenote_active":false,"_monsterinsights_sitenote_note":"","_monsterinsights_sitenote_category":0,"footnotes":""},"class_list":["post-1851","page","type-page","status-publish","hentry","entry"],"acf":[],"yoast_head":"<!-- This site is optimized with the Yoast SEO plugin v27.3 - https:\/\/yoast.com\/product\/yoast-seo-wordpress\/ -->\n<title>Sven Hoegh Petersen | NutriXperts<\/title>\n<meta name=\"robots\" content=\"index, follow, max-snippet:-1, max-image-preview:large, max-video-preview:-1\" \/>\n<link rel=\"canonical\" href=\"https:\/\/nutrixperts.com\/es\/acerca-de-nosotros\/sven-hoegh-petersen\/\" \/>\n<meta property=\"og:locale\" content=\"es_ES\" \/>\n<meta property=\"og:type\" content=\"article\" \/>\n<meta property=\"og:title\" content=\"Sven Hoegh Petersen | NutriXperts\" \/>\n<meta property=\"og:description\" content=\"Sven Hoegh Petersen es dan\u00e9s, graduado de la Universidad Real de Veterinaria y Agronom\u00eda de Copenhague con un Master en Ciencia y Tecnolog\u00eda L\u00e1ctea. \u00c9l ha estado trabajando en la industria l\u00e1ctea y alimenticia durante 35 a\u00f1os.\u00a0 \u00c9l comenz\u00f3 su carrera en DANISH TURNKEY DAIRIES y APV trabajando en el dise\u00f1o y fabricaci\u00f3n de equipos [&hellip;]\" \/>\n<meta property=\"og:url\" content=\"https:\/\/nutrixperts.com\/es\/acerca-de-nosotros\/sven-hoegh-petersen\/\" \/>\n<meta property=\"og:site_name\" content=\"NutriXperts\" \/>\n<meta property=\"article:modified_time\" content=\"2020-04-15T18:04:11+00:00\" \/>\n<meta property=\"og:image\" content=\"https:\/\/nutrixperts.com\/wp-content\/uploads\/2020\/02\/Sven-Hoegh-Petersen.jpg\" \/>\n<meta name=\"twitter:card\" content=\"summary_large_image\" \/>\n<meta name=\"twitter:label1\" content=\"Tiempo de lectura\" \/>\n\t<meta name=\"twitter:data1\" content=\"3 minutos\" \/>\n<script type=\"application\/ld+json\" class=\"yoast-schema-graph\">{\"@context\":\"https:\\\/\\\/schema.org\",\"@graph\":[{\"@type\":\"WebPage\",\"@id\":\"https:\\\/\\\/nutrixperts.com\\\/es\\\/acerca-de-nosotros\\\/sven-hoegh-petersen\\\/\",\"url\":\"https:\\\/\\\/nutrixperts.com\\\/es\\\/acerca-de-nosotros\\\/sven-hoegh-petersen\\\/\",\"name\":\"Sven Hoegh Petersen | NutriXperts\",\"isPartOf\":{\"@id\":\"https:\\\/\\\/nutrixperts.com\\\/es\\\/#website\"},\"primaryImageOfPage\":{\"@id\":\"https:\\\/\\\/nutrixperts.com\\\/es\\\/acerca-de-nosotros\\\/sven-hoegh-petersen\\\/#primaryimage\"},\"image\":{\"@id\":\"https:\\\/\\\/nutrixperts.com\\\/es\\\/acerca-de-nosotros\\\/sven-hoegh-petersen\\\/#primaryimage\"},\"thumbnailUrl\":\"https:\\\/\\\/nutrixperts.com\\\/wp-content\\\/uploads\\\/2020\\\/02\\\/Sven-Hoegh-Petersen.jpg\",\"datePublished\":\"2020-02-12T03:08:05+00:00\",\"dateModified\":\"2020-04-15T18:04:11+00:00\",\"breadcrumb\":{\"@id\":\"https:\\\/\\\/nutrixperts.com\\\/es\\\/acerca-de-nosotros\\\/sven-hoegh-petersen\\\/#breadcrumb\"},\"inLanguage\":\"es\",\"potentialAction\":[{\"@type\":\"ReadAction\",\"target\":[\"https:\\\/\\\/nutrixperts.com\\\/es\\\/acerca-de-nosotros\\\/sven-hoegh-petersen\\\/\"]}]},{\"@type\":\"ImageObject\",\"inLanguage\":\"es\",\"@id\":\"https:\\\/\\\/nutrixperts.com\\\/es\\\/acerca-de-nosotros\\\/sven-hoegh-petersen\\\/#primaryimage\",\"url\":\"https:\\\/\\\/nutrixperts.com\\\/wp-content\\\/uploads\\\/2020\\\/02\\\/Sven-Hoegh-Petersen.jpg\",\"contentUrl\":\"https:\\\/\\\/nutrixperts.com\\\/wp-content\\\/uploads\\\/2020\\\/02\\\/Sven-Hoegh-Petersen.jpg\"},{\"@type\":\"BreadcrumbList\",\"@id\":\"https:\\\/\\\/nutrixperts.com\\\/es\\\/acerca-de-nosotros\\\/sven-hoegh-petersen\\\/#breadcrumb\",\"itemListElement\":[{\"@type\":\"ListItem\",\"position\":1,\"name\":\"Home\",\"item\":\"https:\\\/\\\/nutrixperts.com\\\/es\\\/\"},{\"@type\":\"ListItem\",\"position\":2,\"name\":\"Acerca de Nosotros\",\"item\":\"https:\\\/\\\/nutrixperts.com\\\/es\\\/acerca-de-nosotros\\\/\"},{\"@type\":\"ListItem\",\"position\":3,\"name\":\"Sven Hoegh Petersen\"}]},{\"@type\":\"WebSite\",\"@id\":\"https:\\\/\\\/nutrixperts.com\\\/es\\\/#website\",\"url\":\"https:\\\/\\\/nutrixperts.com\\\/es\\\/\",\"name\":\"NutriXperts\",\"description\":\"NutriXperts is  the leading consultancy company within the infant formula and nutrition industries.\",\"publisher\":{\"@id\":\"https:\\\/\\\/nutrixperts.com\\\/es\\\/#organization\"},\"potentialAction\":[{\"@type\":\"SearchAction\",\"target\":{\"@type\":\"EntryPoint\",\"urlTemplate\":\"https:\\\/\\\/nutrixperts.com\\\/es\\\/?s={search_term_string}\"},\"query-input\":{\"@type\":\"PropertyValueSpecification\",\"valueRequired\":true,\"valueName\":\"search_term_string\"}}],\"inLanguage\":\"es\"},{\"@type\":\"Organization\",\"@id\":\"https:\\\/\\\/nutrixperts.com\\\/es\\\/#organization\",\"name\":\"NutriXperts Consulting\",\"url\":\"https:\\\/\\\/nutrixperts.com\\\/es\\\/\",\"logo\":{\"@type\":\"ImageObject\",\"inLanguage\":\"es\",\"@id\":\"https:\\\/\\\/nutrixperts.com\\\/es\\\/#\\\/schema\\\/logo\\\/image\\\/\",\"url\":\"https:\\\/\\\/nutrixperts.com\\\/wp-content\\\/uploads\\\/2020\\\/02\\\/logo_text-1.png\",\"contentUrl\":\"https:\\\/\\\/nutrixperts.com\\\/wp-content\\\/uploads\\\/2020\\\/02\\\/logo_text-1.png\",\"width\":168,\"height\":168,\"caption\":\"NutriXperts Consulting\"},\"image\":{\"@id\":\"https:\\\/\\\/nutrixperts.com\\\/es\\\/#\\\/schema\\\/logo\\\/image\\\/\"}}]}<\/script>\n<!-- \/ Yoast SEO plugin. -->","yoast_head_json":{"title":"Sven Hoegh Petersen | NutriXperts","robots":{"index":"index","follow":"follow","max-snippet":"max-snippet:-1","max-image-preview":"max-image-preview:large","max-video-preview":"max-video-preview:-1"},"canonical":"https:\/\/nutrixperts.com\/es\/acerca-de-nosotros\/sven-hoegh-petersen\/","og_locale":"es_ES","og_type":"article","og_title":"Sven Hoegh Petersen | NutriXperts","og_description":"Sven Hoegh Petersen es dan\u00e9s, graduado de la Universidad Real de Veterinaria y Agronom\u00eda de Copenhague con un Master en Ciencia y Tecnolog\u00eda L\u00e1ctea. \u00c9l ha estado trabajando en la industria l\u00e1ctea y alimenticia durante 35 a\u00f1os.\u00a0 \u00c9l comenz\u00f3 su carrera en DANISH TURNKEY DAIRIES y APV trabajando en el dise\u00f1o y fabricaci\u00f3n de equipos [&hellip;]","og_url":"https:\/\/nutrixperts.com\/es\/acerca-de-nosotros\/sven-hoegh-petersen\/","og_site_name":"NutriXperts","article_modified_time":"2020-04-15T18:04:11+00:00","og_image":[{"url":"https:\/\/nutrixperts.com\/wp-content\/uploads\/2020\/02\/Sven-Hoegh-Petersen.jpg","type":"","width":"","height":""}],"twitter_card":"summary_large_image","twitter_misc":{"Tiempo de lectura":"3 minutos"},"schema":{"@context":"https:\/\/schema.org","@graph":[{"@type":"WebPage","@id":"https:\/\/nutrixperts.com\/es\/acerca-de-nosotros\/sven-hoegh-petersen\/","url":"https:\/\/nutrixperts.com\/es\/acerca-de-nosotros\/sven-hoegh-petersen\/","name":"Sven Hoegh Petersen | NutriXperts","isPartOf":{"@id":"https:\/\/nutrixperts.com\/es\/#website"},"primaryImageOfPage":{"@id":"https:\/\/nutrixperts.com\/es\/acerca-de-nosotros\/sven-hoegh-petersen\/#primaryimage"},"image":{"@id":"https:\/\/nutrixperts.com\/es\/acerca-de-nosotros\/sven-hoegh-petersen\/#primaryimage"},"thumbnailUrl":"https:\/\/nutrixperts.com\/wp-content\/uploads\/2020\/02\/Sven-Hoegh-Petersen.jpg","datePublished":"2020-02-12T03:08:05+00:00","dateModified":"2020-04-15T18:04:11+00:00","breadcrumb":{"@id":"https:\/\/nutrixperts.com\/es\/acerca-de-nosotros\/sven-hoegh-petersen\/#breadcrumb"},"inLanguage":"es","potentialAction":[{"@type":"ReadAction","target":["https:\/\/nutrixperts.com\/es\/acerca-de-nosotros\/sven-hoegh-petersen\/"]}]},{"@type":"ImageObject","inLanguage":"es","@id":"https:\/\/nutrixperts.com\/es\/acerca-de-nosotros\/sven-hoegh-petersen\/#primaryimage","url":"https:\/\/nutrixperts.com\/wp-content\/uploads\/2020\/02\/Sven-Hoegh-Petersen.jpg","contentUrl":"https:\/\/nutrixperts.com\/wp-content\/uploads\/2020\/02\/Sven-Hoegh-Petersen.jpg"},{"@type":"BreadcrumbList","@id":"https:\/\/nutrixperts.com\/es\/acerca-de-nosotros\/sven-hoegh-petersen\/#breadcrumb","itemListElement":[{"@type":"ListItem","position":1,"name":"Home","item":"https:\/\/nutrixperts.com\/es\/"},{"@type":"ListItem","position":2,"name":"Acerca de Nosotros","item":"https:\/\/nutrixperts.com\/es\/acerca-de-nosotros\/"},{"@type":"ListItem","position":3,"name":"Sven Hoegh Petersen"}]},{"@type":"WebSite","@id":"https:\/\/nutrixperts.com\/es\/#website","url":"https:\/\/nutrixperts.com\/es\/","name":"NutriXperts","description":"NutriXperts is  the leading consultancy company within the infant formula and nutrition industries.","publisher":{"@id":"https:\/\/nutrixperts.com\/es\/#organization"},"potentialAction":[{"@type":"SearchAction","target":{"@type":"EntryPoint","urlTemplate":"https:\/\/nutrixperts.com\/es\/?s={search_term_string}"},"query-input":{"@type":"PropertyValueSpecification","valueRequired":true,"valueName":"search_term_string"}}],"inLanguage":"es"},{"@type":"Organization","@id":"https:\/\/nutrixperts.com\/es\/#organization","name":"NutriXperts Consulting","url":"https:\/\/nutrixperts.com\/es\/","logo":{"@type":"ImageObject","inLanguage":"es","@id":"https:\/\/nutrixperts.com\/es\/#\/schema\/logo\/image\/","url":"https:\/\/nutrixperts.com\/wp-content\/uploads\/2020\/02\/logo_text-1.png","contentUrl":"https:\/\/nutrixperts.com\/wp-content\/uploads\/2020\/02\/logo_text-1.png","width":168,"height":168,"caption":"NutriXperts Consulting"},"image":{"@id":"https:\/\/nutrixperts.com\/es\/#\/schema\/logo\/image\/"}}]}},"_links":{"self":[{"href":"https:\/\/nutrixperts.com\/es\/wp-json\/wp\/v2\/pages\/1851","targetHints":{"allow":["GET"]}}],"collection":[{"href":"https:\/\/nutrixperts.com\/es\/wp-json\/wp\/v2\/pages"}],"about":[{"href":"https:\/\/nutrixperts.com\/es\/wp-json\/wp\/v2\/types\/page"}],"author":[{"embeddable":true,"href":"https:\/\/nutrixperts.com\/es\/wp-json\/wp\/v2\/users\/1"}],"replies":[{"embeddable":true,"href":"https:\/\/nutrixperts.com\/es\/wp-json\/wp\/v2\/comments?post=1851"}],"version-history":[{"count":0,"href":"https:\/\/nutrixperts.com\/es\/wp-json\/wp\/v2\/pages\/1851\/revisions"}],"up":[{"embeddable":true,"href":"https:\/\/nutrixperts.com\/es\/wp-json\/wp\/v2\/pages\/1810"}],"wp:attachment":[{"href":"https:\/\/nutrixperts.com\/es\/wp-json\/wp\/v2\/media?parent=1851"}],"curies":[{"name":"wp","href":"https:\/\/api.w.org\/{rel}","templated":true}]}}