{"id":1854,"date":"2020-02-12T03:08:28","date_gmt":"2020-02-12T03:08:28","guid":{"rendered":"http:\/\/nutrixperts.flywheelsites.com\/about-us\/why-work-with-us\/"},"modified":"2020-04-16T01:07:18","modified_gmt":"2020-04-15T18:07:18","slug":"por-que-trabajar-con-nosotros","status":"publish","type":"page","link":"https:\/\/nutrixperts.com\/es\/acerca-de-nosotros\/por-que-trabajar-con-nosotros\/","title":{"rendered":"Por qu\u00e9 trabajar con nosotros"},"content":{"rendered":"\n<p class=\"h_block\"><strong>Somos los consultores l\u00edderes expertos a nivel mundial dentro de la industria de la nutrici\u00f3n<\/strong>. Nosotros proporcionamos consultor\u00eda orientada al cliente dejando el sistema del cliente m\u00e1s fuerte que nunca. Tenemos pasi\u00f3n por desplegar el potencial de las organizaciones y las personas, y estamos comprometidos a aportar valor a nuestros clientes.<\/p>\n\n\n\n<div style=\"height:30px\" aria-hidden=\"true\" class=\"wp-block-spacer\"><\/div>\n\n\n\n<p>Tenemos un profundo conocimiento acerca de los requisitos de calidad, productos y tecnolog\u00edas dentro de las industrias donde operamos y siempre nos enfocamos en la calidad y la responsabilidad conjunta que todos tenemos hacia los consumidores.\u00a0 <\/p>\n\n\n\n<div style=\"height:30px\" aria-hidden=\"true\" class=\"wp-block-spacer\"><\/div>\n\n\n\n<p>Trabajando en una verdadera asociaci\u00f3n con nuestros clientes, a nivel de la vista, en un buen esp\u00edritu ha demostrado dar los mejores resultados.<\/p>\n\n\n\n<div style=\"height:30px\" aria-hidden=\"true\" class=\"wp-block-spacer\"><\/div>\n\n\n\n<p>Como la parte interesada independiente, podemos proporcionarle un par de ojos frescos observando su reto. A menudo es de valor para nuestros clientes tener una visi\u00f3n independiente de terceros ya que crea m\u00e1s credibilidad, especialmente hacia los interesados fuera de su propia organizaci\u00f3n.<\/p>\n\n\n\n<p>Es posible que puedan afrontar sus desaf\u00edo por s\u00ed mismos. Junto con nosotros, usted puede tratar con ello de una manera mejor y mucho m\u00e1s r\u00e1pido.\u00a0<\/p>\n\n\n\n<div style=\"height:30px\" aria-hidden=\"true\" class=\"wp-block-spacer\"><\/div>\n\n\n\n<p class=\"h_block\"><strong>En otras palabras, nosotros aceleramos su negocio.<\/strong><\/p>\n","protected":false},"excerpt":{"rendered":"<p>Somos los consultores l\u00edderes expertos a nivel mundial dentro de la industria de la nutrici\u00f3n. Nosotros proporcionamos consultor\u00eda orientada al cliente dejando el sistema del cliente m\u00e1s fuerte que nunca. Tenemos pasi\u00f3n por desplegar el potencial de las organizaciones y las personas, y estamos comprometidos a aportar valor a nuestros clientes. Tenemos un profundo conocimiento [&hellip;]<\/p>\n","protected":false},"author":1,"featured_media":0,"parent":1810,"menu_order":0,"comment_status":"closed","ping_status":"closed","template":"page-about2.php","meta":{"_acf_changed":false,"_monsterinsights_skip_tracking":false,"_monsterinsights_sitenote_active":false,"_monsterinsights_sitenote_note":"","_monsterinsights_sitenote_category":0,"footnotes":""},"class_list":["post-1854","page","type-page","status-publish","hentry","entry"],"acf":[],"yoast_head":"<!-- This site is optimized with the Yoast SEO plugin v27.2 - https:\/\/yoast.com\/product\/yoast-seo-wordpress\/ -->\n<title>Por qu\u00e9 trabajar con nosotros | NutriXperts<\/title>\n<meta name=\"robots\" content=\"index, follow, max-snippet:-1, max-image-preview:large, max-video-preview:-1\" \/>\n<link rel=\"canonical\" href=\"https:\/\/nutrixperts.com\/es\/acerca-de-nosotros\/por-que-trabajar-con-nosotros\/\" \/>\n<meta property=\"og:locale\" content=\"es_ES\" \/>\n<meta property=\"og:type\" content=\"article\" \/>\n<meta property=\"og:title\" content=\"Por qu\u00e9 trabajar con nosotros | NutriXperts\" \/>\n<meta property=\"og:description\" content=\"Somos los consultores l\u00edderes expertos a nivel mundial dentro de la industria de la nutrici\u00f3n. Nosotros proporcionamos consultor\u00eda orientada al cliente dejando el sistema del cliente m\u00e1s fuerte que nunca. Tenemos pasi\u00f3n por desplegar el potencial de las organizaciones y las personas, y estamos comprometidos a aportar valor a nuestros clientes. Tenemos un profundo conocimiento [&hellip;]\" \/>\n<meta property=\"og:url\" content=\"https:\/\/nutrixperts.com\/es\/acerca-de-nosotros\/por-que-trabajar-con-nosotros\/\" \/>\n<meta property=\"og:site_name\" content=\"NutriXperts\" \/>\n<meta property=\"article:modified_time\" content=\"2020-04-15T18:07:18+00:00\" \/>\n<meta name=\"twitter:card\" content=\"summary_large_image\" \/>\n<meta name=\"twitter:label1\" content=\"Tiempo de lectura\" \/>\n\t<meta name=\"twitter:data1\" content=\"1 minuto\" \/>\n<script type=\"application\/ld+json\" class=\"yoast-schema-graph\">{\"@context\":\"https:\/\/schema.org\",\"@graph\":[{\"@type\":\"WebPage\",\"@id\":\"https:\/\/nutrixperts.com\/es\/acerca-de-nosotros\/por-que-trabajar-con-nosotros\/\",\"url\":\"https:\/\/nutrixperts.com\/es\/acerca-de-nosotros\/por-que-trabajar-con-nosotros\/\",\"name\":\"Por qu\u00e9 trabajar con nosotros | NutriXperts\",\"isPartOf\":{\"@id\":\"https:\/\/nutrixperts.com\/es\/#website\"},\"datePublished\":\"2020-02-12T03:08:28+00:00\",\"dateModified\":\"2020-04-15T18:07:18+00:00\",\"breadcrumb\":{\"@id\":\"https:\/\/nutrixperts.com\/es\/acerca-de-nosotros\/por-que-trabajar-con-nosotros\/#breadcrumb\"},\"inLanguage\":\"es\",\"potentialAction\":[{\"@type\":\"ReadAction\",\"target\":[\"https:\/\/nutrixperts.com\/es\/acerca-de-nosotros\/por-que-trabajar-con-nosotros\/\"]}]},{\"@type\":\"BreadcrumbList\",\"@id\":\"https:\/\/nutrixperts.com\/es\/acerca-de-nosotros\/por-que-trabajar-con-nosotros\/#breadcrumb\",\"itemListElement\":[{\"@type\":\"ListItem\",\"position\":1,\"name\":\"Home\",\"item\":\"https:\/\/nutrixperts.com\/es\/\"},{\"@type\":\"ListItem\",\"position\":2,\"name\":\"Acerca de Nosotros\",\"item\":\"https:\/\/nutrixperts.com\/es\/acerca-de-nosotros\/\"},{\"@type\":\"ListItem\",\"position\":3,\"name\":\"Por qu\u00e9 trabajar con nosotros\"}]},{\"@type\":\"WebSite\",\"@id\":\"https:\/\/nutrixperts.com\/es\/#website\",\"url\":\"https:\/\/nutrixperts.com\/es\/\",\"name\":\"NutriXperts\",\"description\":\"NutriXperts is  the leading consultancy company within the infant formula and nutrition industries.\",\"publisher\":{\"@id\":\"https:\/\/nutrixperts.com\/es\/#organization\"},\"potentialAction\":[{\"@type\":\"SearchAction\",\"target\":{\"@type\":\"EntryPoint\",\"urlTemplate\":\"https:\/\/nutrixperts.com\/es\/?s={search_term_string}\"},\"query-input\":{\"@type\":\"PropertyValueSpecification\",\"valueRequired\":true,\"valueName\":\"search_term_string\"}}],\"inLanguage\":\"es\"},{\"@type\":\"Organization\",\"@id\":\"https:\/\/nutrixperts.com\/es\/#organization\",\"name\":\"NutriXperts Consulting\",\"url\":\"https:\/\/nutrixperts.com\/es\/\",\"logo\":{\"@type\":\"ImageObject\",\"inLanguage\":\"es\",\"@id\":\"https:\/\/nutrixperts.com\/es\/#\/schema\/logo\/image\/\",\"url\":\"https:\/\/nutrixperts.com\/wp-content\/uploads\/2020\/02\/logo_text-1.png\",\"contentUrl\":\"https:\/\/nutrixperts.com\/wp-content\/uploads\/2020\/02\/logo_text-1.png\",\"width\":168,\"height\":168,\"caption\":\"NutriXperts Consulting\"},\"image\":{\"@id\":\"https:\/\/nutrixperts.com\/es\/#\/schema\/logo\/image\/\"}}]}<\/script>\n<!-- \/ Yoast SEO plugin. -->","yoast_head_json":{"title":"Por qu\u00e9 trabajar con nosotros | NutriXperts","robots":{"index":"index","follow":"follow","max-snippet":"max-snippet:-1","max-image-preview":"max-image-preview:large","max-video-preview":"max-video-preview:-1"},"canonical":"https:\/\/nutrixperts.com\/es\/acerca-de-nosotros\/por-que-trabajar-con-nosotros\/","og_locale":"es_ES","og_type":"article","og_title":"Por qu\u00e9 trabajar con nosotros | NutriXperts","og_description":"Somos los consultores l\u00edderes expertos a nivel mundial dentro de la industria de la nutrici\u00f3n. Nosotros proporcionamos consultor\u00eda orientada al cliente dejando el sistema del cliente m\u00e1s fuerte que nunca. Tenemos pasi\u00f3n por desplegar el potencial de las organizaciones y las personas, y estamos comprometidos a aportar valor a nuestros clientes. Tenemos un profundo conocimiento [&hellip;]","og_url":"https:\/\/nutrixperts.com\/es\/acerca-de-nosotros\/por-que-trabajar-con-nosotros\/","og_site_name":"NutriXperts","article_modified_time":"2020-04-15T18:07:18+00:00","twitter_card":"summary_large_image","twitter_misc":{"Tiempo de lectura":"1 minuto"},"schema":{"@context":"https:\/\/schema.org","@graph":[{"@type":"WebPage","@id":"https:\/\/nutrixperts.com\/es\/acerca-de-nosotros\/por-que-trabajar-con-nosotros\/","url":"https:\/\/nutrixperts.com\/es\/acerca-de-nosotros\/por-que-trabajar-con-nosotros\/","name":"Por qu\u00e9 trabajar con nosotros | NutriXperts","isPartOf":{"@id":"https:\/\/nutrixperts.com\/es\/#website"},"datePublished":"2020-02-12T03:08:28+00:00","dateModified":"2020-04-15T18:07:18+00:00","breadcrumb":{"@id":"https:\/\/nutrixperts.com\/es\/acerca-de-nosotros\/por-que-trabajar-con-nosotros\/#breadcrumb"},"inLanguage":"es","potentialAction":[{"@type":"ReadAction","target":["https:\/\/nutrixperts.com\/es\/acerca-de-nosotros\/por-que-trabajar-con-nosotros\/"]}]},{"@type":"BreadcrumbList","@id":"https:\/\/nutrixperts.com\/es\/acerca-de-nosotros\/por-que-trabajar-con-nosotros\/#breadcrumb","itemListElement":[{"@type":"ListItem","position":1,"name":"Home","item":"https:\/\/nutrixperts.com\/es\/"},{"@type":"ListItem","position":2,"name":"Acerca de Nosotros","item":"https:\/\/nutrixperts.com\/es\/acerca-de-nosotros\/"},{"@type":"ListItem","position":3,"name":"Por qu\u00e9 trabajar con nosotros"}]},{"@type":"WebSite","@id":"https:\/\/nutrixperts.com\/es\/#website","url":"https:\/\/nutrixperts.com\/es\/","name":"NutriXperts","description":"NutriXperts is  the leading consultancy company within the infant formula and nutrition industries.","publisher":{"@id":"https:\/\/nutrixperts.com\/es\/#organization"},"potentialAction":[{"@type":"SearchAction","target":{"@type":"EntryPoint","urlTemplate":"https:\/\/nutrixperts.com\/es\/?s={search_term_string}"},"query-input":{"@type":"PropertyValueSpecification","valueRequired":true,"valueName":"search_term_string"}}],"inLanguage":"es"},{"@type":"Organization","@id":"https:\/\/nutrixperts.com\/es\/#organization","name":"NutriXperts Consulting","url":"https:\/\/nutrixperts.com\/es\/","logo":{"@type":"ImageObject","inLanguage":"es","@id":"https:\/\/nutrixperts.com\/es\/#\/schema\/logo\/image\/","url":"https:\/\/nutrixperts.com\/wp-content\/uploads\/2020\/02\/logo_text-1.png","contentUrl":"https:\/\/nutrixperts.com\/wp-content\/uploads\/2020\/02\/logo_text-1.png","width":168,"height":168,"caption":"NutriXperts Consulting"},"image":{"@id":"https:\/\/nutrixperts.com\/es\/#\/schema\/logo\/image\/"}}]}},"_links":{"self":[{"href":"https:\/\/nutrixperts.com\/es\/wp-json\/wp\/v2\/pages\/1854","targetHints":{"allow":["GET"]}}],"collection":[{"href":"https:\/\/nutrixperts.com\/es\/wp-json\/wp\/v2\/pages"}],"about":[{"href":"https:\/\/nutrixperts.com\/es\/wp-json\/wp\/v2\/types\/page"}],"author":[{"embeddable":true,"href":"https:\/\/nutrixperts.com\/es\/wp-json\/wp\/v2\/users\/1"}],"replies":[{"embeddable":true,"href":"https:\/\/nutrixperts.com\/es\/wp-json\/wp\/v2\/comments?post=1854"}],"version-history":[{"count":0,"href":"https:\/\/nutrixperts.com\/es\/wp-json\/wp\/v2\/pages\/1854\/revisions"}],"up":[{"embeddable":true,"href":"https:\/\/nutrixperts.com\/es\/wp-json\/wp\/v2\/pages\/1810"}],"wp:attachment":[{"href":"https:\/\/nutrixperts.com\/es\/wp-json\/wp\/v2\/media?parent=1854"}],"curies":[{"name":"wp","href":"https:\/\/api.w.org\/{rel}","templated":true}]}}