{"id":1857,"date":"2020-02-12T07:58:31","date_gmt":"2020-02-12T07:58:31","guid":{"rendered":"http:\/\/nutrixperts.flywheelsites.com\/product-areas\/infant-formula-industry\/"},"modified":"2020-04-16T01:14:46","modified_gmt":"2020-04-15T18:14:46","slug":"infant-formula-industry","status":"publish","type":"page","link":"https:\/\/nutrixperts.com\/es\/areas-de-producto\/infant-formula-industry\/","title":{"rendered":"Industria de F\u00f3rmula Infantil"},"content":{"rendered":"\n<h3 class=\"has-text-align-center wp-block-heading\"><strong>En Nutrixperts, nuestras ra\u00edces est\u00e1n firmemente en la industria de la f\u00f3rmula infantil.\u00a0<\/strong><\/h3>\n\n\n\n<p class=\"has-text-align-center\">Producci\u00f3n de productos para este grupo de consumidores sensibles requiere el m\u00e1s alto nivel de seguridad alimentaria y de conciencia, as\u00ed como el conocimiento de los requisitos legales. Tenemos experiencia en productos l\u00edquidos y en polvo y varias especialidades como HA, AR, AD, LF, as\u00ed como f\u00f3rmula para beb\u00e9s prematuros. Tambi\u00e9n hemos desarrollado productos de f\u00f3rmula infantil org\u00e1nicos, de leche de cabra o vegetales.<\/p>\n\n\n\n<div style=\"height:80px\" aria-hidden=\"true\" class=\"wp-block-spacer\"><\/div>\n\n\n\n<figure class=\"wp-block-image size-large img_s1 max-width-910\"><img loading=\"lazy\" decoding=\"async\" width=\"889\" height=\"481\" src=\"https:\/\/nutrixperts.com\/wp-content\/uploads\/2020\/02\/Infant_Formula_Industry.jpg\" alt=\"\" class=\"wp-image-200\" srcset=\"https:\/\/nutrixperts.com\/wp-content\/uploads\/2020\/02\/Infant_Formula_Industry.jpg 889w, https:\/\/nutrixperts.com\/wp-content\/uploads\/2020\/02\/Infant_Formula_Industry-300x162.jpg 300w, https:\/\/nutrixperts.com\/wp-content\/uploads\/2020\/02\/Infant_Formula_Industry-768x416.jpg 768w\" sizes=\"auto, (max-width: 889px) 100vw, 889px\" \/><\/figure>\n","protected":false},"excerpt":{"rendered":"<p>En Nutrixperts, nuestras ra\u00edces est\u00e1n firmemente en la industria de la f\u00f3rmula infantil.\u00a0 Producci\u00f3n de productos para este grupo de consumidores sensibles requiere el m\u00e1s alto nivel de seguridad alimentaria y de conciencia, as\u00ed como el conocimiento de los requisitos legales. Tenemos experiencia en productos l\u00edquidos y en polvo y varias especialidades como HA, AR, [&hellip;]<\/p>\n","protected":false},"author":1,"featured_media":0,"parent":1844,"menu_order":0,"comment_status":"closed","ping_status":"closed","template":"page-product.php","meta":{"_acf_changed":false,"_monsterinsights_skip_tracking":false,"_monsterinsights_sitenote_active":false,"_monsterinsights_sitenote_note":"","_monsterinsights_sitenote_category":0,"footnotes":""},"class_list":["post-1857","page","type-page","status-publish","hentry","entry"],"acf":[],"yoast_head":"<!-- This site is optimized with the Yoast SEO plugin v27.3 - https:\/\/yoast.com\/product\/yoast-seo-wordpress\/ -->\n<title>Industria de F\u00f3rmula Infantil | NutriXperts<\/title>\n<meta name=\"robots\" content=\"index, follow, max-snippet:-1, max-image-preview:large, max-video-preview:-1\" \/>\n<link rel=\"canonical\" href=\"https:\/\/nutrixperts.com\/es\/areas-de-producto\/infant-formula-industry\/\" \/>\n<meta property=\"og:locale\" content=\"es_ES\" \/>\n<meta property=\"og:type\" content=\"article\" \/>\n<meta property=\"og:title\" content=\"Industria de F\u00f3rmula Infantil | NutriXperts\" \/>\n<meta property=\"og:description\" content=\"En Nutrixperts, nuestras ra\u00edces est\u00e1n firmemente en la industria de la f\u00f3rmula infantil.\u00a0 Producci\u00f3n de productos para este grupo de consumidores sensibles requiere el m\u00e1s alto nivel de seguridad alimentaria y de conciencia, as\u00ed como el conocimiento de los requisitos legales. Tenemos experiencia en productos l\u00edquidos y en polvo y varias especialidades como HA, AR, [&hellip;]\" \/>\n<meta property=\"og:url\" content=\"https:\/\/nutrixperts.com\/es\/areas-de-producto\/infant-formula-industry\/\" \/>\n<meta property=\"og:site_name\" content=\"NutriXperts\" \/>\n<meta property=\"article:modified_time\" content=\"2020-04-15T18:14:46+00:00\" \/>\n<meta property=\"og:image\" content=\"https:\/\/nutrixperts.com\/wp-content\/uploads\/2020\/02\/Infant_Formula_Industry.jpg\" \/>\n<meta name=\"twitter:card\" content=\"summary_large_image\" \/>\n<script type=\"application\/ld+json\" class=\"yoast-schema-graph\">{\"@context\":\"https:\\\/\\\/schema.org\",\"@graph\":[{\"@type\":\"WebPage\",\"@id\":\"https:\\\/\\\/nutrixperts.com\\\/es\\\/areas-de-producto\\\/infant-formula-industry\\\/\",\"url\":\"https:\\\/\\\/nutrixperts.com\\\/es\\\/areas-de-producto\\\/infant-formula-industry\\\/\",\"name\":\"Industria de F\u00f3rmula Infantil | NutriXperts\",\"isPartOf\":{\"@id\":\"https:\\\/\\\/nutrixperts.com\\\/es\\\/#website\"},\"primaryImageOfPage\":{\"@id\":\"https:\\\/\\\/nutrixperts.com\\\/es\\\/areas-de-producto\\\/infant-formula-industry\\\/#primaryimage\"},\"image\":{\"@id\":\"https:\\\/\\\/nutrixperts.com\\\/es\\\/areas-de-producto\\\/infant-formula-industry\\\/#primaryimage\"},\"thumbnailUrl\":\"https:\\\/\\\/nutrixperts.com\\\/wp-content\\\/uploads\\\/2020\\\/02\\\/Infant_Formula_Industry.jpg\",\"datePublished\":\"2020-02-12T07:58:31+00:00\",\"dateModified\":\"2020-04-15T18:14:46+00:00\",\"breadcrumb\":{\"@id\":\"https:\\\/\\\/nutrixperts.com\\\/es\\\/areas-de-producto\\\/infant-formula-industry\\\/#breadcrumb\"},\"inLanguage\":\"es\",\"potentialAction\":[{\"@type\":\"ReadAction\",\"target\":[\"https:\\\/\\\/nutrixperts.com\\\/es\\\/areas-de-producto\\\/infant-formula-industry\\\/\"]}]},{\"@type\":\"ImageObject\",\"inLanguage\":\"es\",\"@id\":\"https:\\\/\\\/nutrixperts.com\\\/es\\\/areas-de-producto\\\/infant-formula-industry\\\/#primaryimage\",\"url\":\"https:\\\/\\\/nutrixperts.com\\\/wp-content\\\/uploads\\\/2020\\\/02\\\/Infant_Formula_Industry.jpg\",\"contentUrl\":\"https:\\\/\\\/nutrixperts.com\\\/wp-content\\\/uploads\\\/2020\\\/02\\\/Infant_Formula_Industry.jpg\"},{\"@type\":\"BreadcrumbList\",\"@id\":\"https:\\\/\\\/nutrixperts.com\\\/es\\\/areas-de-producto\\\/infant-formula-industry\\\/#breadcrumb\",\"itemListElement\":[{\"@type\":\"ListItem\",\"position\":1,\"name\":\"Home\",\"item\":\"https:\\\/\\\/nutrixperts.com\\\/es\\\/\"},{\"@type\":\"ListItem\",\"position\":2,\"name\":\"\u00c1reas de Producto\",\"item\":\"https:\\\/\\\/nutrixperts.com\\\/es\\\/areas-de-producto\\\/\"},{\"@type\":\"ListItem\",\"position\":3,\"name\":\"Industria de F\u00f3rmula Infantil\"}]},{\"@type\":\"WebSite\",\"@id\":\"https:\\\/\\\/nutrixperts.com\\\/es\\\/#website\",\"url\":\"https:\\\/\\\/nutrixperts.com\\\/es\\\/\",\"name\":\"NutriXperts\",\"description\":\"NutriXperts is  the leading consultancy company within the infant formula and nutrition industries.\",\"publisher\":{\"@id\":\"https:\\\/\\\/nutrixperts.com\\\/es\\\/#organization\"},\"potentialAction\":[{\"@type\":\"SearchAction\",\"target\":{\"@type\":\"EntryPoint\",\"urlTemplate\":\"https:\\\/\\\/nutrixperts.com\\\/es\\\/?s={search_term_string}\"},\"query-input\":{\"@type\":\"PropertyValueSpecification\",\"valueRequired\":true,\"valueName\":\"search_term_string\"}}],\"inLanguage\":\"es\"},{\"@type\":\"Organization\",\"@id\":\"https:\\\/\\\/nutrixperts.com\\\/es\\\/#organization\",\"name\":\"NutriXperts Consulting\",\"url\":\"https:\\\/\\\/nutrixperts.com\\\/es\\\/\",\"logo\":{\"@type\":\"ImageObject\",\"inLanguage\":\"es\",\"@id\":\"https:\\\/\\\/nutrixperts.com\\\/es\\\/#\\\/schema\\\/logo\\\/image\\\/\",\"url\":\"https:\\\/\\\/nutrixperts.com\\\/wp-content\\\/uploads\\\/2020\\\/02\\\/logo_text-1.png\",\"contentUrl\":\"https:\\\/\\\/nutrixperts.com\\\/wp-content\\\/uploads\\\/2020\\\/02\\\/logo_text-1.png\",\"width\":168,\"height\":168,\"caption\":\"NutriXperts Consulting\"},\"image\":{\"@id\":\"https:\\\/\\\/nutrixperts.com\\\/es\\\/#\\\/schema\\\/logo\\\/image\\\/\"}}]}<\/script>\n<!-- \/ Yoast SEO plugin. -->","yoast_head_json":{"title":"Industria de F\u00f3rmula Infantil | NutriXperts","robots":{"index":"index","follow":"follow","max-snippet":"max-snippet:-1","max-image-preview":"max-image-preview:large","max-video-preview":"max-video-preview:-1"},"canonical":"https:\/\/nutrixperts.com\/es\/areas-de-producto\/infant-formula-industry\/","og_locale":"es_ES","og_type":"article","og_title":"Industria de F\u00f3rmula Infantil | NutriXperts","og_description":"En Nutrixperts, nuestras ra\u00edces est\u00e1n firmemente en la industria de la f\u00f3rmula infantil.\u00a0 Producci\u00f3n de productos para este grupo de consumidores sensibles requiere el m\u00e1s alto nivel de seguridad alimentaria y de conciencia, as\u00ed como el conocimiento de los requisitos legales. Tenemos experiencia en productos l\u00edquidos y en polvo y varias especialidades como HA, AR, [&hellip;]","og_url":"https:\/\/nutrixperts.com\/es\/areas-de-producto\/infant-formula-industry\/","og_site_name":"NutriXperts","article_modified_time":"2020-04-15T18:14:46+00:00","og_image":[{"url":"https:\/\/nutrixperts.com\/wp-content\/uploads\/2020\/02\/Infant_Formula_Industry.jpg","type":"","width":"","height":""}],"twitter_card":"summary_large_image","schema":{"@context":"https:\/\/schema.org","@graph":[{"@type":"WebPage","@id":"https:\/\/nutrixperts.com\/es\/areas-de-producto\/infant-formula-industry\/","url":"https:\/\/nutrixperts.com\/es\/areas-de-producto\/infant-formula-industry\/","name":"Industria de F\u00f3rmula Infantil | NutriXperts","isPartOf":{"@id":"https:\/\/nutrixperts.com\/es\/#website"},"primaryImageOfPage":{"@id":"https:\/\/nutrixperts.com\/es\/areas-de-producto\/infant-formula-industry\/#primaryimage"},"image":{"@id":"https:\/\/nutrixperts.com\/es\/areas-de-producto\/infant-formula-industry\/#primaryimage"},"thumbnailUrl":"https:\/\/nutrixperts.com\/wp-content\/uploads\/2020\/02\/Infant_Formula_Industry.jpg","datePublished":"2020-02-12T07:58:31+00:00","dateModified":"2020-04-15T18:14:46+00:00","breadcrumb":{"@id":"https:\/\/nutrixperts.com\/es\/areas-de-producto\/infant-formula-industry\/#breadcrumb"},"inLanguage":"es","potentialAction":[{"@type":"ReadAction","target":["https:\/\/nutrixperts.com\/es\/areas-de-producto\/infant-formula-industry\/"]}]},{"@type":"ImageObject","inLanguage":"es","@id":"https:\/\/nutrixperts.com\/es\/areas-de-producto\/infant-formula-industry\/#primaryimage","url":"https:\/\/nutrixperts.com\/wp-content\/uploads\/2020\/02\/Infant_Formula_Industry.jpg","contentUrl":"https:\/\/nutrixperts.com\/wp-content\/uploads\/2020\/02\/Infant_Formula_Industry.jpg"},{"@type":"BreadcrumbList","@id":"https:\/\/nutrixperts.com\/es\/areas-de-producto\/infant-formula-industry\/#breadcrumb","itemListElement":[{"@type":"ListItem","position":1,"name":"Home","item":"https:\/\/nutrixperts.com\/es\/"},{"@type":"ListItem","position":2,"name":"\u00c1reas de Producto","item":"https:\/\/nutrixperts.com\/es\/areas-de-producto\/"},{"@type":"ListItem","position":3,"name":"Industria de F\u00f3rmula Infantil"}]},{"@type":"WebSite","@id":"https:\/\/nutrixperts.com\/es\/#website","url":"https:\/\/nutrixperts.com\/es\/","name":"NutriXperts","description":"NutriXperts is  the leading consultancy company within the infant formula and nutrition industries.","publisher":{"@id":"https:\/\/nutrixperts.com\/es\/#organization"},"potentialAction":[{"@type":"SearchAction","target":{"@type":"EntryPoint","urlTemplate":"https:\/\/nutrixperts.com\/es\/?s={search_term_string}"},"query-input":{"@type":"PropertyValueSpecification","valueRequired":true,"valueName":"search_term_string"}}],"inLanguage":"es"},{"@type":"Organization","@id":"https:\/\/nutrixperts.com\/es\/#organization","name":"NutriXperts Consulting","url":"https:\/\/nutrixperts.com\/es\/","logo":{"@type":"ImageObject","inLanguage":"es","@id":"https:\/\/nutrixperts.com\/es\/#\/schema\/logo\/image\/","url":"https:\/\/nutrixperts.com\/wp-content\/uploads\/2020\/02\/logo_text-1.png","contentUrl":"https:\/\/nutrixperts.com\/wp-content\/uploads\/2020\/02\/logo_text-1.png","width":168,"height":168,"caption":"NutriXperts Consulting"},"image":{"@id":"https:\/\/nutrixperts.com\/es\/#\/schema\/logo\/image\/"}}]}},"_links":{"self":[{"href":"https:\/\/nutrixperts.com\/es\/wp-json\/wp\/v2\/pages\/1857","targetHints":{"allow":["GET"]}}],"collection":[{"href":"https:\/\/nutrixperts.com\/es\/wp-json\/wp\/v2\/pages"}],"about":[{"href":"https:\/\/nutrixperts.com\/es\/wp-json\/wp\/v2\/types\/page"}],"author":[{"embeddable":true,"href":"https:\/\/nutrixperts.com\/es\/wp-json\/wp\/v2\/users\/1"}],"replies":[{"embeddable":true,"href":"https:\/\/nutrixperts.com\/es\/wp-json\/wp\/v2\/comments?post=1857"}],"version-history":[{"count":0,"href":"https:\/\/nutrixperts.com\/es\/wp-json\/wp\/v2\/pages\/1857\/revisions"}],"up":[{"embeddable":true,"href":"https:\/\/nutrixperts.com\/es\/wp-json\/wp\/v2\/pages\/1844"}],"wp:attachment":[{"href":"https:\/\/nutrixperts.com\/es\/wp-json\/wp\/v2\/media?parent=1857"}],"curies":[{"name":"wp","href":"https:\/\/api.w.org\/{rel}","templated":true}]}}