{"id":1872,"date":"2020-02-05T04:38:05","date_gmt":"2020-02-05T04:38:05","guid":{"rendered":"http:\/\/nutrixperts.flywheelsites.com\/service\/connecting-players\/"},"modified":"2020-04-16T01:21:57","modified_gmt":"2020-04-15T18:21:57","slug":"connecting-players","status":"publish","type":"page","link":"https:\/\/nutrixperts.com\/es\/servicio\/connecting-players\/","title":{"rendered":"Connecting Players"},"content":{"rendered":"\n<figure class=\"wp-block-image size-large h_block\"><img loading=\"lazy\" decoding=\"async\" width=\"206\" height=\"51\" src=\"https:\/\/nutrixperts.com\/wp-content\/uploads\/2020\/02\/logo.png\" alt=\"\" class=\"wp-image-67\"> conectar a los jugadores que no est\u00e1n acostumbrados a discutir juntos<\/figure>\n\n\n\n<figure class=\"wp-block-image size-large is-style-zoooom\"><img loading=\"lazy\" decoding=\"async\" width=\"919\" height=\"901\" src=\"https:\/\/nutrixperts.com\/wp-content\/uploads\/2020\/02\/Connecting_Players_image_1.jpg\" alt=\"Connecting Players \" class=\"wp-image-747\" srcset=\"https:\/\/nutrixperts.com\/wp-content\/uploads\/2020\/02\/Connecting_Players_image_1.jpg 919w, https:\/\/nutrixperts.com\/wp-content\/uploads\/2020\/02\/Connecting_Players_image_1-300x294.jpg 300w, https:\/\/nutrixperts.com\/wp-content\/uploads\/2020\/02\/Connecting_Players_image_1-768x753.jpg 768w\" sizes=\"auto, (max-width: 919px) 100vw, 919px\" \/><\/figure>\n\n\n\n<div style=\"height:40px\" aria-hidden=\"true\" class=\"wp-block-spacer\"><\/div>\n\n\n\n<h3 class=\"wp-block-heading\"><strong>Nosotros le podemos ayudar:\u00a0<\/strong><\/h3>\n\n\n\n<ul class=\"list_s_1 wp-block-list\"><li>\u00bfEs usted un fabricante industrial de productos o ingredientes nutricionales que desea intensificar la cadena de valor o simplemente vender m\u00e1s?<\/li><li>\u00bfRepresenta usted un sitio de fabricaci\u00f3n que desea mejorar su capacidad?<\/li><li>\u00bfEst\u00e1 buscando algo especial dentro de la industria de la alimentaci\u00f3n?<\/li><li><strong>No busque m\u00e1s, estamos aqu\u00ed para ayudarle.<\/strong><\/li><\/ul>\n\n\n\n<p>Con nuestro conocimiento de la industria y sus jugadores, podemos encontrar un socio adecuado para su proyecto, ahorr\u00e1ndole tiempo y costos. Tambi\u00e9n podemos gestionar y ejecutar los aspectos t\u00e9cnicos de un proyecto nutricional, negociando con nuevos proveedores como su representante.<\/p>\n","protected":false},"excerpt":{"rendered":"<p>conectar a los jugadores que no est\u00e1n acostumbrados a discutir juntos Nosotros le podemos ayudar:\u00a0 \u00bfEs usted un fabricante industrial de productos o ingredientes nutricionales que desea intensificar la cadena de valor o simplemente vender m\u00e1s? \u00bfRepresenta usted un sitio de fabricaci\u00f3n que desea mejorar su capacidad? \u00bfEst\u00e1 buscando algo especial dentro de la industria [&hellip;]<\/p>\n","protected":false},"author":1,"featured_media":975,"parent":1869,"menu_order":0,"comment_status":"closed","ping_status":"closed","template":"page-service.php","meta":{"_acf_changed":false,"_monsterinsights_skip_tracking":false,"_monsterinsights_sitenote_active":false,"_monsterinsights_sitenote_note":"","_monsterinsights_sitenote_category":0,"footnotes":""},"class_list":["post-1872","page","type-page","status-publish","has-post-thumbnail","hentry","entry"],"acf":[],"yoast_head":"<!-- This site is optimized with the Yoast SEO plugin v27.5 - https:\/\/yoast.com\/product\/yoast-seo-wordpress\/ -->\n<title>Connecting Players | NutriXperts<\/title>\n<meta name=\"robots\" content=\"index, follow, max-snippet:-1, max-image-preview:large, max-video-preview:-1\" \/>\n<link rel=\"canonical\" href=\"https:\/\/nutrixperts.com\/es\/servicio\/connecting-players\/\" \/>\n<meta property=\"og:locale\" content=\"es_ES\" \/>\n<meta property=\"og:type\" content=\"article\" \/>\n<meta property=\"og:title\" content=\"Connecting Players | NutriXperts\" \/>\n<meta property=\"og:description\" content=\"conectar a los jugadores que no est\u00e1n acostumbrados a discutir juntos Nosotros le podemos ayudar:\u00a0 \u00bfEs usted un fabricante industrial de productos o ingredientes nutricionales que desea intensificar la cadena de valor o simplemente vender m\u00e1s? \u00bfRepresenta usted un sitio de fabricaci\u00f3n que desea mejorar su capacidad? \u00bfEst\u00e1 buscando algo especial dentro de la industria [&hellip;]\" \/>\n<meta property=\"og:url\" content=\"https:\/\/nutrixperts.com\/es\/servicio\/connecting-players\/\" \/>\n<meta property=\"og:site_name\" content=\"NutriXperts\" \/>\n<meta property=\"article:modified_time\" content=\"2020-04-15T18:21:57+00:00\" \/>\n<meta property=\"og:image\" content=\"https:\/\/nutrixperts.com\/wp-content\/uploads\/2020\/02\/our_service2.jpg\" \/>\n\t<meta property=\"og:image:width\" content=\"600\" \/>\n\t<meta property=\"og:image:height\" content=\"435\" \/>\n\t<meta property=\"og:image:type\" content=\"image\/jpeg\" \/>\n<meta name=\"twitter:card\" content=\"summary_large_image\" \/>\n<meta name=\"twitter:label1\" content=\"Tiempo de lectura\" \/>\n\t<meta name=\"twitter:data1\" content=\"1 minuto\" \/>\n<script type=\"application\/ld+json\" class=\"yoast-schema-graph\">{\"@context\":\"https:\\\/\\\/schema.org\",\"@graph\":[{\"@type\":\"WebPage\",\"@id\":\"https:\\\/\\\/nutrixperts.com\\\/es\\\/servicio\\\/connecting-players\\\/\",\"url\":\"https:\\\/\\\/nutrixperts.com\\\/es\\\/servicio\\\/connecting-players\\\/\",\"name\":\"Connecting Players | NutriXperts\",\"isPartOf\":{\"@id\":\"https:\\\/\\\/nutrixperts.com\\\/es\\\/#website\"},\"primaryImageOfPage\":{\"@id\":\"https:\\\/\\\/nutrixperts.com\\\/es\\\/servicio\\\/connecting-players\\\/#primaryimage\"},\"image\":{\"@id\":\"https:\\\/\\\/nutrixperts.com\\\/es\\\/servicio\\\/connecting-players\\\/#primaryimage\"},\"thumbnailUrl\":\"https:\\\/\\\/nutrixperts.com\\\/wp-content\\\/uploads\\\/2020\\\/02\\\/our_service2.jpg\",\"datePublished\":\"2020-02-05T04:38:05+00:00\",\"dateModified\":\"2020-04-15T18:21:57+00:00\",\"breadcrumb\":{\"@id\":\"https:\\\/\\\/nutrixperts.com\\\/es\\\/servicio\\\/connecting-players\\\/#breadcrumb\"},\"inLanguage\":\"es\",\"potentialAction\":[{\"@type\":\"ReadAction\",\"target\":[\"https:\\\/\\\/nutrixperts.com\\\/es\\\/servicio\\\/connecting-players\\\/\"]}]},{\"@type\":\"ImageObject\",\"inLanguage\":\"es\",\"@id\":\"https:\\\/\\\/nutrixperts.com\\\/es\\\/servicio\\\/connecting-players\\\/#primaryimage\",\"url\":\"https:\\\/\\\/nutrixperts.com\\\/wp-content\\\/uploads\\\/2020\\\/02\\\/our_service2.jpg\",\"contentUrl\":\"https:\\\/\\\/nutrixperts.com\\\/wp-content\\\/uploads\\\/2020\\\/02\\\/our_service2.jpg\",\"width\":600,\"height\":435,\"caption\":\"our service2\"},{\"@type\":\"BreadcrumbList\",\"@id\":\"https:\\\/\\\/nutrixperts.com\\\/es\\\/servicio\\\/connecting-players\\\/#breadcrumb\",\"itemListElement\":[{\"@type\":\"ListItem\",\"position\":1,\"name\":\"Home\",\"item\":\"https:\\\/\\\/nutrixperts.com\\\/es\\\/\"},{\"@type\":\"ListItem\",\"position\":2,\"name\":\"SERVICIO\",\"item\":\"https:\\\/\\\/nutrixperts.com\\\/es\\\/servicio\\\/\"},{\"@type\":\"ListItem\",\"position\":3,\"name\":\"Connecting Players\"}]},{\"@type\":\"WebSite\",\"@id\":\"https:\\\/\\\/nutrixperts.com\\\/es\\\/#website\",\"url\":\"https:\\\/\\\/nutrixperts.com\\\/es\\\/\",\"name\":\"NutriXperts\",\"description\":\"NutriXperts is  the leading consultancy company within the infant formula and nutrition industries.\",\"publisher\":{\"@id\":\"https:\\\/\\\/nutrixperts.com\\\/es\\\/#organization\"},\"potentialAction\":[{\"@type\":\"SearchAction\",\"target\":{\"@type\":\"EntryPoint\",\"urlTemplate\":\"https:\\\/\\\/nutrixperts.com\\\/es\\\/?s={search_term_string}\"},\"query-input\":{\"@type\":\"PropertyValueSpecification\",\"valueRequired\":true,\"valueName\":\"search_term_string\"}}],\"inLanguage\":\"es\"},{\"@type\":\"Organization\",\"@id\":\"https:\\\/\\\/nutrixperts.com\\\/es\\\/#organization\",\"name\":\"NutriXperts Consulting\",\"url\":\"https:\\\/\\\/nutrixperts.com\\\/es\\\/\",\"logo\":{\"@type\":\"ImageObject\",\"inLanguage\":\"es\",\"@id\":\"https:\\\/\\\/nutrixperts.com\\\/es\\\/#\\\/schema\\\/logo\\\/image\\\/\",\"url\":\"https:\\\/\\\/nutrixperts.com\\\/wp-content\\\/uploads\\\/2020\\\/02\\\/logo_text-1.png\",\"contentUrl\":\"https:\\\/\\\/nutrixperts.com\\\/wp-content\\\/uploads\\\/2020\\\/02\\\/logo_text-1.png\",\"width\":168,\"height\":168,\"caption\":\"NutriXperts Consulting\"},\"image\":{\"@id\":\"https:\\\/\\\/nutrixperts.com\\\/es\\\/#\\\/schema\\\/logo\\\/image\\\/\"}}]}<\/script>\n<!-- \/ Yoast SEO plugin. -->","yoast_head_json":{"title":"Connecting Players | NutriXperts","robots":{"index":"index","follow":"follow","max-snippet":"max-snippet:-1","max-image-preview":"max-image-preview:large","max-video-preview":"max-video-preview:-1"},"canonical":"https:\/\/nutrixperts.com\/es\/servicio\/connecting-players\/","og_locale":"es_ES","og_type":"article","og_title":"Connecting Players | NutriXperts","og_description":"conectar a los jugadores que no est\u00e1n acostumbrados a discutir juntos Nosotros le podemos ayudar:\u00a0 \u00bfEs usted un fabricante industrial de productos o ingredientes nutricionales que desea intensificar la cadena de valor o simplemente vender m\u00e1s? \u00bfRepresenta usted un sitio de fabricaci\u00f3n que desea mejorar su capacidad? \u00bfEst\u00e1 buscando algo especial dentro de la industria [&hellip;]","og_url":"https:\/\/nutrixperts.com\/es\/servicio\/connecting-players\/","og_site_name":"NutriXperts","article_modified_time":"2020-04-15T18:21:57+00:00","og_image":[{"width":600,"height":435,"url":"https:\/\/nutrixperts.com\/wp-content\/uploads\/2020\/02\/our_service2.jpg","type":"image\/jpeg"}],"twitter_card":"summary_large_image","twitter_misc":{"Tiempo de lectura":"1 minuto"},"schema":{"@context":"https:\/\/schema.org","@graph":[{"@type":"WebPage","@id":"https:\/\/nutrixperts.com\/es\/servicio\/connecting-players\/","url":"https:\/\/nutrixperts.com\/es\/servicio\/connecting-players\/","name":"Connecting Players | NutriXperts","isPartOf":{"@id":"https:\/\/nutrixperts.com\/es\/#website"},"primaryImageOfPage":{"@id":"https:\/\/nutrixperts.com\/es\/servicio\/connecting-players\/#primaryimage"},"image":{"@id":"https:\/\/nutrixperts.com\/es\/servicio\/connecting-players\/#primaryimage"},"thumbnailUrl":"https:\/\/nutrixperts.com\/wp-content\/uploads\/2020\/02\/our_service2.jpg","datePublished":"2020-02-05T04:38:05+00:00","dateModified":"2020-04-15T18:21:57+00:00","breadcrumb":{"@id":"https:\/\/nutrixperts.com\/es\/servicio\/connecting-players\/#breadcrumb"},"inLanguage":"es","potentialAction":[{"@type":"ReadAction","target":["https:\/\/nutrixperts.com\/es\/servicio\/connecting-players\/"]}]},{"@type":"ImageObject","inLanguage":"es","@id":"https:\/\/nutrixperts.com\/es\/servicio\/connecting-players\/#primaryimage","url":"https:\/\/nutrixperts.com\/wp-content\/uploads\/2020\/02\/our_service2.jpg","contentUrl":"https:\/\/nutrixperts.com\/wp-content\/uploads\/2020\/02\/our_service2.jpg","width":600,"height":435,"caption":"our service2"},{"@type":"BreadcrumbList","@id":"https:\/\/nutrixperts.com\/es\/servicio\/connecting-players\/#breadcrumb","itemListElement":[{"@type":"ListItem","position":1,"name":"Home","item":"https:\/\/nutrixperts.com\/es\/"},{"@type":"ListItem","position":2,"name":"SERVICIO","item":"https:\/\/nutrixperts.com\/es\/servicio\/"},{"@type":"ListItem","position":3,"name":"Connecting Players"}]},{"@type":"WebSite","@id":"https:\/\/nutrixperts.com\/es\/#website","url":"https:\/\/nutrixperts.com\/es\/","name":"NutriXperts","description":"NutriXperts is  the leading consultancy company within the infant formula and nutrition industries.","publisher":{"@id":"https:\/\/nutrixperts.com\/es\/#organization"},"potentialAction":[{"@type":"SearchAction","target":{"@type":"EntryPoint","urlTemplate":"https:\/\/nutrixperts.com\/es\/?s={search_term_string}"},"query-input":{"@type":"PropertyValueSpecification","valueRequired":true,"valueName":"search_term_string"}}],"inLanguage":"es"},{"@type":"Organization","@id":"https:\/\/nutrixperts.com\/es\/#organization","name":"NutriXperts Consulting","url":"https:\/\/nutrixperts.com\/es\/","logo":{"@type":"ImageObject","inLanguage":"es","@id":"https:\/\/nutrixperts.com\/es\/#\/schema\/logo\/image\/","url":"https:\/\/nutrixperts.com\/wp-content\/uploads\/2020\/02\/logo_text-1.png","contentUrl":"https:\/\/nutrixperts.com\/wp-content\/uploads\/2020\/02\/logo_text-1.png","width":168,"height":168,"caption":"NutriXperts Consulting"},"image":{"@id":"https:\/\/nutrixperts.com\/es\/#\/schema\/logo\/image\/"}}]}},"_links":{"self":[{"href":"https:\/\/nutrixperts.com\/es\/wp-json\/wp\/v2\/pages\/1872","targetHints":{"allow":["GET"]}}],"collection":[{"href":"https:\/\/nutrixperts.com\/es\/wp-json\/wp\/v2\/pages"}],"about":[{"href":"https:\/\/nutrixperts.com\/es\/wp-json\/wp\/v2\/types\/page"}],"author":[{"embeddable":true,"href":"https:\/\/nutrixperts.com\/es\/wp-json\/wp\/v2\/users\/1"}],"replies":[{"embeddable":true,"href":"https:\/\/nutrixperts.com\/es\/wp-json\/wp\/v2\/comments?post=1872"}],"version-history":[{"count":0,"href":"https:\/\/nutrixperts.com\/es\/wp-json\/wp\/v2\/pages\/1872\/revisions"}],"up":[{"embeddable":true,"href":"https:\/\/nutrixperts.com\/es\/wp-json\/wp\/v2\/pages\/1869"}],"wp:featuredmedia":[{"embeddable":true,"href":"https:\/\/nutrixperts.com\/es\/wp-json\/wp\/v2\/media\/975"}],"wp:attachment":[{"href":"https:\/\/nutrixperts.com\/es\/wp-json\/wp\/v2\/media?parent=1872"}],"curies":[{"name":"wp","href":"https:\/\/api.w.org\/{rel}","templated":true}]}}