{"id":1881,"date":"2020-02-14T07:15:33","date_gmt":"2020-02-14T07:15:33","guid":{"rendered":"http:\/\/nutrixperts.flywheelsites.com\/service\/product-development\/nutritional-factbooks\/"},"modified":"2020-04-16T01:29:38","modified_gmt":"2020-04-15T18:29:38","slug":"libros-de-datos-nutricionales","status":"publish","type":"page","link":"https:\/\/nutrixperts.com\/es\/servicio\/product-development\/libros-de-datos-nutricionales\/","title":{"rendered":"Libros de Datos Nutricionales"},"content":{"rendered":"\n<h4 class=\"wp-block-heading\"> <strong>\u00bfQu\u00e9 tan bien entiende su cliente su producto?\u00a0<\/strong><\/h4>\n\n\n\n<p> Si su formulaci\u00f3n nutricional se basa en la ciencia, puede apoyar su marca, imagen y negocio. El Libro de Datos Nutricional de Nutrixperts contendr\u00e1 descripciones basadas en la ciencia de su producto y sus beneficios nutricionales. Esta informaci\u00f3n no s\u00f3lo ayudar\u00e1 a sus l\u00edderes clave de opini\u00f3n, fuerza de ventas y asesores m\u00e9dicos para comprender mejor el producto, pero potencialmente tambi\u00e9n influir en sus clientes.\u00a0<\/p>\n\n\n\n<div style=\"height:40px\" aria-hidden=\"true\" class=\"wp-block-spacer\"><\/div>\n\n\n\n<p class=\"h_block\">El Libro de Datos Nutricional de Nutrixperts est\u00e1 dise\u00f1ado a la medida para apoyar su imagen. <br><br> A fin de proporcionar una s\u00f3lida evidencia de los beneficios nutricionales de su producto, usted necesitar\u00eda realizar varios estudios cl\u00ednicos aleatorizados, doble ciego y controlados con placebo.Tales estudios son extremadamente costosos, requieren mucho tiempo, y por razones \u00e9ticas, dif\u00edciles de llevar a cabo.<\/p>\n\n\n\n<div style=\"height:40px\" aria-hidden=\"true\" class=\"wp-block-spacer\"><\/div>\n\n\n\n<p>El libro de datos ofrece una alternativa cre\u00edble para apoyar su producto y compararlo con la competencia. Los libros de datos est\u00e1n basados en la evidencia cient\u00edfica ya proporcionada por los estudios cient\u00edficos publicados sobre productos similares y los ingredientes clave relevantes para las necesidades de su grupo de consumidores objetivo.<\/p>\n","protected":false},"excerpt":{"rendered":"<p>\u00bfQu\u00e9 tan bien entiende su cliente su producto?\u00a0 Si su formulaci\u00f3n nutricional se basa en la ciencia, puede apoyar su marca, imagen y negocio. El Libro de Datos Nutricional de Nutrixperts contendr\u00e1 descripciones basadas en la ciencia de su producto y sus beneficios nutricionales. Esta informaci\u00f3n no s\u00f3lo ayudar\u00e1 a sus l\u00edderes clave de opini\u00f3n, [&hellip;]<\/p>\n","protected":false},"author":1,"featured_media":938,"parent":1878,"menu_order":0,"comment_status":"closed","ping_status":"closed","template":"page-service.php","meta":{"_acf_changed":false,"_monsterinsights_skip_tracking":false,"_monsterinsights_sitenote_active":false,"_monsterinsights_sitenote_note":"","_monsterinsights_sitenote_category":0,"footnotes":""},"class_list":["post-1881","page","type-page","status-publish","has-post-thumbnail","hentry","entry"],"acf":[],"yoast_head":"<!-- This site is optimized with the Yoast SEO plugin v27.2 - https:\/\/yoast.com\/product\/yoast-seo-wordpress\/ -->\n<title>Libros de Datos Nutricionales | NutriXperts<\/title>\n<meta name=\"robots\" content=\"index, follow, max-snippet:-1, max-image-preview:large, max-video-preview:-1\" \/>\n<link rel=\"canonical\" href=\"https:\/\/nutrixperts.com\/es\/servicio\/product-development\/libros-de-datos-nutricionales\/\" \/>\n<meta property=\"og:locale\" content=\"es_ES\" \/>\n<meta property=\"og:type\" content=\"article\" \/>\n<meta property=\"og:title\" content=\"Libros de Datos Nutricionales | NutriXperts\" \/>\n<meta property=\"og:description\" content=\"\u00bfQu\u00e9 tan bien entiende su cliente su producto?\u00a0 Si su formulaci\u00f3n nutricional se basa en la ciencia, puede apoyar su marca, imagen y negocio. El Libro de Datos Nutricional de Nutrixperts contendr\u00e1 descripciones basadas en la ciencia de su producto y sus beneficios nutricionales. Esta informaci\u00f3n no s\u00f3lo ayudar\u00e1 a sus l\u00edderes clave de opini\u00f3n, [&hellip;]\" \/>\n<meta property=\"og:url\" content=\"https:\/\/nutrixperts.com\/es\/servicio\/product-development\/libros-de-datos-nutricionales\/\" \/>\n<meta property=\"og:site_name\" content=\"NutriXperts\" \/>\n<meta property=\"article:modified_time\" content=\"2020-04-15T18:29:38+00:00\" \/>\n<meta property=\"og:image\" content=\"https:\/\/nutrixperts.com\/wp-content\/uploads\/2020\/02\/Nutritional_Factbooks_cover.jpg\" \/>\n\t<meta property=\"og:image:width\" content=\"600\" \/>\n\t<meta property=\"og:image:height\" content=\"435\" \/>\n\t<meta property=\"og:image:type\" content=\"image\/jpeg\" \/>\n<meta name=\"twitter:card\" content=\"summary_large_image\" \/>\n<meta name=\"twitter:label1\" content=\"Tiempo de lectura\" \/>\n\t<meta name=\"twitter:data1\" content=\"1 minuto\" \/>\n<script type=\"application\/ld+json\" class=\"yoast-schema-graph\">{\"@context\":\"https:\/\/schema.org\",\"@graph\":[{\"@type\":\"WebPage\",\"@id\":\"https:\/\/nutrixperts.com\/es\/servicio\/product-development\/libros-de-datos-nutricionales\/\",\"url\":\"https:\/\/nutrixperts.com\/es\/servicio\/product-development\/libros-de-datos-nutricionales\/\",\"name\":\"Libros de Datos Nutricionales | NutriXperts\",\"isPartOf\":{\"@id\":\"https:\/\/nutrixperts.com\/es\/#website\"},\"primaryImageOfPage\":{\"@id\":\"https:\/\/nutrixperts.com\/es\/servicio\/product-development\/libros-de-datos-nutricionales\/#primaryimage\"},\"image\":{\"@id\":\"https:\/\/nutrixperts.com\/es\/servicio\/product-development\/libros-de-datos-nutricionales\/#primaryimage\"},\"thumbnailUrl\":\"https:\/\/nutrixperts.com\/wp-content\/uploads\/2020\/02\/Nutritional_Factbooks_cover.jpg\",\"datePublished\":\"2020-02-14T07:15:33+00:00\",\"dateModified\":\"2020-04-15T18:29:38+00:00\",\"breadcrumb\":{\"@id\":\"https:\/\/nutrixperts.com\/es\/servicio\/product-development\/libros-de-datos-nutricionales\/#breadcrumb\"},\"inLanguage\":\"es\",\"potentialAction\":[{\"@type\":\"ReadAction\",\"target\":[\"https:\/\/nutrixperts.com\/es\/servicio\/product-development\/libros-de-datos-nutricionales\/\"]}]},{\"@type\":\"ImageObject\",\"inLanguage\":\"es\",\"@id\":\"https:\/\/nutrixperts.com\/es\/servicio\/product-development\/libros-de-datos-nutricionales\/#primaryimage\",\"url\":\"https:\/\/nutrixperts.com\/wp-content\/uploads\/2020\/02\/Nutritional_Factbooks_cover.jpg\",\"contentUrl\":\"https:\/\/nutrixperts.com\/wp-content\/uploads\/2020\/02\/Nutritional_Factbooks_cover.jpg\",\"width\":600,\"height\":435,\"caption\":\"Nutritional Factbooks cover\"},{\"@type\":\"BreadcrumbList\",\"@id\":\"https:\/\/nutrixperts.com\/es\/servicio\/product-development\/libros-de-datos-nutricionales\/#breadcrumb\",\"itemListElement\":[{\"@type\":\"ListItem\",\"position\":1,\"name\":\"Home\",\"item\":\"https:\/\/nutrixperts.com\/es\/\"},{\"@type\":\"ListItem\",\"position\":2,\"name\":\"SERVICIO\",\"item\":\"https:\/\/nutrixperts.com\/es\/servicio\/\"},{\"@type\":\"ListItem\",\"position\":3,\"name\":\"Desarrollo de Producto\",\"item\":\"https:\/\/nutrixperts.com\/es\/servicio\/product-development\/\"},{\"@type\":\"ListItem\",\"position\":4,\"name\":\"Libros de Datos Nutricionales\"}]},{\"@type\":\"WebSite\",\"@id\":\"https:\/\/nutrixperts.com\/es\/#website\",\"url\":\"https:\/\/nutrixperts.com\/es\/\",\"name\":\"NutriXperts\",\"description\":\"NutriXperts is  the leading consultancy company within the infant formula and nutrition industries.\",\"publisher\":{\"@id\":\"https:\/\/nutrixperts.com\/es\/#organization\"},\"potentialAction\":[{\"@type\":\"SearchAction\",\"target\":{\"@type\":\"EntryPoint\",\"urlTemplate\":\"https:\/\/nutrixperts.com\/es\/?s={search_term_string}\"},\"query-input\":{\"@type\":\"PropertyValueSpecification\",\"valueRequired\":true,\"valueName\":\"search_term_string\"}}],\"inLanguage\":\"es\"},{\"@type\":\"Organization\",\"@id\":\"https:\/\/nutrixperts.com\/es\/#organization\",\"name\":\"NutriXperts Consulting\",\"url\":\"https:\/\/nutrixperts.com\/es\/\",\"logo\":{\"@type\":\"ImageObject\",\"inLanguage\":\"es\",\"@id\":\"https:\/\/nutrixperts.com\/es\/#\/schema\/logo\/image\/\",\"url\":\"https:\/\/nutrixperts.com\/wp-content\/uploads\/2020\/02\/logo_text-1.png\",\"contentUrl\":\"https:\/\/nutrixperts.com\/wp-content\/uploads\/2020\/02\/logo_text-1.png\",\"width\":168,\"height\":168,\"caption\":\"NutriXperts Consulting\"},\"image\":{\"@id\":\"https:\/\/nutrixperts.com\/es\/#\/schema\/logo\/image\/\"}}]}<\/script>\n<!-- \/ Yoast SEO plugin. -->","yoast_head_json":{"title":"Libros de Datos Nutricionales | NutriXperts","robots":{"index":"index","follow":"follow","max-snippet":"max-snippet:-1","max-image-preview":"max-image-preview:large","max-video-preview":"max-video-preview:-1"},"canonical":"https:\/\/nutrixperts.com\/es\/servicio\/product-development\/libros-de-datos-nutricionales\/","og_locale":"es_ES","og_type":"article","og_title":"Libros de Datos Nutricionales | NutriXperts","og_description":"\u00bfQu\u00e9 tan bien entiende su cliente su producto?\u00a0 Si su formulaci\u00f3n nutricional se basa en la ciencia, puede apoyar su marca, imagen y negocio. El Libro de Datos Nutricional de Nutrixperts contendr\u00e1 descripciones basadas en la ciencia de su producto y sus beneficios nutricionales. Esta informaci\u00f3n no s\u00f3lo ayudar\u00e1 a sus l\u00edderes clave de opini\u00f3n, [&hellip;]","og_url":"https:\/\/nutrixperts.com\/es\/servicio\/product-development\/libros-de-datos-nutricionales\/","og_site_name":"NutriXperts","article_modified_time":"2020-04-15T18:29:38+00:00","og_image":[{"width":600,"height":435,"url":"https:\/\/nutrixperts.com\/wp-content\/uploads\/2020\/02\/Nutritional_Factbooks_cover.jpg","type":"image\/jpeg"}],"twitter_card":"summary_large_image","twitter_misc":{"Tiempo de lectura":"1 minuto"},"schema":{"@context":"https:\/\/schema.org","@graph":[{"@type":"WebPage","@id":"https:\/\/nutrixperts.com\/es\/servicio\/product-development\/libros-de-datos-nutricionales\/","url":"https:\/\/nutrixperts.com\/es\/servicio\/product-development\/libros-de-datos-nutricionales\/","name":"Libros de Datos Nutricionales | NutriXperts","isPartOf":{"@id":"https:\/\/nutrixperts.com\/es\/#website"},"primaryImageOfPage":{"@id":"https:\/\/nutrixperts.com\/es\/servicio\/product-development\/libros-de-datos-nutricionales\/#primaryimage"},"image":{"@id":"https:\/\/nutrixperts.com\/es\/servicio\/product-development\/libros-de-datos-nutricionales\/#primaryimage"},"thumbnailUrl":"https:\/\/nutrixperts.com\/wp-content\/uploads\/2020\/02\/Nutritional_Factbooks_cover.jpg","datePublished":"2020-02-14T07:15:33+00:00","dateModified":"2020-04-15T18:29:38+00:00","breadcrumb":{"@id":"https:\/\/nutrixperts.com\/es\/servicio\/product-development\/libros-de-datos-nutricionales\/#breadcrumb"},"inLanguage":"es","potentialAction":[{"@type":"ReadAction","target":["https:\/\/nutrixperts.com\/es\/servicio\/product-development\/libros-de-datos-nutricionales\/"]}]},{"@type":"ImageObject","inLanguage":"es","@id":"https:\/\/nutrixperts.com\/es\/servicio\/product-development\/libros-de-datos-nutricionales\/#primaryimage","url":"https:\/\/nutrixperts.com\/wp-content\/uploads\/2020\/02\/Nutritional_Factbooks_cover.jpg","contentUrl":"https:\/\/nutrixperts.com\/wp-content\/uploads\/2020\/02\/Nutritional_Factbooks_cover.jpg","width":600,"height":435,"caption":"Nutritional Factbooks cover"},{"@type":"BreadcrumbList","@id":"https:\/\/nutrixperts.com\/es\/servicio\/product-development\/libros-de-datos-nutricionales\/#breadcrumb","itemListElement":[{"@type":"ListItem","position":1,"name":"Home","item":"https:\/\/nutrixperts.com\/es\/"},{"@type":"ListItem","position":2,"name":"SERVICIO","item":"https:\/\/nutrixperts.com\/es\/servicio\/"},{"@type":"ListItem","position":3,"name":"Desarrollo de Producto","item":"https:\/\/nutrixperts.com\/es\/servicio\/product-development\/"},{"@type":"ListItem","position":4,"name":"Libros de Datos Nutricionales"}]},{"@type":"WebSite","@id":"https:\/\/nutrixperts.com\/es\/#website","url":"https:\/\/nutrixperts.com\/es\/","name":"NutriXperts","description":"NutriXperts is  the leading consultancy company within the infant formula and nutrition industries.","publisher":{"@id":"https:\/\/nutrixperts.com\/es\/#organization"},"potentialAction":[{"@type":"SearchAction","target":{"@type":"EntryPoint","urlTemplate":"https:\/\/nutrixperts.com\/es\/?s={search_term_string}"},"query-input":{"@type":"PropertyValueSpecification","valueRequired":true,"valueName":"search_term_string"}}],"inLanguage":"es"},{"@type":"Organization","@id":"https:\/\/nutrixperts.com\/es\/#organization","name":"NutriXperts Consulting","url":"https:\/\/nutrixperts.com\/es\/","logo":{"@type":"ImageObject","inLanguage":"es","@id":"https:\/\/nutrixperts.com\/es\/#\/schema\/logo\/image\/","url":"https:\/\/nutrixperts.com\/wp-content\/uploads\/2020\/02\/logo_text-1.png","contentUrl":"https:\/\/nutrixperts.com\/wp-content\/uploads\/2020\/02\/logo_text-1.png","width":168,"height":168,"caption":"NutriXperts Consulting"},"image":{"@id":"https:\/\/nutrixperts.com\/es\/#\/schema\/logo\/image\/"}}]}},"_links":{"self":[{"href":"https:\/\/nutrixperts.com\/es\/wp-json\/wp\/v2\/pages\/1881","targetHints":{"allow":["GET"]}}],"collection":[{"href":"https:\/\/nutrixperts.com\/es\/wp-json\/wp\/v2\/pages"}],"about":[{"href":"https:\/\/nutrixperts.com\/es\/wp-json\/wp\/v2\/types\/page"}],"author":[{"embeddable":true,"href":"https:\/\/nutrixperts.com\/es\/wp-json\/wp\/v2\/users\/1"}],"replies":[{"embeddable":true,"href":"https:\/\/nutrixperts.com\/es\/wp-json\/wp\/v2\/comments?post=1881"}],"version-history":[{"count":0,"href":"https:\/\/nutrixperts.com\/es\/wp-json\/wp\/v2\/pages\/1881\/revisions"}],"up":[{"embeddable":true,"href":"https:\/\/nutrixperts.com\/es\/wp-json\/wp\/v2\/pages\/1878"}],"wp:featuredmedia":[{"embeddable":true,"href":"https:\/\/nutrixperts.com\/es\/wp-json\/wp\/v2\/media\/938"}],"wp:attachment":[{"href":"https:\/\/nutrixperts.com\/es\/wp-json\/wp\/v2\/media?parent=1881"}],"curies":[{"name":"wp","href":"https:\/\/api.w.org\/{rel}","templated":true}]}}