{"id":1884,"date":"2020-02-14T08:01:57","date_gmt":"2020-02-14T08:01:57","guid":{"rendered":"http:\/\/nutrixperts.flywheelsites.com\/service\/product-development\/product-development\/"},"modified":"2020-04-16T01:31:36","modified_gmt":"2020-04-15T18:31:36","slug":"desarrollo-de-producto","status":"publish","type":"page","link":"https:\/\/nutrixperts.com\/es\/servicio\/product-development\/desarrollo-de-producto\/","title":{"rendered":"Desarrollo de Producto"},"content":{"rendered":"\n<div class=\"wp-block-image\"><figure class=\"aligncenter size-large\"><img loading=\"lazy\" decoding=\"async\" width=\"562\" height=\"405\" src=\"https:\/\/nutrixperts.com\/wp-content\/uploads\/2020\/02\/Product_Development_sub1.jpg\" alt=\"\" class=\"wp-image-367\" srcset=\"https:\/\/nutrixperts.com\/wp-content\/uploads\/2020\/02\/Product_Development_sub1.jpg 562w, https:\/\/nutrixperts.com\/wp-content\/uploads\/2020\/02\/Product_Development_sub1-300x216.jpg 300w\" sizes=\"auto, (max-width: 562px) 100vw, 562px\" \/><\/figure><\/div>\n\n\n\n<h3 class=\"wp-block-heading\"><strong>\u00bfPor qu\u00e9 no revitalizar su producto o entrar en un nuevo y emocionante mercado?\u00a0<\/strong><\/h3>\n\n\n\n<p>\u00bfQuiz\u00e1s desea beneficiarse de un mercado atractivo, mejorando su posici\u00f3n en la cadena de valor? \u00bfO quiz\u00e1s su productos rentables s\u00f3lo est\u00e1n acerc\u00e1ndose al final de su vida \u00fatil? Todos los productos tienen una vida \u00fatil, y si usted no est\u00e1 constantemente renovando su cartera de productos perder\u00e1 la participaci\u00f3n en el mercado, ingresos y reconocimiento de la marca. En Nutrixperts, hemos participado en numerosos proyectos de innovaci\u00f3n exitosos, dominando todas las fases de desarrollo del producto.<\/p>\n\n\n\n<div style=\"height:40px\" aria-hidden=\"true\" class=\"wp-block-spacer\"><\/div>\n\n\n\n<p class=\"h_block\">Trabajaremos estrechamente con usted para dise\u00f1ar nuevos productos, cumpliendo todos los requisitos realistas para aumentar su ventaja competitiva. Nuestra comprensi\u00f3n especial de productos nutricionales y la interacci\u00f3n entre los ingredientes y el procesamiento de resultados permite maximizar la apariencia del producto y solubilidad.<\/p>\n\n\n\n<div style=\"height:40px\" aria-hidden=\"true\" class=\"wp-block-spacer\"><\/div>\n\n\n\n<p>Tambi\u00e9n sabemos que la biodisponibilidad de los nutrientes es el pr\u00f3ximo paso en las regulaciones de los productos y nos esforzaremos por hacer sus productos m\u00e1s atractivos y diferentes. Tenemos la experiencia y la evidencia para apoyar tales desaf\u00edos.\u00a0<\/p>\n","protected":false},"excerpt":{"rendered":"<p>\u00bfPor qu\u00e9 no revitalizar su producto o entrar en un nuevo y emocionante mercado?\u00a0 \u00bfQuiz\u00e1s desea beneficiarse de un mercado atractivo, mejorando su posici\u00f3n en la cadena de valor? \u00bfO quiz\u00e1s su productos rentables s\u00f3lo est\u00e1n acerc\u00e1ndose al final de su vida \u00fatil? Todos los productos tienen una vida \u00fatil, y si usted no est\u00e1 [&hellip;]<\/p>\n","protected":false},"author":1,"featured_media":1774,"parent":1878,"menu_order":0,"comment_status":"closed","ping_status":"closed","template":"page-service.php","meta":{"_acf_changed":false,"_monsterinsights_skip_tracking":false,"_monsterinsights_sitenote_active":false,"_monsterinsights_sitenote_note":"","_monsterinsights_sitenote_category":0,"footnotes":""},"class_list":["post-1884","page","type-page","status-publish","has-post-thumbnail","hentry","entry"],"acf":[],"yoast_head":"<!-- This site is optimized with the Yoast SEO plugin v27.3 - https:\/\/yoast.com\/product\/yoast-seo-wordpress\/ -->\n<title>Desarrollo de Producto | NutriXperts<\/title>\n<meta name=\"robots\" content=\"index, follow, max-snippet:-1, max-image-preview:large, max-video-preview:-1\" \/>\n<link rel=\"canonical\" href=\"https:\/\/nutrixperts.com\/es\/servicio\/product-development\/desarrollo-de-producto\/\" \/>\n<meta property=\"og:locale\" content=\"es_ES\" \/>\n<meta property=\"og:type\" content=\"article\" \/>\n<meta property=\"og:title\" content=\"Desarrollo de Producto | NutriXperts\" \/>\n<meta property=\"og:description\" content=\"\u00bfPor qu\u00e9 no revitalizar su producto o entrar en un nuevo y emocionante mercado?\u00a0 \u00bfQuiz\u00e1s desea beneficiarse de un mercado atractivo, mejorando su posici\u00f3n en la cadena de valor? \u00bfO quiz\u00e1s su productos rentables s\u00f3lo est\u00e1n acerc\u00e1ndose al final de su vida \u00fatil? Todos los productos tienen una vida \u00fatil, y si usted no est\u00e1 [&hellip;]\" \/>\n<meta property=\"og:url\" content=\"https:\/\/nutrixperts.com\/es\/servicio\/product-development\/desarrollo-de-producto\/\" \/>\n<meta property=\"og:site_name\" content=\"NutriXperts\" \/>\n<meta property=\"article:modified_time\" content=\"2020-04-15T18:31:36+00:00\" \/>\n<meta property=\"og:image\" content=\"https:\/\/nutrixperts.com\/wp-content\/uploads\/2020\/02\/Product_Development2_cover.jpg\" \/>\n\t<meta property=\"og:image:width\" content=\"600\" \/>\n\t<meta property=\"og:image:height\" content=\"435\" \/>\n\t<meta property=\"og:image:type\" content=\"image\/jpeg\" \/>\n<meta name=\"twitter:card\" content=\"summary_large_image\" \/>\n<meta name=\"twitter:label1\" content=\"Tiempo de lectura\" \/>\n\t<meta name=\"twitter:data1\" content=\"1 minuto\" \/>\n<script type=\"application\/ld+json\" class=\"yoast-schema-graph\">{\"@context\":\"https:\\\/\\\/schema.org\",\"@graph\":[{\"@type\":\"WebPage\",\"@id\":\"https:\\\/\\\/nutrixperts.com\\\/es\\\/servicio\\\/product-development\\\/desarrollo-de-producto\\\/\",\"url\":\"https:\\\/\\\/nutrixperts.com\\\/es\\\/servicio\\\/product-development\\\/desarrollo-de-producto\\\/\",\"name\":\"Desarrollo de Producto | NutriXperts\",\"isPartOf\":{\"@id\":\"https:\\\/\\\/nutrixperts.com\\\/es\\\/#website\"},\"primaryImageOfPage\":{\"@id\":\"https:\\\/\\\/nutrixperts.com\\\/es\\\/servicio\\\/product-development\\\/desarrollo-de-producto\\\/#primaryimage\"},\"image\":{\"@id\":\"https:\\\/\\\/nutrixperts.com\\\/es\\\/servicio\\\/product-development\\\/desarrollo-de-producto\\\/#primaryimage\"},\"thumbnailUrl\":\"https:\\\/\\\/nutrixperts.com\\\/wp-content\\\/uploads\\\/2020\\\/02\\\/Product_Development_sub1.jpg\",\"datePublished\":\"2020-02-14T08:01:57+00:00\",\"dateModified\":\"2020-04-15T18:31:36+00:00\",\"breadcrumb\":{\"@id\":\"https:\\\/\\\/nutrixperts.com\\\/es\\\/servicio\\\/product-development\\\/desarrollo-de-producto\\\/#breadcrumb\"},\"inLanguage\":\"es\",\"potentialAction\":[{\"@type\":\"ReadAction\",\"target\":[\"https:\\\/\\\/nutrixperts.com\\\/es\\\/servicio\\\/product-development\\\/desarrollo-de-producto\\\/\"]}]},{\"@type\":\"ImageObject\",\"inLanguage\":\"es\",\"@id\":\"https:\\\/\\\/nutrixperts.com\\\/es\\\/servicio\\\/product-development\\\/desarrollo-de-producto\\\/#primaryimage\",\"url\":\"https:\\\/\\\/nutrixperts.com\\\/wp-content\\\/uploads\\\/2020\\\/02\\\/Product_Development_sub1.jpg\",\"contentUrl\":\"https:\\\/\\\/nutrixperts.com\\\/wp-content\\\/uploads\\\/2020\\\/02\\\/Product_Development_sub1.jpg\",\"width\":562,\"height\":405,\"caption\":\"Product Development sub1\"},{\"@type\":\"BreadcrumbList\",\"@id\":\"https:\\\/\\\/nutrixperts.com\\\/es\\\/servicio\\\/product-development\\\/desarrollo-de-producto\\\/#breadcrumb\",\"itemListElement\":[{\"@type\":\"ListItem\",\"position\":1,\"name\":\"Home\",\"item\":\"https:\\\/\\\/nutrixperts.com\\\/es\\\/\"},{\"@type\":\"ListItem\",\"position\":2,\"name\":\"SERVICIO\",\"item\":\"https:\\\/\\\/nutrixperts.com\\\/es\\\/servicio\\\/\"},{\"@type\":\"ListItem\",\"position\":3,\"name\":\"Desarrollo de Producto\",\"item\":\"https:\\\/\\\/nutrixperts.com\\\/es\\\/servicio\\\/product-development\\\/\"},{\"@type\":\"ListItem\",\"position\":4,\"name\":\"Desarrollo de Producto\"}]},{\"@type\":\"WebSite\",\"@id\":\"https:\\\/\\\/nutrixperts.com\\\/es\\\/#website\",\"url\":\"https:\\\/\\\/nutrixperts.com\\\/es\\\/\",\"name\":\"NutriXperts\",\"description\":\"NutriXperts is  the leading consultancy company within the infant formula and nutrition industries.\",\"publisher\":{\"@id\":\"https:\\\/\\\/nutrixperts.com\\\/es\\\/#organization\"},\"potentialAction\":[{\"@type\":\"SearchAction\",\"target\":{\"@type\":\"EntryPoint\",\"urlTemplate\":\"https:\\\/\\\/nutrixperts.com\\\/es\\\/?s={search_term_string}\"},\"query-input\":{\"@type\":\"PropertyValueSpecification\",\"valueRequired\":true,\"valueName\":\"search_term_string\"}}],\"inLanguage\":\"es\"},{\"@type\":\"Organization\",\"@id\":\"https:\\\/\\\/nutrixperts.com\\\/es\\\/#organization\",\"name\":\"NutriXperts Consulting\",\"url\":\"https:\\\/\\\/nutrixperts.com\\\/es\\\/\",\"logo\":{\"@type\":\"ImageObject\",\"inLanguage\":\"es\",\"@id\":\"https:\\\/\\\/nutrixperts.com\\\/es\\\/#\\\/schema\\\/logo\\\/image\\\/\",\"url\":\"https:\\\/\\\/nutrixperts.com\\\/wp-content\\\/uploads\\\/2020\\\/02\\\/logo_text-1.png\",\"contentUrl\":\"https:\\\/\\\/nutrixperts.com\\\/wp-content\\\/uploads\\\/2020\\\/02\\\/logo_text-1.png\",\"width\":168,\"height\":168,\"caption\":\"NutriXperts Consulting\"},\"image\":{\"@id\":\"https:\\\/\\\/nutrixperts.com\\\/es\\\/#\\\/schema\\\/logo\\\/image\\\/\"}}]}<\/script>\n<!-- \/ Yoast SEO plugin. -->","yoast_head_json":{"title":"Desarrollo de Producto | NutriXperts","robots":{"index":"index","follow":"follow","max-snippet":"max-snippet:-1","max-image-preview":"max-image-preview:large","max-video-preview":"max-video-preview:-1"},"canonical":"https:\/\/nutrixperts.com\/es\/servicio\/product-development\/desarrollo-de-producto\/","og_locale":"es_ES","og_type":"article","og_title":"Desarrollo de Producto | NutriXperts","og_description":"\u00bfPor qu\u00e9 no revitalizar su producto o entrar en un nuevo y emocionante mercado?\u00a0 \u00bfQuiz\u00e1s desea beneficiarse de un mercado atractivo, mejorando su posici\u00f3n en la cadena de valor? \u00bfO quiz\u00e1s su productos rentables s\u00f3lo est\u00e1n acerc\u00e1ndose al final de su vida \u00fatil? Todos los productos tienen una vida \u00fatil, y si usted no est\u00e1 [&hellip;]","og_url":"https:\/\/nutrixperts.com\/es\/servicio\/product-development\/desarrollo-de-producto\/","og_site_name":"NutriXperts","article_modified_time":"2020-04-15T18:31:36+00:00","og_image":[{"width":600,"height":435,"url":"https:\/\/nutrixperts.com\/wp-content\/uploads\/2020\/02\/Product_Development2_cover.jpg","type":"image\/jpeg"}],"twitter_card":"summary_large_image","twitter_misc":{"Tiempo de lectura":"1 minuto"},"schema":{"@context":"https:\/\/schema.org","@graph":[{"@type":"WebPage","@id":"https:\/\/nutrixperts.com\/es\/servicio\/product-development\/desarrollo-de-producto\/","url":"https:\/\/nutrixperts.com\/es\/servicio\/product-development\/desarrollo-de-producto\/","name":"Desarrollo de Producto | NutriXperts","isPartOf":{"@id":"https:\/\/nutrixperts.com\/es\/#website"},"primaryImageOfPage":{"@id":"https:\/\/nutrixperts.com\/es\/servicio\/product-development\/desarrollo-de-producto\/#primaryimage"},"image":{"@id":"https:\/\/nutrixperts.com\/es\/servicio\/product-development\/desarrollo-de-producto\/#primaryimage"},"thumbnailUrl":"https:\/\/nutrixperts.com\/wp-content\/uploads\/2020\/02\/Product_Development_sub1.jpg","datePublished":"2020-02-14T08:01:57+00:00","dateModified":"2020-04-15T18:31:36+00:00","breadcrumb":{"@id":"https:\/\/nutrixperts.com\/es\/servicio\/product-development\/desarrollo-de-producto\/#breadcrumb"},"inLanguage":"es","potentialAction":[{"@type":"ReadAction","target":["https:\/\/nutrixperts.com\/es\/servicio\/product-development\/desarrollo-de-producto\/"]}]},{"@type":"ImageObject","inLanguage":"es","@id":"https:\/\/nutrixperts.com\/es\/servicio\/product-development\/desarrollo-de-producto\/#primaryimage","url":"https:\/\/nutrixperts.com\/wp-content\/uploads\/2020\/02\/Product_Development_sub1.jpg","contentUrl":"https:\/\/nutrixperts.com\/wp-content\/uploads\/2020\/02\/Product_Development_sub1.jpg","width":562,"height":405,"caption":"Product Development sub1"},{"@type":"BreadcrumbList","@id":"https:\/\/nutrixperts.com\/es\/servicio\/product-development\/desarrollo-de-producto\/#breadcrumb","itemListElement":[{"@type":"ListItem","position":1,"name":"Home","item":"https:\/\/nutrixperts.com\/es\/"},{"@type":"ListItem","position":2,"name":"SERVICIO","item":"https:\/\/nutrixperts.com\/es\/servicio\/"},{"@type":"ListItem","position":3,"name":"Desarrollo de Producto","item":"https:\/\/nutrixperts.com\/es\/servicio\/product-development\/"},{"@type":"ListItem","position":4,"name":"Desarrollo de Producto"}]},{"@type":"WebSite","@id":"https:\/\/nutrixperts.com\/es\/#website","url":"https:\/\/nutrixperts.com\/es\/","name":"NutriXperts","description":"NutriXperts is  the leading consultancy company within the infant formula and nutrition industries.","publisher":{"@id":"https:\/\/nutrixperts.com\/es\/#organization"},"potentialAction":[{"@type":"SearchAction","target":{"@type":"EntryPoint","urlTemplate":"https:\/\/nutrixperts.com\/es\/?s={search_term_string}"},"query-input":{"@type":"PropertyValueSpecification","valueRequired":true,"valueName":"search_term_string"}}],"inLanguage":"es"},{"@type":"Organization","@id":"https:\/\/nutrixperts.com\/es\/#organization","name":"NutriXperts Consulting","url":"https:\/\/nutrixperts.com\/es\/","logo":{"@type":"ImageObject","inLanguage":"es","@id":"https:\/\/nutrixperts.com\/es\/#\/schema\/logo\/image\/","url":"https:\/\/nutrixperts.com\/wp-content\/uploads\/2020\/02\/logo_text-1.png","contentUrl":"https:\/\/nutrixperts.com\/wp-content\/uploads\/2020\/02\/logo_text-1.png","width":168,"height":168,"caption":"NutriXperts Consulting"},"image":{"@id":"https:\/\/nutrixperts.com\/es\/#\/schema\/logo\/image\/"}}]}},"_links":{"self":[{"href":"https:\/\/nutrixperts.com\/es\/wp-json\/wp\/v2\/pages\/1884","targetHints":{"allow":["GET"]}}],"collection":[{"href":"https:\/\/nutrixperts.com\/es\/wp-json\/wp\/v2\/pages"}],"about":[{"href":"https:\/\/nutrixperts.com\/es\/wp-json\/wp\/v2\/types\/page"}],"author":[{"embeddable":true,"href":"https:\/\/nutrixperts.com\/es\/wp-json\/wp\/v2\/users\/1"}],"replies":[{"embeddable":true,"href":"https:\/\/nutrixperts.com\/es\/wp-json\/wp\/v2\/comments?post=1884"}],"version-history":[{"count":0,"href":"https:\/\/nutrixperts.com\/es\/wp-json\/wp\/v2\/pages\/1884\/revisions"}],"up":[{"embeddable":true,"href":"https:\/\/nutrixperts.com\/es\/wp-json\/wp\/v2\/pages\/1878"}],"wp:featuredmedia":[{"embeddable":true,"href":"https:\/\/nutrixperts.com\/es\/wp-json\/wp\/v2\/media\/1774"}],"wp:attachment":[{"href":"https:\/\/nutrixperts.com\/es\/wp-json\/wp\/v2\/media?parent=1884"}],"curies":[{"name":"wp","href":"https:\/\/api.w.org\/{rel}","templated":true}]}}