{"id":1887,"date":"2020-02-14T07:15:09","date_gmt":"2020-02-14T07:15:09","guid":{"rendered":"http:\/\/nutrixperts.flywheelsites.com\/service\/product-development\/product-formulation\/"},"modified":"2020-04-16T01:33:00","modified_gmt":"2020-04-15T18:33:00","slug":"formulacion-del-producto","status":"publish","type":"page","link":"https:\/\/nutrixperts.com\/es\/servicio\/product-development\/formulacion-del-producto\/","title":{"rendered":"Formulaci\u00f3n del Producto"},"content":{"rendered":"\n<p class=\"h_block\">La reformulaci\u00f3n frecuente y el lanzamiento de nuevos productos son imprescindibles para proporcionar la mejor nutrici\u00f3n y para mantenerse competitivo. Es importante darle a su producto un determinado perfil nutricional y percepci\u00f3n del consumidor.<\/p>\n\n\n\n<div style=\"height:60px\" aria-hidden=\"true\" class=\"wp-block-spacer\"><\/div>\n\n\n\n<p>Nuestro proceso de formulaci\u00f3n generalmente empieza determinando el perfil nutricional de su producto. Con la f\u00f3rmula infantil y productos cl\u00ednicos, es importante hacer esto al comienzo de la etapa de desarrollo para garantizar el cumplimiento en el mercado legal, ya que la mayor\u00eda de los nutrientes est\u00e1n estrictamente reglamentados.\u00a0<\/p>\n\n\n\n<div style=\"height:30px\" aria-hidden=\"true\" class=\"wp-block-spacer\"><\/div>\n\n\n\n<p>En Nutrixperts, tenemos nutricionistas disponibles para ofrecer recomendaciones sobre la composici\u00f3n nutricional de su nuevo producto basado en las \u00faltimas tendencias internacionales y reglamentos. Como la mayor\u00eda de las innovaciones provienen de proveedores de ingredientes, en Nutrixperts nos enorgullecemos en seguir las nuevas innovaciones en ingredientes clave y ser capaces de recomendar los proveedores m\u00e1s adecuados para su uso.<\/p>\n","protected":false},"excerpt":{"rendered":"<p>La reformulaci\u00f3n frecuente y el lanzamiento de nuevos productos son imprescindibles para proporcionar la mejor nutrici\u00f3n y para mantenerse competitivo. Es importante darle a su producto un determinado perfil nutricional y percepci\u00f3n del consumidor. Nuestro proceso de formulaci\u00f3n generalmente empieza determinando el perfil nutricional de su producto. Con la f\u00f3rmula infantil y productos cl\u00ednicos, es [&hellip;]<\/p>\n","protected":false},"author":1,"featured_media":2592,"parent":1878,"menu_order":0,"comment_status":"closed","ping_status":"closed","template":"page-service.php","meta":{"_acf_changed":false,"_monsterinsights_skip_tracking":false,"_monsterinsights_sitenote_active":false,"_monsterinsights_sitenote_note":"","_monsterinsights_sitenote_category":0,"footnotes":""},"class_list":["post-1887","page","type-page","status-publish","has-post-thumbnail","hentry","entry"],"acf":[],"yoast_head":"<!-- This site is optimized with the Yoast SEO plugin v27.4 - https:\/\/yoast.com\/product\/yoast-seo-wordpress\/ -->\n<title>Formulaci\u00f3n del Producto | NutriXperts<\/title>\n<meta name=\"robots\" content=\"index, follow, max-snippet:-1, max-image-preview:large, max-video-preview:-1\" \/>\n<link rel=\"canonical\" href=\"https:\/\/nutrixperts.com\/es\/servicio\/product-development\/formulacion-del-producto\/\" \/>\n<meta property=\"og:locale\" content=\"es_ES\" \/>\n<meta property=\"og:type\" content=\"article\" \/>\n<meta property=\"og:title\" content=\"Formulaci\u00f3n del Producto | NutriXperts\" \/>\n<meta property=\"og:description\" content=\"La reformulaci\u00f3n frecuente y el lanzamiento de nuevos productos son imprescindibles para proporcionar la mejor nutrici\u00f3n y para mantenerse competitivo. Es importante darle a su producto un determinado perfil nutricional y percepci\u00f3n del consumidor. Nuestro proceso de formulaci\u00f3n generalmente empieza determinando el perfil nutricional de su producto. Con la f\u00f3rmula infantil y productos cl\u00ednicos, es [&hellip;]\" \/>\n<meta property=\"og:url\" content=\"https:\/\/nutrixperts.com\/es\/servicio\/product-development\/formulacion-del-producto\/\" \/>\n<meta property=\"og:site_name\" content=\"NutriXperts\" \/>\n<meta property=\"article:modified_time\" content=\"2020-04-15T18:33:00+00:00\" \/>\n<meta property=\"og:image\" content=\"https:\/\/nutrixperts.com\/wp-content\/uploads\/2020\/02\/Product_Formulation_cover.jpg\" \/>\n\t<meta property=\"og:image:width\" content=\"600\" \/>\n\t<meta property=\"og:image:height\" content=\"435\" \/>\n\t<meta property=\"og:image:type\" content=\"image\/jpeg\" \/>\n<meta name=\"twitter:card\" content=\"summary_large_image\" \/>\n<meta name=\"twitter:label1\" content=\"Tiempo de lectura\" \/>\n\t<meta name=\"twitter:data1\" content=\"1 minuto\" \/>\n<script type=\"application\/ld+json\" class=\"yoast-schema-graph\">{\"@context\":\"https:\\\/\\\/schema.org\",\"@graph\":[{\"@type\":\"WebPage\",\"@id\":\"https:\\\/\\\/nutrixperts.com\\\/es\\\/servicio\\\/product-development\\\/formulacion-del-producto\\\/\",\"url\":\"https:\\\/\\\/nutrixperts.com\\\/es\\\/servicio\\\/product-development\\\/formulacion-del-producto\\\/\",\"name\":\"Formulaci\u00f3n del Producto | NutriXperts\",\"isPartOf\":{\"@id\":\"https:\\\/\\\/nutrixperts.com\\\/es\\\/#website\"},\"primaryImageOfPage\":{\"@id\":\"https:\\\/\\\/nutrixperts.com\\\/es\\\/servicio\\\/product-development\\\/formulacion-del-producto\\\/#primaryimage\"},\"image\":{\"@id\":\"https:\\\/\\\/nutrixperts.com\\\/es\\\/servicio\\\/product-development\\\/formulacion-del-producto\\\/#primaryimage\"},\"thumbnailUrl\":\"https:\\\/\\\/nutrixperts.com\\\/wp-content\\\/uploads\\\/2026\\\/01\\\/baby-milk-bottles-white-background.jpg\",\"datePublished\":\"2020-02-14T07:15:09+00:00\",\"dateModified\":\"2020-04-15T18:33:00+00:00\",\"breadcrumb\":{\"@id\":\"https:\\\/\\\/nutrixperts.com\\\/es\\\/servicio\\\/product-development\\\/formulacion-del-producto\\\/#breadcrumb\"},\"inLanguage\":\"es\",\"potentialAction\":[{\"@type\":\"ReadAction\",\"target\":[\"https:\\\/\\\/nutrixperts.com\\\/es\\\/servicio\\\/product-development\\\/formulacion-del-producto\\\/\"]}]},{\"@type\":\"ImageObject\",\"inLanguage\":\"es\",\"@id\":\"https:\\\/\\\/nutrixperts.com\\\/es\\\/servicio\\\/product-development\\\/formulacion-del-producto\\\/#primaryimage\",\"url\":\"https:\\\/\\\/nutrixperts.com\\\/wp-content\\\/uploads\\\/2026\\\/01\\\/baby-milk-bottles-white-background.jpg\",\"contentUrl\":\"https:\\\/\\\/nutrixperts.com\\\/wp-content\\\/uploads\\\/2026\\\/01\\\/baby-milk-bottles-white-background.jpg\",\"width\":3984,\"height\":3014},{\"@type\":\"BreadcrumbList\",\"@id\":\"https:\\\/\\\/nutrixperts.com\\\/es\\\/servicio\\\/product-development\\\/formulacion-del-producto\\\/#breadcrumb\",\"itemListElement\":[{\"@type\":\"ListItem\",\"position\":1,\"name\":\"Home\",\"item\":\"https:\\\/\\\/nutrixperts.com\\\/es\\\/\"},{\"@type\":\"ListItem\",\"position\":2,\"name\":\"SERVICIO\",\"item\":\"https:\\\/\\\/nutrixperts.com\\\/es\\\/servicio\\\/\"},{\"@type\":\"ListItem\",\"position\":3,\"name\":\"Desarrollo de Producto\",\"item\":\"https:\\\/\\\/nutrixperts.com\\\/es\\\/servicio\\\/product-development\\\/\"},{\"@type\":\"ListItem\",\"position\":4,\"name\":\"Formulaci\u00f3n del Producto\"}]},{\"@type\":\"WebSite\",\"@id\":\"https:\\\/\\\/nutrixperts.com\\\/es\\\/#website\",\"url\":\"https:\\\/\\\/nutrixperts.com\\\/es\\\/\",\"name\":\"NutriXperts\",\"description\":\"NutriXperts is  the leading consultancy company within the infant formula and nutrition industries.\",\"publisher\":{\"@id\":\"https:\\\/\\\/nutrixperts.com\\\/es\\\/#organization\"},\"potentialAction\":[{\"@type\":\"SearchAction\",\"target\":{\"@type\":\"EntryPoint\",\"urlTemplate\":\"https:\\\/\\\/nutrixperts.com\\\/es\\\/?s={search_term_string}\"},\"query-input\":{\"@type\":\"PropertyValueSpecification\",\"valueRequired\":true,\"valueName\":\"search_term_string\"}}],\"inLanguage\":\"es\"},{\"@type\":\"Organization\",\"@id\":\"https:\\\/\\\/nutrixperts.com\\\/es\\\/#organization\",\"name\":\"NutriXperts Consulting\",\"url\":\"https:\\\/\\\/nutrixperts.com\\\/es\\\/\",\"logo\":{\"@type\":\"ImageObject\",\"inLanguage\":\"es\",\"@id\":\"https:\\\/\\\/nutrixperts.com\\\/es\\\/#\\\/schema\\\/logo\\\/image\\\/\",\"url\":\"https:\\\/\\\/nutrixperts.com\\\/wp-content\\\/uploads\\\/2020\\\/02\\\/logo_text-1.png\",\"contentUrl\":\"https:\\\/\\\/nutrixperts.com\\\/wp-content\\\/uploads\\\/2020\\\/02\\\/logo_text-1.png\",\"width\":168,\"height\":168,\"caption\":\"NutriXperts Consulting\"},\"image\":{\"@id\":\"https:\\\/\\\/nutrixperts.com\\\/es\\\/#\\\/schema\\\/logo\\\/image\\\/\"}}]}<\/script>\n<!-- \/ Yoast SEO plugin. -->","yoast_head_json":{"title":"Formulaci\u00f3n del Producto | NutriXperts","robots":{"index":"index","follow":"follow","max-snippet":"max-snippet:-1","max-image-preview":"max-image-preview:large","max-video-preview":"max-video-preview:-1"},"canonical":"https:\/\/nutrixperts.com\/es\/servicio\/product-development\/formulacion-del-producto\/","og_locale":"es_ES","og_type":"article","og_title":"Formulaci\u00f3n del Producto | NutriXperts","og_description":"La reformulaci\u00f3n frecuente y el lanzamiento de nuevos productos son imprescindibles para proporcionar la mejor nutrici\u00f3n y para mantenerse competitivo. Es importante darle a su producto un determinado perfil nutricional y percepci\u00f3n del consumidor. Nuestro proceso de formulaci\u00f3n generalmente empieza determinando el perfil nutricional de su producto. Con la f\u00f3rmula infantil y productos cl\u00ednicos, es [&hellip;]","og_url":"https:\/\/nutrixperts.com\/es\/servicio\/product-development\/formulacion-del-producto\/","og_site_name":"NutriXperts","article_modified_time":"2020-04-15T18:33:00+00:00","og_image":[{"width":600,"height":435,"url":"https:\/\/nutrixperts.com\/wp-content\/uploads\/2020\/02\/Product_Formulation_cover.jpg","type":"image\/jpeg"}],"twitter_card":"summary_large_image","twitter_misc":{"Tiempo de lectura":"1 minuto"},"schema":{"@context":"https:\/\/schema.org","@graph":[{"@type":"WebPage","@id":"https:\/\/nutrixperts.com\/es\/servicio\/product-development\/formulacion-del-producto\/","url":"https:\/\/nutrixperts.com\/es\/servicio\/product-development\/formulacion-del-producto\/","name":"Formulaci\u00f3n del Producto | NutriXperts","isPartOf":{"@id":"https:\/\/nutrixperts.com\/es\/#website"},"primaryImageOfPage":{"@id":"https:\/\/nutrixperts.com\/es\/servicio\/product-development\/formulacion-del-producto\/#primaryimage"},"image":{"@id":"https:\/\/nutrixperts.com\/es\/servicio\/product-development\/formulacion-del-producto\/#primaryimage"},"thumbnailUrl":"https:\/\/nutrixperts.com\/wp-content\/uploads\/2026\/01\/baby-milk-bottles-white-background.jpg","datePublished":"2020-02-14T07:15:09+00:00","dateModified":"2020-04-15T18:33:00+00:00","breadcrumb":{"@id":"https:\/\/nutrixperts.com\/es\/servicio\/product-development\/formulacion-del-producto\/#breadcrumb"},"inLanguage":"es","potentialAction":[{"@type":"ReadAction","target":["https:\/\/nutrixperts.com\/es\/servicio\/product-development\/formulacion-del-producto\/"]}]},{"@type":"ImageObject","inLanguage":"es","@id":"https:\/\/nutrixperts.com\/es\/servicio\/product-development\/formulacion-del-producto\/#primaryimage","url":"https:\/\/nutrixperts.com\/wp-content\/uploads\/2026\/01\/baby-milk-bottles-white-background.jpg","contentUrl":"https:\/\/nutrixperts.com\/wp-content\/uploads\/2026\/01\/baby-milk-bottles-white-background.jpg","width":3984,"height":3014},{"@type":"BreadcrumbList","@id":"https:\/\/nutrixperts.com\/es\/servicio\/product-development\/formulacion-del-producto\/#breadcrumb","itemListElement":[{"@type":"ListItem","position":1,"name":"Home","item":"https:\/\/nutrixperts.com\/es\/"},{"@type":"ListItem","position":2,"name":"SERVICIO","item":"https:\/\/nutrixperts.com\/es\/servicio\/"},{"@type":"ListItem","position":3,"name":"Desarrollo de Producto","item":"https:\/\/nutrixperts.com\/es\/servicio\/product-development\/"},{"@type":"ListItem","position":4,"name":"Formulaci\u00f3n del Producto"}]},{"@type":"WebSite","@id":"https:\/\/nutrixperts.com\/es\/#website","url":"https:\/\/nutrixperts.com\/es\/","name":"NutriXperts","description":"NutriXperts is  the leading consultancy company within the infant formula and nutrition industries.","publisher":{"@id":"https:\/\/nutrixperts.com\/es\/#organization"},"potentialAction":[{"@type":"SearchAction","target":{"@type":"EntryPoint","urlTemplate":"https:\/\/nutrixperts.com\/es\/?s={search_term_string}"},"query-input":{"@type":"PropertyValueSpecification","valueRequired":true,"valueName":"search_term_string"}}],"inLanguage":"es"},{"@type":"Organization","@id":"https:\/\/nutrixperts.com\/es\/#organization","name":"NutriXperts Consulting","url":"https:\/\/nutrixperts.com\/es\/","logo":{"@type":"ImageObject","inLanguage":"es","@id":"https:\/\/nutrixperts.com\/es\/#\/schema\/logo\/image\/","url":"https:\/\/nutrixperts.com\/wp-content\/uploads\/2020\/02\/logo_text-1.png","contentUrl":"https:\/\/nutrixperts.com\/wp-content\/uploads\/2020\/02\/logo_text-1.png","width":168,"height":168,"caption":"NutriXperts Consulting"},"image":{"@id":"https:\/\/nutrixperts.com\/es\/#\/schema\/logo\/image\/"}}]}},"_links":{"self":[{"href":"https:\/\/nutrixperts.com\/es\/wp-json\/wp\/v2\/pages\/1887","targetHints":{"allow":["GET"]}}],"collection":[{"href":"https:\/\/nutrixperts.com\/es\/wp-json\/wp\/v2\/pages"}],"about":[{"href":"https:\/\/nutrixperts.com\/es\/wp-json\/wp\/v2\/types\/page"}],"author":[{"embeddable":true,"href":"https:\/\/nutrixperts.com\/es\/wp-json\/wp\/v2\/users\/1"}],"replies":[{"embeddable":true,"href":"https:\/\/nutrixperts.com\/es\/wp-json\/wp\/v2\/comments?post=1887"}],"version-history":[{"count":0,"href":"https:\/\/nutrixperts.com\/es\/wp-json\/wp\/v2\/pages\/1887\/revisions"}],"up":[{"embeddable":true,"href":"https:\/\/nutrixperts.com\/es\/wp-json\/wp\/v2\/pages\/1878"}],"wp:featuredmedia":[{"embeddable":true,"href":"https:\/\/nutrixperts.com\/es\/wp-json\/wp\/v2\/media\/2592"}],"wp:attachment":[{"href":"https:\/\/nutrixperts.com\/es\/wp-json\/wp\/v2\/media?parent=1887"}],"curies":[{"name":"wp","href":"https:\/\/api.w.org\/{rel}","templated":true}]}}