{"id":1894,"date":"2020-02-15T08:52:24","date_gmt":"2020-02-15T08:52:24","guid":{"rendered":"http:\/\/nutrixperts.flywheelsites.com\/service\/quality-environment-health-safety\/audits\/"},"modified":"2020-04-16T01:35:48","modified_gmt":"2020-04-15T18:35:48","slug":"auditorias","status":"publish","type":"page","link":"https:\/\/nutrixperts.com\/es\/servicio\/calidad-medio-ambiente-salud-y-seguridad\/auditorias\/","title":{"rendered":"Auditor\u00edas"},"content":{"rendered":"\n<h3 class=\"wp-block-heading\"><strong>\u00bfEst\u00e1 poniendo en riesgo el valor de su marca?\u00a0<\/strong> <\/h3>\n\n\n\n<p>\u00a1En la industria de la nutrici\u00f3n, una buena imagen de marca puede ser destruida por un incidente desafortunado, como lo demuestran los frecuentes boletines de noticias! Asegurar la calidad de cada paquete del consumidor es una tarea permanente para los fabricantes y las organizaciones. Para solucionar este problema, el enfoque de la auditor\u00eda de Nutrixperts se enfoca en la eliminaci\u00f3n del riesgo QEHS (con relaci\u00f3n a los productos y el personal), comparados seg\u00fan normas industriales y las mejores pr\u00e1cticas de la industria.\u00a0<\/p>\n\n\n\n<div style=\"height:60px\" aria-hidden=\"true\" class=\"wp-block-spacer\"><\/div>\n\n\n\n<p>En la actualidad, todos los fabricantes serios reciben auditorias frecuentes del sitio; de los clientes, certificadores ISO, inspectores del gobierno, as\u00ed como para prop\u00f3sitos especiales como halal, org\u00e1nicos o certificaci\u00f3n Kosher, etc. Sin embargo, estas auditor\u00edas aportan muy poco valor a\u00f1adido en cuanto a lo que se refiere a la reducci\u00f3n del riesgo. Las auditor\u00edas Nutrixperts son diferentes ya que aplican un enfoque hol\u00edstico a su operaci\u00f3n para reducir los riesgos asociados.\u00a0 <\/p>\n\n\n\n<div style=\"height:60px\" aria-hidden=\"true\" class=\"wp-block-spacer\"><\/div>\n\n\n\n<figure class=\"wp-block-image size-large img_s1\"><img loading=\"lazy\" decoding=\"async\" width=\"772\" height=\"417\" src=\"https:\/\/nutrixperts.com\/wp-content\/uploads\/2020\/02\/image_Audits.jpg\" alt=\"\" class=\"wp-image-728\" srcset=\"https:\/\/nutrixperts.com\/wp-content\/uploads\/2020\/02\/image_Audits.jpg 772w, https:\/\/nutrixperts.com\/wp-content\/uploads\/2020\/02\/image_Audits-300x162.jpg 300w, https:\/\/nutrixperts.com\/wp-content\/uploads\/2020\/02\/image_Audits-768x415.jpg 768w\" sizes=\"auto, (max-width: 772px) 100vw, 772px\" \/><\/figure>\n\n\n\n<div style=\"height:60px\" aria-hidden=\"true\" class=\"wp-block-spacer\"><\/div>\n\n\n\n<p class=\"h_block\">El equipo de auditor\u00eda de Nutrixperts consta de al menos dos auditores senior con experiencia de m\u00e1s de 50 f\u00e1bricas de nutrici\u00f3n, principalmente en la industria de la f\u00f3rmula infantil. Nuestros auditores tienen tambi\u00e9n han practicado lo que predican sirviendo en puestos directivos de gesti\u00f3n dentro de la industria.<\/p>\n","protected":false},"excerpt":{"rendered":"<p>\u00bfEst\u00e1 poniendo en riesgo el valor de su marca?\u00a0 \u00a1En la industria de la nutrici\u00f3n, una buena imagen de marca puede ser destruida por un incidente desafortunado, como lo demuestran los frecuentes boletines de noticias! Asegurar la calidad de cada paquete del consumidor es una tarea permanente para los fabricantes y las organizaciones. Para solucionar [&hellip;]<\/p>\n","protected":false},"author":1,"featured_media":2603,"parent":1891,"menu_order":0,"comment_status":"closed","ping_status":"closed","template":"page-service.php","meta":{"_acf_changed":false,"_monsterinsights_skip_tracking":false,"_monsterinsights_sitenote_active":false,"_monsterinsights_sitenote_note":"","_monsterinsights_sitenote_category":0,"footnotes":""},"class_list":["post-1894","page","type-page","status-publish","has-post-thumbnail","hentry","entry"],"acf":[],"yoast_head":"<!-- This site is optimized with the Yoast SEO plugin v27.3 - https:\/\/yoast.com\/product\/yoast-seo-wordpress\/ -->\n<title>Auditor\u00edas | NutriXperts<\/title>\n<meta name=\"robots\" content=\"index, follow, max-snippet:-1, max-image-preview:large, max-video-preview:-1\" \/>\n<link rel=\"canonical\" href=\"https:\/\/nutrixperts.com\/es\/servicio\/calidad-medio-ambiente-salud-y-seguridad\/auditorias\/\" \/>\n<meta property=\"og:locale\" content=\"es_ES\" \/>\n<meta property=\"og:type\" content=\"article\" \/>\n<meta property=\"og:title\" content=\"Auditor\u00edas | NutriXperts\" \/>\n<meta property=\"og:description\" content=\"\u00bfEst\u00e1 poniendo en riesgo el valor de su marca?\u00a0 \u00a1En la industria de la nutrici\u00f3n, una buena imagen de marca puede ser destruida por un incidente desafortunado, como lo demuestran los frecuentes boletines de noticias! Asegurar la calidad de cada paquete del consumidor es una tarea permanente para los fabricantes y las organizaciones. Para solucionar [&hellip;]\" \/>\n<meta property=\"og:url\" content=\"https:\/\/nutrixperts.com\/es\/servicio\/calidad-medio-ambiente-salud-y-seguridad\/auditorias\/\" \/>\n<meta property=\"og:site_name\" content=\"NutriXperts\" \/>\n<meta property=\"article:modified_time\" content=\"2020-04-15T18:35:48+00:00\" \/>\n<meta property=\"og:image\" content=\"https:\/\/nutrixperts.com\/wp-content\/uploads\/2020\/02\/Audits.jpg\" \/>\n\t<meta property=\"og:image:width\" content=\"600\" \/>\n\t<meta property=\"og:image:height\" content=\"435\" \/>\n\t<meta property=\"og:image:type\" content=\"image\/jpeg\" \/>\n<meta name=\"twitter:card\" content=\"summary_large_image\" \/>\n<meta name=\"twitter:label1\" content=\"Tiempo de lectura\" \/>\n\t<meta name=\"twitter:data1\" content=\"1 minuto\" \/>\n<script type=\"application\/ld+json\" class=\"yoast-schema-graph\">{\"@context\":\"https:\\\/\\\/schema.org\",\"@graph\":[{\"@type\":\"WebPage\",\"@id\":\"https:\\\/\\\/nutrixperts.com\\\/es\\\/servicio\\\/calidad-medio-ambiente-salud-y-seguridad\\\/auditorias\\\/\",\"url\":\"https:\\\/\\\/nutrixperts.com\\\/es\\\/servicio\\\/calidad-medio-ambiente-salud-y-seguridad\\\/auditorias\\\/\",\"name\":\"Auditor\u00edas | NutriXperts\",\"isPartOf\":{\"@id\":\"https:\\\/\\\/nutrixperts.com\\\/es\\\/#website\"},\"primaryImageOfPage\":{\"@id\":\"https:\\\/\\\/nutrixperts.com\\\/es\\\/servicio\\\/calidad-medio-ambiente-salud-y-seguridad\\\/auditorias\\\/#primaryimage\"},\"image\":{\"@id\":\"https:\\\/\\\/nutrixperts.com\\\/es\\\/servicio\\\/calidad-medio-ambiente-salud-y-seguridad\\\/auditorias\\\/#primaryimage\"},\"thumbnailUrl\":\"https:\\\/\\\/nutrixperts.com\\\/wp-content\\\/uploads\\\/2026\\\/01\\\/healthcare-doctor-taking-sample-from-test-tube-using-micropipette-team-microbiologists-research-laboratory-conducting-experiment-global-pandemic-with-covid19.jpg\",\"datePublished\":\"2020-02-15T08:52:24+00:00\",\"dateModified\":\"2020-04-15T18:35:48+00:00\",\"breadcrumb\":{\"@id\":\"https:\\\/\\\/nutrixperts.com\\\/es\\\/servicio\\\/calidad-medio-ambiente-salud-y-seguridad\\\/auditorias\\\/#breadcrumb\"},\"inLanguage\":\"es\",\"potentialAction\":[{\"@type\":\"ReadAction\",\"target\":[\"https:\\\/\\\/nutrixperts.com\\\/es\\\/servicio\\\/calidad-medio-ambiente-salud-y-seguridad\\\/auditorias\\\/\"]}]},{\"@type\":\"ImageObject\",\"inLanguage\":\"es\",\"@id\":\"https:\\\/\\\/nutrixperts.com\\\/es\\\/servicio\\\/calidad-medio-ambiente-salud-y-seguridad\\\/auditorias\\\/#primaryimage\",\"url\":\"https:\\\/\\\/nutrixperts.com\\\/wp-content\\\/uploads\\\/2026\\\/01\\\/healthcare-doctor-taking-sample-from-test-tube-using-micropipette-team-microbiologists-research-laboratory-conducting-experiment-global-pandemic-with-covid19.jpg\",\"contentUrl\":\"https:\\\/\\\/nutrixperts.com\\\/wp-content\\\/uploads\\\/2026\\\/01\\\/healthcare-doctor-taking-sample-from-test-tube-using-micropipette-team-microbiologists-research-laboratory-conducting-experiment-global-pandemic-with-covid19.jpg\",\"width\":2779,\"height\":1853},{\"@type\":\"BreadcrumbList\",\"@id\":\"https:\\\/\\\/nutrixperts.com\\\/es\\\/servicio\\\/calidad-medio-ambiente-salud-y-seguridad\\\/auditorias\\\/#breadcrumb\",\"itemListElement\":[{\"@type\":\"ListItem\",\"position\":1,\"name\":\"Home\",\"item\":\"https:\\\/\\\/nutrixperts.com\\\/es\\\/\"},{\"@type\":\"ListItem\",\"position\":2,\"name\":\"SERVICIO\",\"item\":\"https:\\\/\\\/nutrixperts.com\\\/es\\\/servicio\\\/\"},{\"@type\":\"ListItem\",\"position\":3,\"name\":\"Calidad, Medio Ambiente, Salud y Seguridad\",\"item\":\"https:\\\/\\\/nutrixperts.com\\\/es\\\/servicio\\\/calidad-medio-ambiente-salud-y-seguridad\\\/\"},{\"@type\":\"ListItem\",\"position\":4,\"name\":\"Auditor\u00edas\"}]},{\"@type\":\"WebSite\",\"@id\":\"https:\\\/\\\/nutrixperts.com\\\/es\\\/#website\",\"url\":\"https:\\\/\\\/nutrixperts.com\\\/es\\\/\",\"name\":\"NutriXperts\",\"description\":\"NutriXperts is  the leading consultancy company within the infant formula and nutrition industries.\",\"publisher\":{\"@id\":\"https:\\\/\\\/nutrixperts.com\\\/es\\\/#organization\"},\"potentialAction\":[{\"@type\":\"SearchAction\",\"target\":{\"@type\":\"EntryPoint\",\"urlTemplate\":\"https:\\\/\\\/nutrixperts.com\\\/es\\\/?s={search_term_string}\"},\"query-input\":{\"@type\":\"PropertyValueSpecification\",\"valueRequired\":true,\"valueName\":\"search_term_string\"}}],\"inLanguage\":\"es\"},{\"@type\":\"Organization\",\"@id\":\"https:\\\/\\\/nutrixperts.com\\\/es\\\/#organization\",\"name\":\"NutriXperts Consulting\",\"url\":\"https:\\\/\\\/nutrixperts.com\\\/es\\\/\",\"logo\":{\"@type\":\"ImageObject\",\"inLanguage\":\"es\",\"@id\":\"https:\\\/\\\/nutrixperts.com\\\/es\\\/#\\\/schema\\\/logo\\\/image\\\/\",\"url\":\"https:\\\/\\\/nutrixperts.com\\\/wp-content\\\/uploads\\\/2020\\\/02\\\/logo_text-1.png\",\"contentUrl\":\"https:\\\/\\\/nutrixperts.com\\\/wp-content\\\/uploads\\\/2020\\\/02\\\/logo_text-1.png\",\"width\":168,\"height\":168,\"caption\":\"NutriXperts Consulting\"},\"image\":{\"@id\":\"https:\\\/\\\/nutrixperts.com\\\/es\\\/#\\\/schema\\\/logo\\\/image\\\/\"}}]}<\/script>\n<!-- \/ Yoast SEO plugin. -->","yoast_head_json":{"title":"Auditor\u00edas | NutriXperts","robots":{"index":"index","follow":"follow","max-snippet":"max-snippet:-1","max-image-preview":"max-image-preview:large","max-video-preview":"max-video-preview:-1"},"canonical":"https:\/\/nutrixperts.com\/es\/servicio\/calidad-medio-ambiente-salud-y-seguridad\/auditorias\/","og_locale":"es_ES","og_type":"article","og_title":"Auditor\u00edas | NutriXperts","og_description":"\u00bfEst\u00e1 poniendo en riesgo el valor de su marca?\u00a0 \u00a1En la industria de la nutrici\u00f3n, una buena imagen de marca puede ser destruida por un incidente desafortunado, como lo demuestran los frecuentes boletines de noticias! Asegurar la calidad de cada paquete del consumidor es una tarea permanente para los fabricantes y las organizaciones. Para solucionar [&hellip;]","og_url":"https:\/\/nutrixperts.com\/es\/servicio\/calidad-medio-ambiente-salud-y-seguridad\/auditorias\/","og_site_name":"NutriXperts","article_modified_time":"2020-04-15T18:35:48+00:00","og_image":[{"width":600,"height":435,"url":"https:\/\/nutrixperts.com\/wp-content\/uploads\/2020\/02\/Audits.jpg","type":"image\/jpeg"}],"twitter_card":"summary_large_image","twitter_misc":{"Tiempo de lectura":"1 minuto"},"schema":{"@context":"https:\/\/schema.org","@graph":[{"@type":"WebPage","@id":"https:\/\/nutrixperts.com\/es\/servicio\/calidad-medio-ambiente-salud-y-seguridad\/auditorias\/","url":"https:\/\/nutrixperts.com\/es\/servicio\/calidad-medio-ambiente-salud-y-seguridad\/auditorias\/","name":"Auditor\u00edas | NutriXperts","isPartOf":{"@id":"https:\/\/nutrixperts.com\/es\/#website"},"primaryImageOfPage":{"@id":"https:\/\/nutrixperts.com\/es\/servicio\/calidad-medio-ambiente-salud-y-seguridad\/auditorias\/#primaryimage"},"image":{"@id":"https:\/\/nutrixperts.com\/es\/servicio\/calidad-medio-ambiente-salud-y-seguridad\/auditorias\/#primaryimage"},"thumbnailUrl":"https:\/\/nutrixperts.com\/wp-content\/uploads\/2026\/01\/healthcare-doctor-taking-sample-from-test-tube-using-micropipette-team-microbiologists-research-laboratory-conducting-experiment-global-pandemic-with-covid19.jpg","datePublished":"2020-02-15T08:52:24+00:00","dateModified":"2020-04-15T18:35:48+00:00","breadcrumb":{"@id":"https:\/\/nutrixperts.com\/es\/servicio\/calidad-medio-ambiente-salud-y-seguridad\/auditorias\/#breadcrumb"},"inLanguage":"es","potentialAction":[{"@type":"ReadAction","target":["https:\/\/nutrixperts.com\/es\/servicio\/calidad-medio-ambiente-salud-y-seguridad\/auditorias\/"]}]},{"@type":"ImageObject","inLanguage":"es","@id":"https:\/\/nutrixperts.com\/es\/servicio\/calidad-medio-ambiente-salud-y-seguridad\/auditorias\/#primaryimage","url":"https:\/\/nutrixperts.com\/wp-content\/uploads\/2026\/01\/healthcare-doctor-taking-sample-from-test-tube-using-micropipette-team-microbiologists-research-laboratory-conducting-experiment-global-pandemic-with-covid19.jpg","contentUrl":"https:\/\/nutrixperts.com\/wp-content\/uploads\/2026\/01\/healthcare-doctor-taking-sample-from-test-tube-using-micropipette-team-microbiologists-research-laboratory-conducting-experiment-global-pandemic-with-covid19.jpg","width":2779,"height":1853},{"@type":"BreadcrumbList","@id":"https:\/\/nutrixperts.com\/es\/servicio\/calidad-medio-ambiente-salud-y-seguridad\/auditorias\/#breadcrumb","itemListElement":[{"@type":"ListItem","position":1,"name":"Home","item":"https:\/\/nutrixperts.com\/es\/"},{"@type":"ListItem","position":2,"name":"SERVICIO","item":"https:\/\/nutrixperts.com\/es\/servicio\/"},{"@type":"ListItem","position":3,"name":"Calidad, Medio Ambiente, Salud y Seguridad","item":"https:\/\/nutrixperts.com\/es\/servicio\/calidad-medio-ambiente-salud-y-seguridad\/"},{"@type":"ListItem","position":4,"name":"Auditor\u00edas"}]},{"@type":"WebSite","@id":"https:\/\/nutrixperts.com\/es\/#website","url":"https:\/\/nutrixperts.com\/es\/","name":"NutriXperts","description":"NutriXperts is  the leading consultancy company within the infant formula and nutrition industries.","publisher":{"@id":"https:\/\/nutrixperts.com\/es\/#organization"},"potentialAction":[{"@type":"SearchAction","target":{"@type":"EntryPoint","urlTemplate":"https:\/\/nutrixperts.com\/es\/?s={search_term_string}"},"query-input":{"@type":"PropertyValueSpecification","valueRequired":true,"valueName":"search_term_string"}}],"inLanguage":"es"},{"@type":"Organization","@id":"https:\/\/nutrixperts.com\/es\/#organization","name":"NutriXperts Consulting","url":"https:\/\/nutrixperts.com\/es\/","logo":{"@type":"ImageObject","inLanguage":"es","@id":"https:\/\/nutrixperts.com\/es\/#\/schema\/logo\/image\/","url":"https:\/\/nutrixperts.com\/wp-content\/uploads\/2020\/02\/logo_text-1.png","contentUrl":"https:\/\/nutrixperts.com\/wp-content\/uploads\/2020\/02\/logo_text-1.png","width":168,"height":168,"caption":"NutriXperts Consulting"},"image":{"@id":"https:\/\/nutrixperts.com\/es\/#\/schema\/logo\/image\/"}}]}},"_links":{"self":[{"href":"https:\/\/nutrixperts.com\/es\/wp-json\/wp\/v2\/pages\/1894","targetHints":{"allow":["GET"]}}],"collection":[{"href":"https:\/\/nutrixperts.com\/es\/wp-json\/wp\/v2\/pages"}],"about":[{"href":"https:\/\/nutrixperts.com\/es\/wp-json\/wp\/v2\/types\/page"}],"author":[{"embeddable":true,"href":"https:\/\/nutrixperts.com\/es\/wp-json\/wp\/v2\/users\/1"}],"replies":[{"embeddable":true,"href":"https:\/\/nutrixperts.com\/es\/wp-json\/wp\/v2\/comments?post=1894"}],"version-history":[{"count":0,"href":"https:\/\/nutrixperts.com\/es\/wp-json\/wp\/v2\/pages\/1894\/revisions"}],"up":[{"embeddable":true,"href":"https:\/\/nutrixperts.com\/es\/wp-json\/wp\/v2\/pages\/1891"}],"wp:featuredmedia":[{"embeddable":true,"href":"https:\/\/nutrixperts.com\/es\/wp-json\/wp\/v2\/media\/2603"}],"wp:attachment":[{"href":"https:\/\/nutrixperts.com\/es\/wp-json\/wp\/v2\/media?parent=1894"}],"curies":[{"name":"wp","href":"https:\/\/api.w.org\/{rel}","templated":true}]}}