{"id":1900,"date":"2020-02-14T09:31:15","date_gmt":"2020-02-14T09:31:15","guid":{"rendered":"http:\/\/nutrixperts.flywheelsites.com\/technical-design\/"},"modified":"2020-04-16T01:46:43","modified_gmt":"2020-04-15T18:46:43","slug":"diseno-tecnico","status":"publish","type":"page","link":"https:\/\/nutrixperts.com\/es\/servicio\/soporte-tecnico-e-ingenieria\/diseno-tecnico\/","title":{"rendered":"Dise\u00f1o T\u00e9cnico"},"content":{"rendered":"\n<figure class=\"wp-block-image size-large is-style-zoooom\"><img loading=\"lazy\" decoding=\"async\" width=\"994\" height=\"663\" src=\"https:\/\/nutrixperts.com\/wp-content\/uploads\/2020\/02\/img_Technical_Design-1.jpg\" alt=\"\" class=\"wp-image-638\" srcset=\"https:\/\/nutrixperts.com\/wp-content\/uploads\/2020\/02\/img_Technical_Design-1.jpg 994w, https:\/\/nutrixperts.com\/wp-content\/uploads\/2020\/02\/img_Technical_Design-1-300x200.jpg 300w, https:\/\/nutrixperts.com\/wp-content\/uploads\/2020\/02\/img_Technical_Design-1-768x512.jpg 768w\" sizes=\"auto, (max-width: 994px) 100vw, 994px\" \/><\/figure>\n\n\n\n<p class=\"h_block\">\u00a1Calidad por dise\u00f1o! En Nutrixperts, tenemos a\u00f1os de experiencia pr\u00e1ctica en la introducci\u00f3n de nuevos procesos de fabricaci\u00f3n, equipos y equipos operativos.\u00a0<\/p>\n\n\n\n<div style=\"height:60px\" aria-hidden=\"true\" class=\"wp-block-spacer\"><\/div>\n\n\n\n<p>Junto con nuestra experiencia en el desarrollo de productos, esto nos da una visi\u00f3n indispensable para el proceso del dise\u00f1o y selecci\u00f3n de equipo. Hemos dominado cada paso del proceso de dise\u00f1o y lo podemos apoyar en todos los aspectos de la selecci\u00f3n de su nueva l\u00ednea de procesamiento. Adem\u00e1s del rendimiento, nuestro principal objetivo es minimizar el riesgo de acceso microbiol\u00f3gico, crecimiento y contaminaci\u00f3n cruzada.<\/p>\n","protected":false},"excerpt":{"rendered":"<p>\u00a1Calidad por dise\u00f1o! En Nutrixperts, tenemos a\u00f1os de experiencia pr\u00e1ctica en la introducci\u00f3n de nuevos procesos de fabricaci\u00f3n, equipos y equipos operativos.\u00a0 Junto con nuestra experiencia en el desarrollo de productos, esto nos da una visi\u00f3n indispensable para el proceso del dise\u00f1o y selecci\u00f3n de equipo. Hemos dominado cada paso del proceso de dise\u00f1o y [&hellip;]<\/p>\n","protected":false},"author":1,"featured_media":985,"parent":1915,"menu_order":0,"comment_status":"closed","ping_status":"closed","template":"page-service.php","meta":{"_acf_changed":false,"_monsterinsights_skip_tracking":false,"_monsterinsights_sitenote_active":false,"_monsterinsights_sitenote_note":"","_monsterinsights_sitenote_category":0,"footnotes":""},"class_list":["post-1900","page","type-page","status-publish","has-post-thumbnail","hentry","entry"],"acf":[],"yoast_head":"<!-- This site is optimized with the Yoast SEO plugin v27.4 - https:\/\/yoast.com\/product\/yoast-seo-wordpress\/ -->\n<title>Dise\u00f1o T\u00e9cnico | NutriXperts<\/title>\n<meta name=\"robots\" content=\"index, follow, max-snippet:-1, max-image-preview:large, max-video-preview:-1\" \/>\n<link rel=\"canonical\" href=\"https:\/\/nutrixperts.com\/es\/servicio\/soporte-tecnico-e-ingenieria\/diseno-tecnico\/\" \/>\n<meta property=\"og:locale\" content=\"es_ES\" \/>\n<meta property=\"og:type\" content=\"article\" \/>\n<meta property=\"og:title\" content=\"Dise\u00f1o T\u00e9cnico | NutriXperts\" \/>\n<meta property=\"og:description\" content=\"\u00a1Calidad por dise\u00f1o! En Nutrixperts, tenemos a\u00f1os de experiencia pr\u00e1ctica en la introducci\u00f3n de nuevos procesos de fabricaci\u00f3n, equipos y equipos operativos.\u00a0 Junto con nuestra experiencia en el desarrollo de productos, esto nos da una visi\u00f3n indispensable para el proceso del dise\u00f1o y selecci\u00f3n de equipo. Hemos dominado cada paso del proceso de dise\u00f1o y [&hellip;]\" \/>\n<meta property=\"og:url\" content=\"https:\/\/nutrixperts.com\/es\/servicio\/soporte-tecnico-e-ingenieria\/diseno-tecnico\/\" \/>\n<meta property=\"og:site_name\" content=\"NutriXperts\" \/>\n<meta property=\"article:modified_time\" content=\"2020-04-15T18:46:43+00:00\" \/>\n<meta property=\"og:image\" content=\"https:\/\/nutrixperts.com\/wp-content\/uploads\/2020\/02\/Technical_Design.jpg\" \/>\n\t<meta property=\"og:image:width\" content=\"600\" \/>\n\t<meta property=\"og:image:height\" content=\"435\" \/>\n\t<meta property=\"og:image:type\" content=\"image\/jpeg\" \/>\n<meta name=\"twitter:card\" content=\"summary_large_image\" \/>\n<meta name=\"twitter:label1\" content=\"Tiempo de lectura\" \/>\n\t<meta name=\"twitter:data1\" content=\"1 minuto\" \/>\n<script type=\"application\/ld+json\" class=\"yoast-schema-graph\">{\"@context\":\"https:\\\/\\\/schema.org\",\"@graph\":[{\"@type\":\"WebPage\",\"@id\":\"https:\\\/\\\/nutrixperts.com\\\/es\\\/servicio\\\/soporte-tecnico-e-ingenieria\\\/diseno-tecnico\\\/\",\"url\":\"https:\\\/\\\/nutrixperts.com\\\/es\\\/servicio\\\/soporte-tecnico-e-ingenieria\\\/diseno-tecnico\\\/\",\"name\":\"Dise\u00f1o T\u00e9cnico | NutriXperts\",\"isPartOf\":{\"@id\":\"https:\\\/\\\/nutrixperts.com\\\/es\\\/#website\"},\"primaryImageOfPage\":{\"@id\":\"https:\\\/\\\/nutrixperts.com\\\/es\\\/servicio\\\/soporte-tecnico-e-ingenieria\\\/diseno-tecnico\\\/#primaryimage\"},\"image\":{\"@id\":\"https:\\\/\\\/nutrixperts.com\\\/es\\\/servicio\\\/soporte-tecnico-e-ingenieria\\\/diseno-tecnico\\\/#primaryimage\"},\"thumbnailUrl\":\"https:\\\/\\\/nutrixperts.com\\\/wp-content\\\/uploads\\\/2020\\\/02\\\/Technical_Design.jpg\",\"datePublished\":\"2020-02-14T09:31:15+00:00\",\"dateModified\":\"2020-04-15T18:46:43+00:00\",\"breadcrumb\":{\"@id\":\"https:\\\/\\\/nutrixperts.com\\\/es\\\/servicio\\\/soporte-tecnico-e-ingenieria\\\/diseno-tecnico\\\/#breadcrumb\"},\"inLanguage\":\"es\",\"potentialAction\":[{\"@type\":\"ReadAction\",\"target\":[\"https:\\\/\\\/nutrixperts.com\\\/es\\\/servicio\\\/soporte-tecnico-e-ingenieria\\\/diseno-tecnico\\\/\"]}]},{\"@type\":\"ImageObject\",\"inLanguage\":\"es\",\"@id\":\"https:\\\/\\\/nutrixperts.com\\\/es\\\/servicio\\\/soporte-tecnico-e-ingenieria\\\/diseno-tecnico\\\/#primaryimage\",\"url\":\"https:\\\/\\\/nutrixperts.com\\\/wp-content\\\/uploads\\\/2020\\\/02\\\/Technical_Design.jpg\",\"contentUrl\":\"https:\\\/\\\/nutrixperts.com\\\/wp-content\\\/uploads\\\/2020\\\/02\\\/Technical_Design.jpg\",\"width\":600,\"height\":435,\"caption\":\"Technical Design\"},{\"@type\":\"BreadcrumbList\",\"@id\":\"https:\\\/\\\/nutrixperts.com\\\/es\\\/servicio\\\/soporte-tecnico-e-ingenieria\\\/diseno-tecnico\\\/#breadcrumb\",\"itemListElement\":[{\"@type\":\"ListItem\",\"position\":1,\"name\":\"Home\",\"item\":\"https:\\\/\\\/nutrixperts.com\\\/es\\\/\"},{\"@type\":\"ListItem\",\"position\":2,\"name\":\"SERVICIO\",\"item\":\"https:\\\/\\\/nutrixperts.com\\\/es\\\/servicio\\\/\"},{\"@type\":\"ListItem\",\"position\":3,\"name\":\"Soporte t\u00e9cnico e Ingenier\u00eda\",\"item\":\"https:\\\/\\\/nutrixperts.com\\\/es\\\/servicio\\\/soporte-tecnico-e-ingenieria\\\/\"},{\"@type\":\"ListItem\",\"position\":4,\"name\":\"Dise\u00f1o T\u00e9cnico\"}]},{\"@type\":\"WebSite\",\"@id\":\"https:\\\/\\\/nutrixperts.com\\\/es\\\/#website\",\"url\":\"https:\\\/\\\/nutrixperts.com\\\/es\\\/\",\"name\":\"NutriXperts\",\"description\":\"NutriXperts is  the leading consultancy company within the infant formula and nutrition industries.\",\"publisher\":{\"@id\":\"https:\\\/\\\/nutrixperts.com\\\/es\\\/#organization\"},\"potentialAction\":[{\"@type\":\"SearchAction\",\"target\":{\"@type\":\"EntryPoint\",\"urlTemplate\":\"https:\\\/\\\/nutrixperts.com\\\/es\\\/?s={search_term_string}\"},\"query-input\":{\"@type\":\"PropertyValueSpecification\",\"valueRequired\":true,\"valueName\":\"search_term_string\"}}],\"inLanguage\":\"es\"},{\"@type\":\"Organization\",\"@id\":\"https:\\\/\\\/nutrixperts.com\\\/es\\\/#organization\",\"name\":\"NutriXperts Consulting\",\"url\":\"https:\\\/\\\/nutrixperts.com\\\/es\\\/\",\"logo\":{\"@type\":\"ImageObject\",\"inLanguage\":\"es\",\"@id\":\"https:\\\/\\\/nutrixperts.com\\\/es\\\/#\\\/schema\\\/logo\\\/image\\\/\",\"url\":\"https:\\\/\\\/nutrixperts.com\\\/wp-content\\\/uploads\\\/2020\\\/02\\\/logo_text-1.png\",\"contentUrl\":\"https:\\\/\\\/nutrixperts.com\\\/wp-content\\\/uploads\\\/2020\\\/02\\\/logo_text-1.png\",\"width\":168,\"height\":168,\"caption\":\"NutriXperts Consulting\"},\"image\":{\"@id\":\"https:\\\/\\\/nutrixperts.com\\\/es\\\/#\\\/schema\\\/logo\\\/image\\\/\"}}]}<\/script>\n<!-- \/ Yoast SEO plugin. -->","yoast_head_json":{"title":"Dise\u00f1o T\u00e9cnico | NutriXperts","robots":{"index":"index","follow":"follow","max-snippet":"max-snippet:-1","max-image-preview":"max-image-preview:large","max-video-preview":"max-video-preview:-1"},"canonical":"https:\/\/nutrixperts.com\/es\/servicio\/soporte-tecnico-e-ingenieria\/diseno-tecnico\/","og_locale":"es_ES","og_type":"article","og_title":"Dise\u00f1o T\u00e9cnico | NutriXperts","og_description":"\u00a1Calidad por dise\u00f1o! En Nutrixperts, tenemos a\u00f1os de experiencia pr\u00e1ctica en la introducci\u00f3n de nuevos procesos de fabricaci\u00f3n, equipos y equipos operativos.\u00a0 Junto con nuestra experiencia en el desarrollo de productos, esto nos da una visi\u00f3n indispensable para el proceso del dise\u00f1o y selecci\u00f3n de equipo. Hemos dominado cada paso del proceso de dise\u00f1o y [&hellip;]","og_url":"https:\/\/nutrixperts.com\/es\/servicio\/soporte-tecnico-e-ingenieria\/diseno-tecnico\/","og_site_name":"NutriXperts","article_modified_time":"2020-04-15T18:46:43+00:00","og_image":[{"width":600,"height":435,"url":"https:\/\/nutrixperts.com\/wp-content\/uploads\/2020\/02\/Technical_Design.jpg","type":"image\/jpeg"}],"twitter_card":"summary_large_image","twitter_misc":{"Tiempo de lectura":"1 minuto"},"schema":{"@context":"https:\/\/schema.org","@graph":[{"@type":"WebPage","@id":"https:\/\/nutrixperts.com\/es\/servicio\/soporte-tecnico-e-ingenieria\/diseno-tecnico\/","url":"https:\/\/nutrixperts.com\/es\/servicio\/soporte-tecnico-e-ingenieria\/diseno-tecnico\/","name":"Dise\u00f1o T\u00e9cnico | NutriXperts","isPartOf":{"@id":"https:\/\/nutrixperts.com\/es\/#website"},"primaryImageOfPage":{"@id":"https:\/\/nutrixperts.com\/es\/servicio\/soporte-tecnico-e-ingenieria\/diseno-tecnico\/#primaryimage"},"image":{"@id":"https:\/\/nutrixperts.com\/es\/servicio\/soporte-tecnico-e-ingenieria\/diseno-tecnico\/#primaryimage"},"thumbnailUrl":"https:\/\/nutrixperts.com\/wp-content\/uploads\/2020\/02\/Technical_Design.jpg","datePublished":"2020-02-14T09:31:15+00:00","dateModified":"2020-04-15T18:46:43+00:00","breadcrumb":{"@id":"https:\/\/nutrixperts.com\/es\/servicio\/soporte-tecnico-e-ingenieria\/diseno-tecnico\/#breadcrumb"},"inLanguage":"es","potentialAction":[{"@type":"ReadAction","target":["https:\/\/nutrixperts.com\/es\/servicio\/soporte-tecnico-e-ingenieria\/diseno-tecnico\/"]}]},{"@type":"ImageObject","inLanguage":"es","@id":"https:\/\/nutrixperts.com\/es\/servicio\/soporte-tecnico-e-ingenieria\/diseno-tecnico\/#primaryimage","url":"https:\/\/nutrixperts.com\/wp-content\/uploads\/2020\/02\/Technical_Design.jpg","contentUrl":"https:\/\/nutrixperts.com\/wp-content\/uploads\/2020\/02\/Technical_Design.jpg","width":600,"height":435,"caption":"Technical Design"},{"@type":"BreadcrumbList","@id":"https:\/\/nutrixperts.com\/es\/servicio\/soporte-tecnico-e-ingenieria\/diseno-tecnico\/#breadcrumb","itemListElement":[{"@type":"ListItem","position":1,"name":"Home","item":"https:\/\/nutrixperts.com\/es\/"},{"@type":"ListItem","position":2,"name":"SERVICIO","item":"https:\/\/nutrixperts.com\/es\/servicio\/"},{"@type":"ListItem","position":3,"name":"Soporte t\u00e9cnico e Ingenier\u00eda","item":"https:\/\/nutrixperts.com\/es\/servicio\/soporte-tecnico-e-ingenieria\/"},{"@type":"ListItem","position":4,"name":"Dise\u00f1o T\u00e9cnico"}]},{"@type":"WebSite","@id":"https:\/\/nutrixperts.com\/es\/#website","url":"https:\/\/nutrixperts.com\/es\/","name":"NutriXperts","description":"NutriXperts is  the leading consultancy company within the infant formula and nutrition industries.","publisher":{"@id":"https:\/\/nutrixperts.com\/es\/#organization"},"potentialAction":[{"@type":"SearchAction","target":{"@type":"EntryPoint","urlTemplate":"https:\/\/nutrixperts.com\/es\/?s={search_term_string}"},"query-input":{"@type":"PropertyValueSpecification","valueRequired":true,"valueName":"search_term_string"}}],"inLanguage":"es"},{"@type":"Organization","@id":"https:\/\/nutrixperts.com\/es\/#organization","name":"NutriXperts Consulting","url":"https:\/\/nutrixperts.com\/es\/","logo":{"@type":"ImageObject","inLanguage":"es","@id":"https:\/\/nutrixperts.com\/es\/#\/schema\/logo\/image\/","url":"https:\/\/nutrixperts.com\/wp-content\/uploads\/2020\/02\/logo_text-1.png","contentUrl":"https:\/\/nutrixperts.com\/wp-content\/uploads\/2020\/02\/logo_text-1.png","width":168,"height":168,"caption":"NutriXperts Consulting"},"image":{"@id":"https:\/\/nutrixperts.com\/es\/#\/schema\/logo\/image\/"}}]}},"_links":{"self":[{"href":"https:\/\/nutrixperts.com\/es\/wp-json\/wp\/v2\/pages\/1900","targetHints":{"allow":["GET"]}}],"collection":[{"href":"https:\/\/nutrixperts.com\/es\/wp-json\/wp\/v2\/pages"}],"about":[{"href":"https:\/\/nutrixperts.com\/es\/wp-json\/wp\/v2\/types\/page"}],"author":[{"embeddable":true,"href":"https:\/\/nutrixperts.com\/es\/wp-json\/wp\/v2\/users\/1"}],"replies":[{"embeddable":true,"href":"https:\/\/nutrixperts.com\/es\/wp-json\/wp\/v2\/comments?post=1900"}],"version-history":[{"count":0,"href":"https:\/\/nutrixperts.com\/es\/wp-json\/wp\/v2\/pages\/1900\/revisions"}],"up":[{"embeddable":true,"href":"https:\/\/nutrixperts.com\/es\/wp-json\/wp\/v2\/pages\/1915"}],"wp:featuredmedia":[{"embeddable":true,"href":"https:\/\/nutrixperts.com\/es\/wp-json\/wp\/v2\/media\/985"}],"wp:attachment":[{"href":"https:\/\/nutrixperts.com\/es\/wp-json\/wp\/v2\/media?parent=1900"}],"curies":[{"name":"wp","href":"https:\/\/api.w.org\/{rel}","templated":true}]}}