{"id":1906,"date":"2020-02-15T08:52:43","date_gmt":"2020-02-15T08:52:43","guid":{"rendered":"http:\/\/nutrixperts.flywheelsites.com\/service\/quality-environment-health-safety\/troubleshooting\/"},"modified":"2020-04-16T01:38:32","modified_gmt":"2020-04-15T18:38:32","slug":"solucion-de-problemas","status":"publish","type":"page","link":"https:\/\/nutrixperts.com\/es\/servicio\/calidad-medio-ambiente-salud-y-seguridad\/solucion-de-problemas\/","title":{"rendered":"Soluci\u00f3n de Problemas"},"content":{"rendered":"\n<h3 class=\"wp-block-heading\"> <strong>\u00bfNecesita un par de ojos frescos?<\/strong> <\/h3>\n\n\n\n<p>En el entorno de producci\u00f3n, cada problema es un reto que debe ser resuelto r\u00e1pidamente. De lo contrario, aparecer\u00e1 una y otra vez. La comprensi\u00f3n de la interacci\u00f3n entre los ingredientes y el proceso de fabricaci\u00f3n y su influencia sobre las propiedades del producto final es la clave para la soluci\u00f3n. El demonio est\u00e1 en el detalle. A veces se necesitan mejoras en la robustez del proceso para llevar las fluctuaciones dentro de los niveles de tolerancia. <br> Adem\u00e1s, las estrictas exigencias microbiol\u00f3gicas en la industria alimenticia, especialmente para la f\u00f3rmula infantil, puede presentar un desaf\u00edo considerable.\u00a0<\/p>\n\n\n\n<div style=\"height:60px\" aria-hidden=\"true\" class=\"wp-block-spacer\"><\/div>\n\n\n\n<figure class=\"wp-block-image size-large is-style-zoooom\"><img loading=\"lazy\" decoding=\"async\" width=\"594\" height=\"649\" src=\"https:\/\/nutrixperts.com\/wp-content\/uploads\/2020\/02\/Group-628.jpg\" alt=\"\" class=\"wp-image-614\" srcset=\"https:\/\/nutrixperts.com\/wp-content\/uploads\/2020\/02\/Group-628.jpg 594w, https:\/\/nutrixperts.com\/wp-content\/uploads\/2020\/02\/Group-628-275x300.jpg 275w\" sizes=\"auto, (max-width: 594px) 100vw, 594px\" \/><\/figure>\n\n\n\n<div style=\"height:60px\" aria-hidden=\"true\" class=\"wp-block-spacer\"><\/div>\n\n\n\n<p class=\"h_block\">En Nutrixperts utilizamos varios enfoques estructurados para encontrar la causa ra\u00edz del problema. A menudo vemos los s\u00edntomas o las causas del problema que se est\u00e1 dominado mientras la causa subyacente m\u00e1s profunda no ha sido identificada y tratada.<\/p>\n\n\n\n<div style=\"height:60px\" aria-hidden=\"true\" class=\"wp-block-spacer\"><\/div>\n\n\n\n<p>El an\u00e1lisis de la causa ra\u00edz y la estructura DMAIC combinado con el conocimiento experto, es frecuentemente usado como un enfoque para la soluci\u00f3n de problemas. No dude en ponerse en contacto con nosotros para obtener ayuda. Un reto sin resolver puede ser costoso y, en el peor de los casos puede terminar con la participaci\u00f3n de las autoridades, da\u00f1ar su imagen o un impacto negativo sobre los consumidores.\u00a0<\/p>\n","protected":false},"excerpt":{"rendered":"<p>\u00bfNecesita un par de ojos frescos? En el entorno de producci\u00f3n, cada problema es un reto que debe ser resuelto r\u00e1pidamente. De lo contrario, aparecer\u00e1 una y otra vez. La comprensi\u00f3n de la interacci\u00f3n entre los ingredientes y el proceso de fabricaci\u00f3n y su influencia sobre las propiedades del producto final es la clave para [&hellip;]<\/p>\n","protected":false},"author":1,"featured_media":982,"parent":1891,"menu_order":0,"comment_status":"closed","ping_status":"closed","template":"page-service.php","meta":{"_acf_changed":false,"_monsterinsights_skip_tracking":false,"_monsterinsights_sitenote_active":false,"_monsterinsights_sitenote_note":"","_monsterinsights_sitenote_category":0,"footnotes":""},"class_list":["post-1906","page","type-page","status-publish","has-post-thumbnail","hentry","entry"],"acf":[],"yoast_head":"<!-- This site is optimized with the Yoast SEO plugin v27.3 - https:\/\/yoast.com\/product\/yoast-seo-wordpress\/ -->\n<title>Soluci\u00f3n de Problemas | NutriXperts<\/title>\n<meta name=\"robots\" content=\"index, follow, max-snippet:-1, max-image-preview:large, max-video-preview:-1\" \/>\n<link rel=\"canonical\" href=\"https:\/\/nutrixperts.com\/es\/servicio\/calidad-medio-ambiente-salud-y-seguridad\/solucion-de-problemas\/\" \/>\n<meta property=\"og:locale\" content=\"es_ES\" \/>\n<meta property=\"og:type\" content=\"article\" \/>\n<meta property=\"og:title\" content=\"Soluci\u00f3n de Problemas | NutriXperts\" \/>\n<meta property=\"og:description\" content=\"\u00bfNecesita un par de ojos frescos? En el entorno de producci\u00f3n, cada problema es un reto que debe ser resuelto r\u00e1pidamente. De lo contrario, aparecer\u00e1 una y otra vez. La comprensi\u00f3n de la interacci\u00f3n entre los ingredientes y el proceso de fabricaci\u00f3n y su influencia sobre las propiedades del producto final es la clave para [&hellip;]\" \/>\n<meta property=\"og:url\" content=\"https:\/\/nutrixperts.com\/es\/servicio\/calidad-medio-ambiente-salud-y-seguridad\/solucion-de-problemas\/\" \/>\n<meta property=\"og:site_name\" content=\"NutriXperts\" \/>\n<meta property=\"article:modified_time\" content=\"2020-04-15T18:38:32+00:00\" \/>\n<meta property=\"og:image\" content=\"https:\/\/nutrixperts.com\/wp-content\/uploads\/2020\/02\/Troubleshooting_cover.jpg\" \/>\n\t<meta property=\"og:image:width\" content=\"600\" \/>\n\t<meta property=\"og:image:height\" content=\"435\" \/>\n\t<meta property=\"og:image:type\" content=\"image\/jpeg\" \/>\n<meta name=\"twitter:card\" content=\"summary_large_image\" \/>\n<meta name=\"twitter:label1\" content=\"Tiempo de lectura\" \/>\n\t<meta name=\"twitter:data1\" content=\"1 minuto\" \/>\n<script type=\"application\/ld+json\" class=\"yoast-schema-graph\">{\"@context\":\"https:\\\/\\\/schema.org\",\"@graph\":[{\"@type\":\"WebPage\",\"@id\":\"https:\\\/\\\/nutrixperts.com\\\/es\\\/servicio\\\/calidad-medio-ambiente-salud-y-seguridad\\\/solucion-de-problemas\\\/\",\"url\":\"https:\\\/\\\/nutrixperts.com\\\/es\\\/servicio\\\/calidad-medio-ambiente-salud-y-seguridad\\\/solucion-de-problemas\\\/\",\"name\":\"Soluci\u00f3n de Problemas | NutriXperts\",\"isPartOf\":{\"@id\":\"https:\\\/\\\/nutrixperts.com\\\/es\\\/#website\"},\"primaryImageOfPage\":{\"@id\":\"https:\\\/\\\/nutrixperts.com\\\/es\\\/servicio\\\/calidad-medio-ambiente-salud-y-seguridad\\\/solucion-de-problemas\\\/#primaryimage\"},\"image\":{\"@id\":\"https:\\\/\\\/nutrixperts.com\\\/es\\\/servicio\\\/calidad-medio-ambiente-salud-y-seguridad\\\/solucion-de-problemas\\\/#primaryimage\"},\"thumbnailUrl\":\"https:\\\/\\\/nutrixperts.com\\\/wp-content\\\/uploads\\\/2020\\\/02\\\/Troubleshooting_cover.jpg\",\"datePublished\":\"2020-02-15T08:52:43+00:00\",\"dateModified\":\"2020-04-15T18:38:32+00:00\",\"breadcrumb\":{\"@id\":\"https:\\\/\\\/nutrixperts.com\\\/es\\\/servicio\\\/calidad-medio-ambiente-salud-y-seguridad\\\/solucion-de-problemas\\\/#breadcrumb\"},\"inLanguage\":\"es\",\"potentialAction\":[{\"@type\":\"ReadAction\",\"target\":[\"https:\\\/\\\/nutrixperts.com\\\/es\\\/servicio\\\/calidad-medio-ambiente-salud-y-seguridad\\\/solucion-de-problemas\\\/\"]}]},{\"@type\":\"ImageObject\",\"inLanguage\":\"es\",\"@id\":\"https:\\\/\\\/nutrixperts.com\\\/es\\\/servicio\\\/calidad-medio-ambiente-salud-y-seguridad\\\/solucion-de-problemas\\\/#primaryimage\",\"url\":\"https:\\\/\\\/nutrixperts.com\\\/wp-content\\\/uploads\\\/2020\\\/02\\\/Troubleshooting_cover.jpg\",\"contentUrl\":\"https:\\\/\\\/nutrixperts.com\\\/wp-content\\\/uploads\\\/2020\\\/02\\\/Troubleshooting_cover.jpg\",\"width\":600,\"height\":435,\"caption\":\"Troubleshooting cover\"},{\"@type\":\"BreadcrumbList\",\"@id\":\"https:\\\/\\\/nutrixperts.com\\\/es\\\/servicio\\\/calidad-medio-ambiente-salud-y-seguridad\\\/solucion-de-problemas\\\/#breadcrumb\",\"itemListElement\":[{\"@type\":\"ListItem\",\"position\":1,\"name\":\"Home\",\"item\":\"https:\\\/\\\/nutrixperts.com\\\/es\\\/\"},{\"@type\":\"ListItem\",\"position\":2,\"name\":\"SERVICIO\",\"item\":\"https:\\\/\\\/nutrixperts.com\\\/es\\\/servicio\\\/\"},{\"@type\":\"ListItem\",\"position\":3,\"name\":\"Calidad, Medio Ambiente, Salud y Seguridad\",\"item\":\"https:\\\/\\\/nutrixperts.com\\\/es\\\/servicio\\\/calidad-medio-ambiente-salud-y-seguridad\\\/\"},{\"@type\":\"ListItem\",\"position\":4,\"name\":\"Soluci\u00f3n de Problemas\"}]},{\"@type\":\"WebSite\",\"@id\":\"https:\\\/\\\/nutrixperts.com\\\/es\\\/#website\",\"url\":\"https:\\\/\\\/nutrixperts.com\\\/es\\\/\",\"name\":\"NutriXperts\",\"description\":\"NutriXperts is  the leading consultancy company within the infant formula and nutrition industries.\",\"publisher\":{\"@id\":\"https:\\\/\\\/nutrixperts.com\\\/es\\\/#organization\"},\"potentialAction\":[{\"@type\":\"SearchAction\",\"target\":{\"@type\":\"EntryPoint\",\"urlTemplate\":\"https:\\\/\\\/nutrixperts.com\\\/es\\\/?s={search_term_string}\"},\"query-input\":{\"@type\":\"PropertyValueSpecification\",\"valueRequired\":true,\"valueName\":\"search_term_string\"}}],\"inLanguage\":\"es\"},{\"@type\":\"Organization\",\"@id\":\"https:\\\/\\\/nutrixperts.com\\\/es\\\/#organization\",\"name\":\"NutriXperts Consulting\",\"url\":\"https:\\\/\\\/nutrixperts.com\\\/es\\\/\",\"logo\":{\"@type\":\"ImageObject\",\"inLanguage\":\"es\",\"@id\":\"https:\\\/\\\/nutrixperts.com\\\/es\\\/#\\\/schema\\\/logo\\\/image\\\/\",\"url\":\"https:\\\/\\\/nutrixperts.com\\\/wp-content\\\/uploads\\\/2020\\\/02\\\/logo_text-1.png\",\"contentUrl\":\"https:\\\/\\\/nutrixperts.com\\\/wp-content\\\/uploads\\\/2020\\\/02\\\/logo_text-1.png\",\"width\":168,\"height\":168,\"caption\":\"NutriXperts Consulting\"},\"image\":{\"@id\":\"https:\\\/\\\/nutrixperts.com\\\/es\\\/#\\\/schema\\\/logo\\\/image\\\/\"}}]}<\/script>\n<!-- \/ Yoast SEO plugin. -->","yoast_head_json":{"title":"Soluci\u00f3n de Problemas | NutriXperts","robots":{"index":"index","follow":"follow","max-snippet":"max-snippet:-1","max-image-preview":"max-image-preview:large","max-video-preview":"max-video-preview:-1"},"canonical":"https:\/\/nutrixperts.com\/es\/servicio\/calidad-medio-ambiente-salud-y-seguridad\/solucion-de-problemas\/","og_locale":"es_ES","og_type":"article","og_title":"Soluci\u00f3n de Problemas | NutriXperts","og_description":"\u00bfNecesita un par de ojos frescos? En el entorno de producci\u00f3n, cada problema es un reto que debe ser resuelto r\u00e1pidamente. De lo contrario, aparecer\u00e1 una y otra vez. La comprensi\u00f3n de la interacci\u00f3n entre los ingredientes y el proceso de fabricaci\u00f3n y su influencia sobre las propiedades del producto final es la clave para [&hellip;]","og_url":"https:\/\/nutrixperts.com\/es\/servicio\/calidad-medio-ambiente-salud-y-seguridad\/solucion-de-problemas\/","og_site_name":"NutriXperts","article_modified_time":"2020-04-15T18:38:32+00:00","og_image":[{"width":600,"height":435,"url":"https:\/\/nutrixperts.com\/wp-content\/uploads\/2020\/02\/Troubleshooting_cover.jpg","type":"image\/jpeg"}],"twitter_card":"summary_large_image","twitter_misc":{"Tiempo de lectura":"1 minuto"},"schema":{"@context":"https:\/\/schema.org","@graph":[{"@type":"WebPage","@id":"https:\/\/nutrixperts.com\/es\/servicio\/calidad-medio-ambiente-salud-y-seguridad\/solucion-de-problemas\/","url":"https:\/\/nutrixperts.com\/es\/servicio\/calidad-medio-ambiente-salud-y-seguridad\/solucion-de-problemas\/","name":"Soluci\u00f3n de Problemas | NutriXperts","isPartOf":{"@id":"https:\/\/nutrixperts.com\/es\/#website"},"primaryImageOfPage":{"@id":"https:\/\/nutrixperts.com\/es\/servicio\/calidad-medio-ambiente-salud-y-seguridad\/solucion-de-problemas\/#primaryimage"},"image":{"@id":"https:\/\/nutrixperts.com\/es\/servicio\/calidad-medio-ambiente-salud-y-seguridad\/solucion-de-problemas\/#primaryimage"},"thumbnailUrl":"https:\/\/nutrixperts.com\/wp-content\/uploads\/2020\/02\/Troubleshooting_cover.jpg","datePublished":"2020-02-15T08:52:43+00:00","dateModified":"2020-04-15T18:38:32+00:00","breadcrumb":{"@id":"https:\/\/nutrixperts.com\/es\/servicio\/calidad-medio-ambiente-salud-y-seguridad\/solucion-de-problemas\/#breadcrumb"},"inLanguage":"es","potentialAction":[{"@type":"ReadAction","target":["https:\/\/nutrixperts.com\/es\/servicio\/calidad-medio-ambiente-salud-y-seguridad\/solucion-de-problemas\/"]}]},{"@type":"ImageObject","inLanguage":"es","@id":"https:\/\/nutrixperts.com\/es\/servicio\/calidad-medio-ambiente-salud-y-seguridad\/solucion-de-problemas\/#primaryimage","url":"https:\/\/nutrixperts.com\/wp-content\/uploads\/2020\/02\/Troubleshooting_cover.jpg","contentUrl":"https:\/\/nutrixperts.com\/wp-content\/uploads\/2020\/02\/Troubleshooting_cover.jpg","width":600,"height":435,"caption":"Troubleshooting cover"},{"@type":"BreadcrumbList","@id":"https:\/\/nutrixperts.com\/es\/servicio\/calidad-medio-ambiente-salud-y-seguridad\/solucion-de-problemas\/#breadcrumb","itemListElement":[{"@type":"ListItem","position":1,"name":"Home","item":"https:\/\/nutrixperts.com\/es\/"},{"@type":"ListItem","position":2,"name":"SERVICIO","item":"https:\/\/nutrixperts.com\/es\/servicio\/"},{"@type":"ListItem","position":3,"name":"Calidad, Medio Ambiente, Salud y Seguridad","item":"https:\/\/nutrixperts.com\/es\/servicio\/calidad-medio-ambiente-salud-y-seguridad\/"},{"@type":"ListItem","position":4,"name":"Soluci\u00f3n de Problemas"}]},{"@type":"WebSite","@id":"https:\/\/nutrixperts.com\/es\/#website","url":"https:\/\/nutrixperts.com\/es\/","name":"NutriXperts","description":"NutriXperts is  the leading consultancy company within the infant formula and nutrition industries.","publisher":{"@id":"https:\/\/nutrixperts.com\/es\/#organization"},"potentialAction":[{"@type":"SearchAction","target":{"@type":"EntryPoint","urlTemplate":"https:\/\/nutrixperts.com\/es\/?s={search_term_string}"},"query-input":{"@type":"PropertyValueSpecification","valueRequired":true,"valueName":"search_term_string"}}],"inLanguage":"es"},{"@type":"Organization","@id":"https:\/\/nutrixperts.com\/es\/#organization","name":"NutriXperts Consulting","url":"https:\/\/nutrixperts.com\/es\/","logo":{"@type":"ImageObject","inLanguage":"es","@id":"https:\/\/nutrixperts.com\/es\/#\/schema\/logo\/image\/","url":"https:\/\/nutrixperts.com\/wp-content\/uploads\/2020\/02\/logo_text-1.png","contentUrl":"https:\/\/nutrixperts.com\/wp-content\/uploads\/2020\/02\/logo_text-1.png","width":168,"height":168,"caption":"NutriXperts Consulting"},"image":{"@id":"https:\/\/nutrixperts.com\/es\/#\/schema\/logo\/image\/"}}]}},"_links":{"self":[{"href":"https:\/\/nutrixperts.com\/es\/wp-json\/wp\/v2\/pages\/1906","targetHints":{"allow":["GET"]}}],"collection":[{"href":"https:\/\/nutrixperts.com\/es\/wp-json\/wp\/v2\/pages"}],"about":[{"href":"https:\/\/nutrixperts.com\/es\/wp-json\/wp\/v2\/types\/page"}],"author":[{"embeddable":true,"href":"https:\/\/nutrixperts.com\/es\/wp-json\/wp\/v2\/users\/1"}],"replies":[{"embeddable":true,"href":"https:\/\/nutrixperts.com\/es\/wp-json\/wp\/v2\/comments?post=1906"}],"version-history":[{"count":0,"href":"https:\/\/nutrixperts.com\/es\/wp-json\/wp\/v2\/pages\/1906\/revisions"}],"up":[{"embeddable":true,"href":"https:\/\/nutrixperts.com\/es\/wp-json\/wp\/v2\/pages\/1891"}],"wp:featuredmedia":[{"embeddable":true,"href":"https:\/\/nutrixperts.com\/es\/wp-json\/wp\/v2\/media\/982"}],"wp:attachment":[{"href":"https:\/\/nutrixperts.com\/es\/wp-json\/wp\/v2\/media?parent=1906"}],"curies":[{"name":"wp","href":"https:\/\/api.w.org\/{rel}","templated":true}]}}