{"id":1909,"date":"2020-02-12T11:46:44","date_gmt":"2020-02-12T11:46:44","guid":{"rendered":"http:\/\/nutrixperts.flywheelsites.com\/service\/strategy\/feasibility-studies\/"},"modified":"2020-04-16T01:41:22","modified_gmt":"2020-04-15T18:41:22","slug":"estudios-de-viabilidad","status":"publish","type":"page","link":"https:\/\/nutrixperts.com\/es\/servicio\/estrategia\/estudios-de-viabilidad\/","title":{"rendered":"Estudios de Viabilidad"},"content":{"rendered":"\n<h3 class=\"wp-block-heading\"><strong>\u00bfC\u00f3mo puede usted acelerar su negocio?\u00a0<\/strong> <\/h3>\n\n\n\n<p>En Nutrixperts aplicamos un enfoque estructurado para ayudarle a desarrollar la mejor estrategia posible a corto plazo, proporcionando un presupuesto para su OPEX (gastos de capital), utilidades y el VAN (Valor presente neto) para apoyar sus decisiones de inversi\u00f3n. Un estudio de un externo competente es tambi\u00e9n de gran beneficio cuando se incluyen otros inversores en su proyecto.\u00a0<\/p>\n\n\n\n<div style=\"height:50px\" aria-hidden=\"true\" class=\"wp-block-spacer\"><\/div>\n\n\n\n<p><strong>Pasos en el estudio de factibilidad de Nutrixperts:<\/strong><\/p>\n\n\n\n<div style=\"height:50px\" aria-hidden=\"true\" class=\"wp-block-spacer\"><\/div>\n\n\n\n<figure class=\"wp-block-image size-large is-style-zoooom\"><img loading=\"lazy\" decoding=\"async\" width=\"1024\" height=\"121\" src=\"https:\/\/nutrixperts.com\/wp-content\/uploads\/2020\/02\/Feasibility_Studies_image-1024x121.jpg\" alt=\"\" class=\"wp-image-375\" srcset=\"https:\/\/nutrixperts.com\/wp-content\/uploads\/2020\/02\/Feasibility_Studies_image-1024x121.jpg 1024w, https:\/\/nutrixperts.com\/wp-content\/uploads\/2020\/02\/Feasibility_Studies_image-300x35.jpg 300w, https:\/\/nutrixperts.com\/wp-content\/uploads\/2020\/02\/Feasibility_Studies_image-768x91.jpg 768w, https:\/\/nutrixperts.com\/wp-content\/uploads\/2020\/02\/Feasibility_Studies_image.jpg 1092w\" sizes=\"auto, (max-width: 1024px) 100vw, 1024px\" \/><\/figure>\n\n\n\n<div style=\"height:50px\" aria-hidden=\"true\" class=\"wp-block-spacer\"><\/div>\n\n\n\n<p class=\"h_block\">Empezamos por analizar sus necesidades empresariales actuales y futuras, as\u00ed como los pron\u00f3sticos de ventas u oportunidades de mercado.\u00a0<\/p>\n\n\n\n<div style=\"height:50px\" aria-hidden=\"true\" class=\"wp-block-spacer\"><\/div>\n\n\n\n<p>Despu\u00e9s evaluamos cuidadosamente la estrategia general de la empresa antes de evaluar el monto de la inversi\u00f3n requerida. La soluci\u00f3n t\u00e9cnica deber\u00eda apoyar su negocio y no al rev\u00e9s. Usted puede ser capaz de hacerlo usted mismo, pero podemos combinar su aportaci\u00f3n con nuestra experiencia t\u00e9cnica y la red, para proporcionar un estudio muy realista con una ejecuci\u00f3n m\u00e1s r\u00e1pida. En otras palabras, podemos acelerar la toma de decisiones del proyecto y garantizar el mejor cimiento posible para su correcta ejecuci\u00f3n.<\/p>\n","protected":false},"excerpt":{"rendered":"<p>\u00bfC\u00f3mo puede usted acelerar su negocio?\u00a0 En Nutrixperts aplicamos un enfoque estructurado para ayudarle a desarrollar la mejor estrategia posible a corto plazo, proporcionando un presupuesto para su OPEX (gastos de capital), utilidades y el VAN (Valor presente neto) para apoyar sus decisiones de inversi\u00f3n. Un estudio de un externo competente es tambi\u00e9n de gran [&hellip;]<\/p>\n","protected":false},"author":1,"featured_media":1061,"parent":1582,"menu_order":0,"comment_status":"closed","ping_status":"closed","template":"page-service.php","meta":{"_acf_changed":false,"_monsterinsights_skip_tracking":false,"_monsterinsights_sitenote_active":false,"_monsterinsights_sitenote_note":"","_monsterinsights_sitenote_category":0,"footnotes":""},"class_list":["post-1909","page","type-page","status-publish","has-post-thumbnail","hentry","entry"],"acf":[],"yoast_head":"<!-- This site is optimized with the Yoast SEO plugin v27.4 - https:\/\/yoast.com\/product\/yoast-seo-wordpress\/ -->\n<title>Estudios de Viabilidad | NutriXperts<\/title>\n<meta name=\"robots\" content=\"index, follow, max-snippet:-1, max-image-preview:large, max-video-preview:-1\" \/>\n<link rel=\"canonical\" href=\"https:\/\/nutrixperts.com\/es\/servicio\/estrategia\/estudios-de-viabilidad\/\" \/>\n<meta property=\"og:locale\" content=\"es_ES\" \/>\n<meta property=\"og:type\" content=\"article\" \/>\n<meta property=\"og:title\" content=\"Estudios de Viabilidad | NutriXperts\" \/>\n<meta property=\"og:description\" content=\"\u00bfC\u00f3mo puede usted acelerar su negocio?\u00a0 En Nutrixperts aplicamos un enfoque estructurado para ayudarle a desarrollar la mejor estrategia posible a corto plazo, proporcionando un presupuesto para su OPEX (gastos de capital), utilidades y el VAN (Valor presente neto) para apoyar sus decisiones de inversi\u00f3n. Un estudio de un externo competente es tambi\u00e9n de gran [&hellip;]\" \/>\n<meta property=\"og:url\" content=\"https:\/\/nutrixperts.com\/es\/servicio\/estrategia\/estudios-de-viabilidad\/\" \/>\n<meta property=\"og:site_name\" content=\"NutriXperts\" \/>\n<meta property=\"article:modified_time\" content=\"2020-04-15T18:41:22+00:00\" \/>\n<meta property=\"og:image\" content=\"https:\/\/nutrixperts.com\/wp-content\/uploads\/2020\/02\/Feasibility_Studies.jpg\" \/>\n\t<meta property=\"og:image:width\" content=\"600\" \/>\n\t<meta property=\"og:image:height\" content=\"435\" \/>\n\t<meta property=\"og:image:type\" content=\"image\/jpeg\" \/>\n<meta name=\"twitter:card\" content=\"summary_large_image\" \/>\n<meta name=\"twitter:label1\" content=\"Tiempo de lectura\" \/>\n\t<meta name=\"twitter:data1\" content=\"1 minuto\" \/>\n<script type=\"application\/ld+json\" class=\"yoast-schema-graph\">{\"@context\":\"https:\\\/\\\/schema.org\",\"@graph\":[{\"@type\":\"WebPage\",\"@id\":\"https:\\\/\\\/nutrixperts.com\\\/es\\\/servicio\\\/estrategia\\\/estudios-de-viabilidad\\\/\",\"url\":\"https:\\\/\\\/nutrixperts.com\\\/es\\\/servicio\\\/estrategia\\\/estudios-de-viabilidad\\\/\",\"name\":\"Estudios de Viabilidad | NutriXperts\",\"isPartOf\":{\"@id\":\"https:\\\/\\\/nutrixperts.com\\\/es\\\/#website\"},\"primaryImageOfPage\":{\"@id\":\"https:\\\/\\\/nutrixperts.com\\\/es\\\/servicio\\\/estrategia\\\/estudios-de-viabilidad\\\/#primaryimage\"},\"image\":{\"@id\":\"https:\\\/\\\/nutrixperts.com\\\/es\\\/servicio\\\/estrategia\\\/estudios-de-viabilidad\\\/#primaryimage\"},\"thumbnailUrl\":\"https:\\\/\\\/nutrixperts.com\\\/wp-content\\\/uploads\\\/2020\\\/02\\\/Feasibility_Studies.jpg\",\"datePublished\":\"2020-02-12T11:46:44+00:00\",\"dateModified\":\"2020-04-15T18:41:22+00:00\",\"breadcrumb\":{\"@id\":\"https:\\\/\\\/nutrixperts.com\\\/es\\\/servicio\\\/estrategia\\\/estudios-de-viabilidad\\\/#breadcrumb\"},\"inLanguage\":\"es\",\"potentialAction\":[{\"@type\":\"ReadAction\",\"target\":[\"https:\\\/\\\/nutrixperts.com\\\/es\\\/servicio\\\/estrategia\\\/estudios-de-viabilidad\\\/\"]}]},{\"@type\":\"ImageObject\",\"inLanguage\":\"es\",\"@id\":\"https:\\\/\\\/nutrixperts.com\\\/es\\\/servicio\\\/estrategia\\\/estudios-de-viabilidad\\\/#primaryimage\",\"url\":\"https:\\\/\\\/nutrixperts.com\\\/wp-content\\\/uploads\\\/2020\\\/02\\\/Feasibility_Studies.jpg\",\"contentUrl\":\"https:\\\/\\\/nutrixperts.com\\\/wp-content\\\/uploads\\\/2020\\\/02\\\/Feasibility_Studies.jpg\",\"width\":600,\"height\":435,\"caption\":\"Feasibility Studies\"},{\"@type\":\"BreadcrumbList\",\"@id\":\"https:\\\/\\\/nutrixperts.com\\\/es\\\/servicio\\\/estrategia\\\/estudios-de-viabilidad\\\/#breadcrumb\",\"itemListElement\":[{\"@type\":\"ListItem\",\"position\":1,\"name\":\"Home\",\"item\":\"https:\\\/\\\/nutrixperts.com\\\/es\\\/\"},{\"@type\":\"ListItem\",\"position\":2,\"name\":\"SERVICIO\",\"item\":\"https:\\\/\\\/nutrixperts.com\\\/es\\\/servicio\\\/\"},{\"@type\":\"ListItem\",\"position\":3,\"name\":\"Estrategia\",\"item\":\"https:\\\/\\\/nutrixperts.com\\\/es\\\/servicio\\\/estrategia\\\/\"},{\"@type\":\"ListItem\",\"position\":4,\"name\":\"Estudios de Viabilidad\"}]},{\"@type\":\"WebSite\",\"@id\":\"https:\\\/\\\/nutrixperts.com\\\/es\\\/#website\",\"url\":\"https:\\\/\\\/nutrixperts.com\\\/es\\\/\",\"name\":\"NutriXperts\",\"description\":\"NutriXperts is  the leading consultancy company within the infant formula and nutrition industries.\",\"publisher\":{\"@id\":\"https:\\\/\\\/nutrixperts.com\\\/es\\\/#organization\"},\"potentialAction\":[{\"@type\":\"SearchAction\",\"target\":{\"@type\":\"EntryPoint\",\"urlTemplate\":\"https:\\\/\\\/nutrixperts.com\\\/es\\\/?s={search_term_string}\"},\"query-input\":{\"@type\":\"PropertyValueSpecification\",\"valueRequired\":true,\"valueName\":\"search_term_string\"}}],\"inLanguage\":\"es\"},{\"@type\":\"Organization\",\"@id\":\"https:\\\/\\\/nutrixperts.com\\\/es\\\/#organization\",\"name\":\"NutriXperts Consulting\",\"url\":\"https:\\\/\\\/nutrixperts.com\\\/es\\\/\",\"logo\":{\"@type\":\"ImageObject\",\"inLanguage\":\"es\",\"@id\":\"https:\\\/\\\/nutrixperts.com\\\/es\\\/#\\\/schema\\\/logo\\\/image\\\/\",\"url\":\"https:\\\/\\\/nutrixperts.com\\\/wp-content\\\/uploads\\\/2020\\\/02\\\/logo_text-1.png\",\"contentUrl\":\"https:\\\/\\\/nutrixperts.com\\\/wp-content\\\/uploads\\\/2020\\\/02\\\/logo_text-1.png\",\"width\":168,\"height\":168,\"caption\":\"NutriXperts Consulting\"},\"image\":{\"@id\":\"https:\\\/\\\/nutrixperts.com\\\/es\\\/#\\\/schema\\\/logo\\\/image\\\/\"}}]}<\/script>\n<!-- \/ Yoast SEO plugin. -->","yoast_head_json":{"title":"Estudios de Viabilidad | NutriXperts","robots":{"index":"index","follow":"follow","max-snippet":"max-snippet:-1","max-image-preview":"max-image-preview:large","max-video-preview":"max-video-preview:-1"},"canonical":"https:\/\/nutrixperts.com\/es\/servicio\/estrategia\/estudios-de-viabilidad\/","og_locale":"es_ES","og_type":"article","og_title":"Estudios de Viabilidad | NutriXperts","og_description":"\u00bfC\u00f3mo puede usted acelerar su negocio?\u00a0 En Nutrixperts aplicamos un enfoque estructurado para ayudarle a desarrollar la mejor estrategia posible a corto plazo, proporcionando un presupuesto para su OPEX (gastos de capital), utilidades y el VAN (Valor presente neto) para apoyar sus decisiones de inversi\u00f3n. Un estudio de un externo competente es tambi\u00e9n de gran [&hellip;]","og_url":"https:\/\/nutrixperts.com\/es\/servicio\/estrategia\/estudios-de-viabilidad\/","og_site_name":"NutriXperts","article_modified_time":"2020-04-15T18:41:22+00:00","og_image":[{"width":600,"height":435,"url":"https:\/\/nutrixperts.com\/wp-content\/uploads\/2020\/02\/Feasibility_Studies.jpg","type":"image\/jpeg"}],"twitter_card":"summary_large_image","twitter_misc":{"Tiempo de lectura":"1 minuto"},"schema":{"@context":"https:\/\/schema.org","@graph":[{"@type":"WebPage","@id":"https:\/\/nutrixperts.com\/es\/servicio\/estrategia\/estudios-de-viabilidad\/","url":"https:\/\/nutrixperts.com\/es\/servicio\/estrategia\/estudios-de-viabilidad\/","name":"Estudios de Viabilidad | NutriXperts","isPartOf":{"@id":"https:\/\/nutrixperts.com\/es\/#website"},"primaryImageOfPage":{"@id":"https:\/\/nutrixperts.com\/es\/servicio\/estrategia\/estudios-de-viabilidad\/#primaryimage"},"image":{"@id":"https:\/\/nutrixperts.com\/es\/servicio\/estrategia\/estudios-de-viabilidad\/#primaryimage"},"thumbnailUrl":"https:\/\/nutrixperts.com\/wp-content\/uploads\/2020\/02\/Feasibility_Studies.jpg","datePublished":"2020-02-12T11:46:44+00:00","dateModified":"2020-04-15T18:41:22+00:00","breadcrumb":{"@id":"https:\/\/nutrixperts.com\/es\/servicio\/estrategia\/estudios-de-viabilidad\/#breadcrumb"},"inLanguage":"es","potentialAction":[{"@type":"ReadAction","target":["https:\/\/nutrixperts.com\/es\/servicio\/estrategia\/estudios-de-viabilidad\/"]}]},{"@type":"ImageObject","inLanguage":"es","@id":"https:\/\/nutrixperts.com\/es\/servicio\/estrategia\/estudios-de-viabilidad\/#primaryimage","url":"https:\/\/nutrixperts.com\/wp-content\/uploads\/2020\/02\/Feasibility_Studies.jpg","contentUrl":"https:\/\/nutrixperts.com\/wp-content\/uploads\/2020\/02\/Feasibility_Studies.jpg","width":600,"height":435,"caption":"Feasibility Studies"},{"@type":"BreadcrumbList","@id":"https:\/\/nutrixperts.com\/es\/servicio\/estrategia\/estudios-de-viabilidad\/#breadcrumb","itemListElement":[{"@type":"ListItem","position":1,"name":"Home","item":"https:\/\/nutrixperts.com\/es\/"},{"@type":"ListItem","position":2,"name":"SERVICIO","item":"https:\/\/nutrixperts.com\/es\/servicio\/"},{"@type":"ListItem","position":3,"name":"Estrategia","item":"https:\/\/nutrixperts.com\/es\/servicio\/estrategia\/"},{"@type":"ListItem","position":4,"name":"Estudios de Viabilidad"}]},{"@type":"WebSite","@id":"https:\/\/nutrixperts.com\/es\/#website","url":"https:\/\/nutrixperts.com\/es\/","name":"NutriXperts","description":"NutriXperts is  the leading consultancy company within the infant formula and nutrition industries.","publisher":{"@id":"https:\/\/nutrixperts.com\/es\/#organization"},"potentialAction":[{"@type":"SearchAction","target":{"@type":"EntryPoint","urlTemplate":"https:\/\/nutrixperts.com\/es\/?s={search_term_string}"},"query-input":{"@type":"PropertyValueSpecification","valueRequired":true,"valueName":"search_term_string"}}],"inLanguage":"es"},{"@type":"Organization","@id":"https:\/\/nutrixperts.com\/es\/#organization","name":"NutriXperts Consulting","url":"https:\/\/nutrixperts.com\/es\/","logo":{"@type":"ImageObject","inLanguage":"es","@id":"https:\/\/nutrixperts.com\/es\/#\/schema\/logo\/image\/","url":"https:\/\/nutrixperts.com\/wp-content\/uploads\/2020\/02\/logo_text-1.png","contentUrl":"https:\/\/nutrixperts.com\/wp-content\/uploads\/2020\/02\/logo_text-1.png","width":168,"height":168,"caption":"NutriXperts Consulting"},"image":{"@id":"https:\/\/nutrixperts.com\/es\/#\/schema\/logo\/image\/"}}]}},"_links":{"self":[{"href":"https:\/\/nutrixperts.com\/es\/wp-json\/wp\/v2\/pages\/1909","targetHints":{"allow":["GET"]}}],"collection":[{"href":"https:\/\/nutrixperts.com\/es\/wp-json\/wp\/v2\/pages"}],"about":[{"href":"https:\/\/nutrixperts.com\/es\/wp-json\/wp\/v2\/types\/page"}],"author":[{"embeddable":true,"href":"https:\/\/nutrixperts.com\/es\/wp-json\/wp\/v2\/users\/1"}],"replies":[{"embeddable":true,"href":"https:\/\/nutrixperts.com\/es\/wp-json\/wp\/v2\/comments?post=1909"}],"version-history":[{"count":0,"href":"https:\/\/nutrixperts.com\/es\/wp-json\/wp\/v2\/pages\/1909\/revisions"}],"up":[{"embeddable":true,"href":"https:\/\/nutrixperts.com\/es\/wp-json\/wp\/v2\/pages\/1582"}],"wp:featuredmedia":[{"embeddable":true,"href":"https:\/\/nutrixperts.com\/es\/wp-json\/wp\/v2\/media\/1061"}],"wp:attachment":[{"href":"https:\/\/nutrixperts.com\/es\/wp-json\/wp\/v2\/media?parent=1909"}],"curies":[{"name":"wp","href":"https:\/\/api.w.org\/{rel}","templated":true}]}}