{"id":1912,"date":"2020-02-12T11:47:15","date_gmt":"2020-02-12T11:47:15","guid":{"rendered":"http:\/\/nutrixperts.flywheelsites.com\/service\/strategy\/market-research\/"},"modified":"2020-04-16T01:42:33","modified_gmt":"2020-04-15T18:42:33","slug":"investigacion-de-mercado","status":"publish","type":"page","link":"https:\/\/nutrixperts.com\/es\/servicio\/estrategia\/investigacion-de-mercado\/","title":{"rendered":"Investigaci\u00f3n de Mercado"},"content":{"rendered":"\n<h3 class=\"wp-block-heading\"><strong>\u00bfQu\u00e9 tan bien conoce su mercado?<\/strong><\/h3>\n\n\n\n<p>La combinaci\u00f3n de nuestro conocimiento t\u00e9cnico con un socio profesional de investigaci\u00f3n de mercado y su conocimiento del producto le proporcionar\u00e1 una nueva visi\u00f3n indispensable. <br> En Nutrixperts tambi\u00e9n tenemos la posibilidad de analizar y examinar sus productos para compararlos con los l\u00edderes del mercado y los principales actores en el mercado nuevo o existente. Este informe de investigaci\u00f3n tambi\u00e9n puede ayudar a aumentar su motivaci\u00f3n para desarrollar nuevos productos para obtener una ventaja competitiva, y tambi\u00e9n podemos ayudar en este aspecto.<\/p>\n","protected":false},"excerpt":{"rendered":"<p>\u00bfQu\u00e9 tan bien conoce su mercado? La combinaci\u00f3n de nuestro conocimiento t\u00e9cnico con un socio profesional de investigaci\u00f3n de mercado y su conocimiento del producto le proporcionar\u00e1 una nueva visi\u00f3n indispensable. En Nutrixperts tambi\u00e9n tenemos la posibilidad de analizar y examinar sus productos para compararlos con los l\u00edderes del mercado y los principales actores en [&hellip;]<\/p>\n","protected":false},"author":1,"featured_media":1059,"parent":1582,"menu_order":0,"comment_status":"closed","ping_status":"closed","template":"page-service.php","meta":{"_acf_changed":false,"_monsterinsights_skip_tracking":false,"_monsterinsights_sitenote_active":false,"_monsterinsights_sitenote_note":"","_monsterinsights_sitenote_category":0,"footnotes":""},"class_list":["post-1912","page","type-page","status-publish","has-post-thumbnail","hentry","entry"],"acf":[],"yoast_head":"<!-- This site is optimized with the Yoast SEO plugin v27.2 - https:\/\/yoast.com\/product\/yoast-seo-wordpress\/ -->\n<title>Investigaci\u00f3n de Mercado | NutriXperts<\/title>\n<meta name=\"robots\" content=\"index, follow, max-snippet:-1, max-image-preview:large, max-video-preview:-1\" \/>\n<link rel=\"canonical\" href=\"https:\/\/nutrixperts.com\/es\/servicio\/estrategia\/investigacion-de-mercado\/\" \/>\n<meta property=\"og:locale\" content=\"es_ES\" \/>\n<meta property=\"og:type\" content=\"article\" \/>\n<meta property=\"og:title\" content=\"Investigaci\u00f3n de Mercado | NutriXperts\" \/>\n<meta property=\"og:description\" content=\"\u00bfQu\u00e9 tan bien conoce su mercado? La combinaci\u00f3n de nuestro conocimiento t\u00e9cnico con un socio profesional de investigaci\u00f3n de mercado y su conocimiento del producto le proporcionar\u00e1 una nueva visi\u00f3n indispensable. En Nutrixperts tambi\u00e9n tenemos la posibilidad de analizar y examinar sus productos para compararlos con los l\u00edderes del mercado y los principales actores en [&hellip;]\" \/>\n<meta property=\"og:url\" content=\"https:\/\/nutrixperts.com\/es\/servicio\/estrategia\/investigacion-de-mercado\/\" \/>\n<meta property=\"og:site_name\" content=\"NutriXperts\" \/>\n<meta property=\"article:modified_time\" content=\"2020-04-15T18:42:33+00:00\" \/>\n<meta property=\"og:image\" content=\"https:\/\/nutrixperts.com\/wp-content\/uploads\/2020\/02\/Market_Research.jpg\" \/>\n\t<meta property=\"og:image:width\" content=\"600\" \/>\n\t<meta property=\"og:image:height\" content=\"435\" \/>\n\t<meta property=\"og:image:type\" content=\"image\/jpeg\" \/>\n<meta name=\"twitter:card\" content=\"summary_large_image\" \/>\n<script type=\"application\/ld+json\" class=\"yoast-schema-graph\">{\"@context\":\"https:\/\/schema.org\",\"@graph\":[{\"@type\":\"WebPage\",\"@id\":\"https:\/\/nutrixperts.com\/es\/servicio\/estrategia\/investigacion-de-mercado\/\",\"url\":\"https:\/\/nutrixperts.com\/es\/servicio\/estrategia\/investigacion-de-mercado\/\",\"name\":\"Investigaci\u00f3n de Mercado | NutriXperts\",\"isPartOf\":{\"@id\":\"https:\/\/nutrixperts.com\/es\/#website\"},\"primaryImageOfPage\":{\"@id\":\"https:\/\/nutrixperts.com\/es\/servicio\/estrategia\/investigacion-de-mercado\/#primaryimage\"},\"image\":{\"@id\":\"https:\/\/nutrixperts.com\/es\/servicio\/estrategia\/investigacion-de-mercado\/#primaryimage\"},\"thumbnailUrl\":\"https:\/\/nutrixperts.com\/wp-content\/uploads\/2020\/02\/Market_Research.jpg\",\"datePublished\":\"2020-02-12T11:47:15+00:00\",\"dateModified\":\"2020-04-15T18:42:33+00:00\",\"breadcrumb\":{\"@id\":\"https:\/\/nutrixperts.com\/es\/servicio\/estrategia\/investigacion-de-mercado\/#breadcrumb\"},\"inLanguage\":\"es\",\"potentialAction\":[{\"@type\":\"ReadAction\",\"target\":[\"https:\/\/nutrixperts.com\/es\/servicio\/estrategia\/investigacion-de-mercado\/\"]}]},{\"@type\":\"ImageObject\",\"inLanguage\":\"es\",\"@id\":\"https:\/\/nutrixperts.com\/es\/servicio\/estrategia\/investigacion-de-mercado\/#primaryimage\",\"url\":\"https:\/\/nutrixperts.com\/wp-content\/uploads\/2020\/02\/Market_Research.jpg\",\"contentUrl\":\"https:\/\/nutrixperts.com\/wp-content\/uploads\/2020\/02\/Market_Research.jpg\",\"width\":600,\"height\":435,\"caption\":\"Market Research\"},{\"@type\":\"BreadcrumbList\",\"@id\":\"https:\/\/nutrixperts.com\/es\/servicio\/estrategia\/investigacion-de-mercado\/#breadcrumb\",\"itemListElement\":[{\"@type\":\"ListItem\",\"position\":1,\"name\":\"Home\",\"item\":\"https:\/\/nutrixperts.com\/es\/\"},{\"@type\":\"ListItem\",\"position\":2,\"name\":\"SERVICIO\",\"item\":\"https:\/\/nutrixperts.com\/es\/servicio\/\"},{\"@type\":\"ListItem\",\"position\":3,\"name\":\"Estrategia\",\"item\":\"https:\/\/nutrixperts.com\/es\/servicio\/estrategia\/\"},{\"@type\":\"ListItem\",\"position\":4,\"name\":\"Investigaci\u00f3n de Mercado\"}]},{\"@type\":\"WebSite\",\"@id\":\"https:\/\/nutrixperts.com\/es\/#website\",\"url\":\"https:\/\/nutrixperts.com\/es\/\",\"name\":\"NutriXperts\",\"description\":\"NutriXperts is  the leading consultancy company within the infant formula and nutrition industries.\",\"publisher\":{\"@id\":\"https:\/\/nutrixperts.com\/es\/#organization\"},\"potentialAction\":[{\"@type\":\"SearchAction\",\"target\":{\"@type\":\"EntryPoint\",\"urlTemplate\":\"https:\/\/nutrixperts.com\/es\/?s={search_term_string}\"},\"query-input\":{\"@type\":\"PropertyValueSpecification\",\"valueRequired\":true,\"valueName\":\"search_term_string\"}}],\"inLanguage\":\"es\"},{\"@type\":\"Organization\",\"@id\":\"https:\/\/nutrixperts.com\/es\/#organization\",\"name\":\"NutriXperts Consulting\",\"url\":\"https:\/\/nutrixperts.com\/es\/\",\"logo\":{\"@type\":\"ImageObject\",\"inLanguage\":\"es\",\"@id\":\"https:\/\/nutrixperts.com\/es\/#\/schema\/logo\/image\/\",\"url\":\"https:\/\/nutrixperts.com\/wp-content\/uploads\/2020\/02\/logo_text-1.png\",\"contentUrl\":\"https:\/\/nutrixperts.com\/wp-content\/uploads\/2020\/02\/logo_text-1.png\",\"width\":168,\"height\":168,\"caption\":\"NutriXperts Consulting\"},\"image\":{\"@id\":\"https:\/\/nutrixperts.com\/es\/#\/schema\/logo\/image\/\"}}]}<\/script>\n<!-- \/ Yoast SEO plugin. -->","yoast_head_json":{"title":"Investigaci\u00f3n de Mercado | NutriXperts","robots":{"index":"index","follow":"follow","max-snippet":"max-snippet:-1","max-image-preview":"max-image-preview:large","max-video-preview":"max-video-preview:-1"},"canonical":"https:\/\/nutrixperts.com\/es\/servicio\/estrategia\/investigacion-de-mercado\/","og_locale":"es_ES","og_type":"article","og_title":"Investigaci\u00f3n de Mercado | NutriXperts","og_description":"\u00bfQu\u00e9 tan bien conoce su mercado? La combinaci\u00f3n de nuestro conocimiento t\u00e9cnico con un socio profesional de investigaci\u00f3n de mercado y su conocimiento del producto le proporcionar\u00e1 una nueva visi\u00f3n indispensable. En Nutrixperts tambi\u00e9n tenemos la posibilidad de analizar y examinar sus productos para compararlos con los l\u00edderes del mercado y los principales actores en [&hellip;]","og_url":"https:\/\/nutrixperts.com\/es\/servicio\/estrategia\/investigacion-de-mercado\/","og_site_name":"NutriXperts","article_modified_time":"2020-04-15T18:42:33+00:00","og_image":[{"width":600,"height":435,"url":"https:\/\/nutrixperts.com\/wp-content\/uploads\/2020\/02\/Market_Research.jpg","type":"image\/jpeg"}],"twitter_card":"summary_large_image","schema":{"@context":"https:\/\/schema.org","@graph":[{"@type":"WebPage","@id":"https:\/\/nutrixperts.com\/es\/servicio\/estrategia\/investigacion-de-mercado\/","url":"https:\/\/nutrixperts.com\/es\/servicio\/estrategia\/investigacion-de-mercado\/","name":"Investigaci\u00f3n de Mercado | NutriXperts","isPartOf":{"@id":"https:\/\/nutrixperts.com\/es\/#website"},"primaryImageOfPage":{"@id":"https:\/\/nutrixperts.com\/es\/servicio\/estrategia\/investigacion-de-mercado\/#primaryimage"},"image":{"@id":"https:\/\/nutrixperts.com\/es\/servicio\/estrategia\/investigacion-de-mercado\/#primaryimage"},"thumbnailUrl":"https:\/\/nutrixperts.com\/wp-content\/uploads\/2020\/02\/Market_Research.jpg","datePublished":"2020-02-12T11:47:15+00:00","dateModified":"2020-04-15T18:42:33+00:00","breadcrumb":{"@id":"https:\/\/nutrixperts.com\/es\/servicio\/estrategia\/investigacion-de-mercado\/#breadcrumb"},"inLanguage":"es","potentialAction":[{"@type":"ReadAction","target":["https:\/\/nutrixperts.com\/es\/servicio\/estrategia\/investigacion-de-mercado\/"]}]},{"@type":"ImageObject","inLanguage":"es","@id":"https:\/\/nutrixperts.com\/es\/servicio\/estrategia\/investigacion-de-mercado\/#primaryimage","url":"https:\/\/nutrixperts.com\/wp-content\/uploads\/2020\/02\/Market_Research.jpg","contentUrl":"https:\/\/nutrixperts.com\/wp-content\/uploads\/2020\/02\/Market_Research.jpg","width":600,"height":435,"caption":"Market Research"},{"@type":"BreadcrumbList","@id":"https:\/\/nutrixperts.com\/es\/servicio\/estrategia\/investigacion-de-mercado\/#breadcrumb","itemListElement":[{"@type":"ListItem","position":1,"name":"Home","item":"https:\/\/nutrixperts.com\/es\/"},{"@type":"ListItem","position":2,"name":"SERVICIO","item":"https:\/\/nutrixperts.com\/es\/servicio\/"},{"@type":"ListItem","position":3,"name":"Estrategia","item":"https:\/\/nutrixperts.com\/es\/servicio\/estrategia\/"},{"@type":"ListItem","position":4,"name":"Investigaci\u00f3n de Mercado"}]},{"@type":"WebSite","@id":"https:\/\/nutrixperts.com\/es\/#website","url":"https:\/\/nutrixperts.com\/es\/","name":"NutriXperts","description":"NutriXperts is  the leading consultancy company within the infant formula and nutrition industries.","publisher":{"@id":"https:\/\/nutrixperts.com\/es\/#organization"},"potentialAction":[{"@type":"SearchAction","target":{"@type":"EntryPoint","urlTemplate":"https:\/\/nutrixperts.com\/es\/?s={search_term_string}"},"query-input":{"@type":"PropertyValueSpecification","valueRequired":true,"valueName":"search_term_string"}}],"inLanguage":"es"},{"@type":"Organization","@id":"https:\/\/nutrixperts.com\/es\/#organization","name":"NutriXperts Consulting","url":"https:\/\/nutrixperts.com\/es\/","logo":{"@type":"ImageObject","inLanguage":"es","@id":"https:\/\/nutrixperts.com\/es\/#\/schema\/logo\/image\/","url":"https:\/\/nutrixperts.com\/wp-content\/uploads\/2020\/02\/logo_text-1.png","contentUrl":"https:\/\/nutrixperts.com\/wp-content\/uploads\/2020\/02\/logo_text-1.png","width":168,"height":168,"caption":"NutriXperts Consulting"},"image":{"@id":"https:\/\/nutrixperts.com\/es\/#\/schema\/logo\/image\/"}}]}},"_links":{"self":[{"href":"https:\/\/nutrixperts.com\/es\/wp-json\/wp\/v2\/pages\/1912","targetHints":{"allow":["GET"]}}],"collection":[{"href":"https:\/\/nutrixperts.com\/es\/wp-json\/wp\/v2\/pages"}],"about":[{"href":"https:\/\/nutrixperts.com\/es\/wp-json\/wp\/v2\/types\/page"}],"author":[{"embeddable":true,"href":"https:\/\/nutrixperts.com\/es\/wp-json\/wp\/v2\/users\/1"}],"replies":[{"embeddable":true,"href":"https:\/\/nutrixperts.com\/es\/wp-json\/wp\/v2\/comments?post=1912"}],"version-history":[{"count":0,"href":"https:\/\/nutrixperts.com\/es\/wp-json\/wp\/v2\/pages\/1912\/revisions"}],"up":[{"embeddable":true,"href":"https:\/\/nutrixperts.com\/es\/wp-json\/wp\/v2\/pages\/1582"}],"wp:featuredmedia":[{"embeddable":true,"href":"https:\/\/nutrixperts.com\/es\/wp-json\/wp\/v2\/media\/1059"}],"wp:attachment":[{"href":"https:\/\/nutrixperts.com\/es\/wp-json\/wp\/v2\/media?parent=1912"}],"curies":[{"name":"wp","href":"https:\/\/api.w.org\/{rel}","templated":true}]}}