{"id":1915,"date":"2020-02-05T04:38:42","date_gmt":"2020-02-05T04:38:42","guid":{"rendered":"http:\/\/nutrixperts.flywheelsites.com\/service\/technical-support-engineering\/"},"modified":"2020-04-16T01:43:51","modified_gmt":"2020-04-15T18:43:51","slug":"soporte-tecnico-e-ingenieria","status":"publish","type":"page","link":"https:\/\/nutrixperts.com\/es\/servicio\/soporte-tecnico-e-ingenieria\/","title":{"rendered":"Soporte t\u00e9cnico e Ingenier\u00eda"},"content":{"rendered":"\n<h3 class=\"wp-block-heading\"><strong>\u00bfQu\u00e9 tan bueno es su equipo de procesamiento?\u00a0<\/strong><\/h3>\n\n\n\n<p>\u00a1En la industria de la nutrici\u00f3n, muchos pueden dise\u00f1ar, pero pocos pueden hacer un gran dise\u00f1o! Dise\u00f1ar un producto de nutrici\u00f3n no es una tarea f\u00e1cil. Adem\u00e1s de cumplir con los objetivos, los procesos de rendimiento y de robustez deseados, deben ser llevados a cabo de manera higi\u00e9nica, f\u00e1cil de limpiar, validar y una forma segura y f\u00e1cil de operar. Si se combinan varias operaciones unitarias, necesitan trabajar bien juntas.<\/p>\n\n\n\n<div style=\"height:50px\" aria-hidden=\"true\" class=\"wp-block-spacer\"><\/div>\n\n\n\n<p class=\"has-text-align-center h_block2\"><img loading=\"lazy\" decoding=\"async\" width=\"310\" height=\"76\" class=\"wp-image-36\" style=\"width: 310px;\" src=\"https:\/\/nutrixperts.com\/wp-content\/uploads\/\/2020\/02\/logo.svg\" alt=\"\">Proporciona varios servicios de dise\u00f1o e ingenier\u00eda t\u00e9cnica.\u00a0<\/p>\n\n\n\n<div style=\"height:50px\" aria-hidden=\"true\" class=\"wp-block-spacer\"><\/div>\n\n\n\n<figure class=\"wp-block-image size-large img_s1\"><img loading=\"lazy\" decoding=\"async\" width=\"772\" height=\"417\" src=\"https:\/\/nutrixperts.com\/wp-content\/uploads\/2020\/02\/image_1_Technical_support_Engineering.jpg\" alt=\"\" class=\"wp-image-403\" srcset=\"https:\/\/nutrixperts.com\/wp-content\/uploads\/2020\/02\/image_1_Technical_support_Engineering.jpg 772w, https:\/\/nutrixperts.com\/wp-content\/uploads\/2020\/02\/image_1_Technical_support_Engineering-300x162.jpg 300w, https:\/\/nutrixperts.com\/wp-content\/uploads\/2020\/02\/image_1_Technical_support_Engineering-768x415.jpg 768w\" sizes=\"auto, (max-width: 772px) 100vw, 772px\" \/><\/figure>\n\n\n\n<div style=\"height:100px\" aria-hidden=\"true\" class=\"wp-block-spacer\"><\/div>\n","protected":false},"excerpt":{"rendered":"<p>\u00bfQu\u00e9 tan bueno es su equipo de procesamiento?\u00a0 \u00a1En la industria de la nutrici\u00f3n, muchos pueden dise\u00f1ar, pero pocos pueden hacer un gran dise\u00f1o! Dise\u00f1ar un producto de nutrici\u00f3n no es una tarea f\u00e1cil. Adem\u00e1s de cumplir con los objetivos, los procesos de rendimiento y de robustez deseados, deben ser llevados a cabo de manera [&hellip;]<\/p>\n","protected":false},"author":1,"featured_media":980,"parent":1869,"menu_order":0,"comment_status":"closed","ping_status":"closed","template":"page-service.php","meta":{"_acf_changed":false,"_monsterinsights_skip_tracking":false,"_monsterinsights_sitenote_active":false,"_monsterinsights_sitenote_note":"","_monsterinsights_sitenote_category":0,"footnotes":""},"class_list":["post-1915","page","type-page","status-publish","has-post-thumbnail","hentry","entry"],"acf":[],"yoast_head":"<!-- This site is optimized with the Yoast SEO plugin v27.3 - https:\/\/yoast.com\/product\/yoast-seo-wordpress\/ -->\n<title>Soporte t\u00e9cnico e Ingenier\u00eda | NutriXperts<\/title>\n<meta name=\"robots\" content=\"index, follow, max-snippet:-1, max-image-preview:large, max-video-preview:-1\" \/>\n<link rel=\"canonical\" href=\"https:\/\/nutrixperts.com\/es\/servicio\/soporte-tecnico-e-ingenieria\/\" \/>\n<meta property=\"og:locale\" content=\"es_ES\" \/>\n<meta property=\"og:type\" content=\"article\" \/>\n<meta property=\"og:title\" content=\"Soporte t\u00e9cnico e Ingenier\u00eda | NutriXperts\" \/>\n<meta property=\"og:description\" content=\"\u00bfQu\u00e9 tan bueno es su equipo de procesamiento?\u00a0 \u00a1En la industria de la nutrici\u00f3n, muchos pueden dise\u00f1ar, pero pocos pueden hacer un gran dise\u00f1o! Dise\u00f1ar un producto de nutrici\u00f3n no es una tarea f\u00e1cil. Adem\u00e1s de cumplir con los objetivos, los procesos de rendimiento y de robustez deseados, deben ser llevados a cabo de manera [&hellip;]\" \/>\n<meta property=\"og:url\" content=\"https:\/\/nutrixperts.com\/es\/servicio\/soporte-tecnico-e-ingenieria\/\" \/>\n<meta property=\"og:site_name\" content=\"NutriXperts\" \/>\n<meta property=\"article:modified_time\" content=\"2020-04-15T18:43:51+00:00\" \/>\n<meta property=\"og:image\" content=\"https:\/\/nutrixperts.com\/wp-content\/uploads\/2020\/02\/Technical_Support_cover.jpg\" \/>\n\t<meta property=\"og:image:width\" content=\"600\" \/>\n\t<meta property=\"og:image:height\" content=\"435\" \/>\n\t<meta property=\"og:image:type\" content=\"image\/jpeg\" \/>\n<meta name=\"twitter:card\" content=\"summary_large_image\" \/>\n<script type=\"application\/ld+json\" class=\"yoast-schema-graph\">{\"@context\":\"https:\\\/\\\/schema.org\",\"@graph\":[{\"@type\":\"WebPage\",\"@id\":\"https:\\\/\\\/nutrixperts.com\\\/es\\\/servicio\\\/soporte-tecnico-e-ingenieria\\\/\",\"url\":\"https:\\\/\\\/nutrixperts.com\\\/es\\\/servicio\\\/soporte-tecnico-e-ingenieria\\\/\",\"name\":\"Soporte t\u00e9cnico e Ingenier\u00eda | NutriXperts\",\"isPartOf\":{\"@id\":\"https:\\\/\\\/nutrixperts.com\\\/es\\\/#website\"},\"primaryImageOfPage\":{\"@id\":\"https:\\\/\\\/nutrixperts.com\\\/es\\\/servicio\\\/soporte-tecnico-e-ingenieria\\\/#primaryimage\"},\"image\":{\"@id\":\"https:\\\/\\\/nutrixperts.com\\\/es\\\/servicio\\\/soporte-tecnico-e-ingenieria\\\/#primaryimage\"},\"thumbnailUrl\":\"https:\\\/\\\/nutrixperts.com\\\/wp-content\\\/uploads\\\/2020\\\/02\\\/Technical_Support_cover.jpg\",\"datePublished\":\"2020-02-05T04:38:42+00:00\",\"dateModified\":\"2020-04-15T18:43:51+00:00\",\"breadcrumb\":{\"@id\":\"https:\\\/\\\/nutrixperts.com\\\/es\\\/servicio\\\/soporte-tecnico-e-ingenieria\\\/#breadcrumb\"},\"inLanguage\":\"es\",\"potentialAction\":[{\"@type\":\"ReadAction\",\"target\":[\"https:\\\/\\\/nutrixperts.com\\\/es\\\/servicio\\\/soporte-tecnico-e-ingenieria\\\/\"]}]},{\"@type\":\"ImageObject\",\"inLanguage\":\"es\",\"@id\":\"https:\\\/\\\/nutrixperts.com\\\/es\\\/servicio\\\/soporte-tecnico-e-ingenieria\\\/#primaryimage\",\"url\":\"https:\\\/\\\/nutrixperts.com\\\/wp-content\\\/uploads\\\/2020\\\/02\\\/Technical_Support_cover.jpg\",\"contentUrl\":\"https:\\\/\\\/nutrixperts.com\\\/wp-content\\\/uploads\\\/2020\\\/02\\\/Technical_Support_cover.jpg\",\"width\":600,\"height\":435,\"caption\":\"Technical Support cover\"},{\"@type\":\"BreadcrumbList\",\"@id\":\"https:\\\/\\\/nutrixperts.com\\\/es\\\/servicio\\\/soporte-tecnico-e-ingenieria\\\/#breadcrumb\",\"itemListElement\":[{\"@type\":\"ListItem\",\"position\":1,\"name\":\"Home\",\"item\":\"https:\\\/\\\/nutrixperts.com\\\/es\\\/\"},{\"@type\":\"ListItem\",\"position\":2,\"name\":\"SERVICIO\",\"item\":\"https:\\\/\\\/nutrixperts.com\\\/es\\\/servicio\\\/\"},{\"@type\":\"ListItem\",\"position\":3,\"name\":\"Soporte t\u00e9cnico e Ingenier\u00eda\"}]},{\"@type\":\"WebSite\",\"@id\":\"https:\\\/\\\/nutrixperts.com\\\/es\\\/#website\",\"url\":\"https:\\\/\\\/nutrixperts.com\\\/es\\\/\",\"name\":\"NutriXperts\",\"description\":\"NutriXperts is  the leading consultancy company within the infant formula and nutrition industries.\",\"publisher\":{\"@id\":\"https:\\\/\\\/nutrixperts.com\\\/es\\\/#organization\"},\"potentialAction\":[{\"@type\":\"SearchAction\",\"target\":{\"@type\":\"EntryPoint\",\"urlTemplate\":\"https:\\\/\\\/nutrixperts.com\\\/es\\\/?s={search_term_string}\"},\"query-input\":{\"@type\":\"PropertyValueSpecification\",\"valueRequired\":true,\"valueName\":\"search_term_string\"}}],\"inLanguage\":\"es\"},{\"@type\":\"Organization\",\"@id\":\"https:\\\/\\\/nutrixperts.com\\\/es\\\/#organization\",\"name\":\"NutriXperts Consulting\",\"url\":\"https:\\\/\\\/nutrixperts.com\\\/es\\\/\",\"logo\":{\"@type\":\"ImageObject\",\"inLanguage\":\"es\",\"@id\":\"https:\\\/\\\/nutrixperts.com\\\/es\\\/#\\\/schema\\\/logo\\\/image\\\/\",\"url\":\"https:\\\/\\\/nutrixperts.com\\\/wp-content\\\/uploads\\\/2020\\\/02\\\/logo_text-1.png\",\"contentUrl\":\"https:\\\/\\\/nutrixperts.com\\\/wp-content\\\/uploads\\\/2020\\\/02\\\/logo_text-1.png\",\"width\":168,\"height\":168,\"caption\":\"NutriXperts Consulting\"},\"image\":{\"@id\":\"https:\\\/\\\/nutrixperts.com\\\/es\\\/#\\\/schema\\\/logo\\\/image\\\/\"}}]}<\/script>\n<!-- \/ Yoast SEO plugin. -->","yoast_head_json":{"title":"Soporte t\u00e9cnico e Ingenier\u00eda | NutriXperts","robots":{"index":"index","follow":"follow","max-snippet":"max-snippet:-1","max-image-preview":"max-image-preview:large","max-video-preview":"max-video-preview:-1"},"canonical":"https:\/\/nutrixperts.com\/es\/servicio\/soporte-tecnico-e-ingenieria\/","og_locale":"es_ES","og_type":"article","og_title":"Soporte t\u00e9cnico e Ingenier\u00eda | NutriXperts","og_description":"\u00bfQu\u00e9 tan bueno es su equipo de procesamiento?\u00a0 \u00a1En la industria de la nutrici\u00f3n, muchos pueden dise\u00f1ar, pero pocos pueden hacer un gran dise\u00f1o! Dise\u00f1ar un producto de nutrici\u00f3n no es una tarea f\u00e1cil. Adem\u00e1s de cumplir con los objetivos, los procesos de rendimiento y de robustez deseados, deben ser llevados a cabo de manera [&hellip;]","og_url":"https:\/\/nutrixperts.com\/es\/servicio\/soporte-tecnico-e-ingenieria\/","og_site_name":"NutriXperts","article_modified_time":"2020-04-15T18:43:51+00:00","og_image":[{"width":600,"height":435,"url":"https:\/\/nutrixperts.com\/wp-content\/uploads\/2020\/02\/Technical_Support_cover.jpg","type":"image\/jpeg"}],"twitter_card":"summary_large_image","schema":{"@context":"https:\/\/schema.org","@graph":[{"@type":"WebPage","@id":"https:\/\/nutrixperts.com\/es\/servicio\/soporte-tecnico-e-ingenieria\/","url":"https:\/\/nutrixperts.com\/es\/servicio\/soporte-tecnico-e-ingenieria\/","name":"Soporte t\u00e9cnico e Ingenier\u00eda | NutriXperts","isPartOf":{"@id":"https:\/\/nutrixperts.com\/es\/#website"},"primaryImageOfPage":{"@id":"https:\/\/nutrixperts.com\/es\/servicio\/soporte-tecnico-e-ingenieria\/#primaryimage"},"image":{"@id":"https:\/\/nutrixperts.com\/es\/servicio\/soporte-tecnico-e-ingenieria\/#primaryimage"},"thumbnailUrl":"https:\/\/nutrixperts.com\/wp-content\/uploads\/2020\/02\/Technical_Support_cover.jpg","datePublished":"2020-02-05T04:38:42+00:00","dateModified":"2020-04-15T18:43:51+00:00","breadcrumb":{"@id":"https:\/\/nutrixperts.com\/es\/servicio\/soporte-tecnico-e-ingenieria\/#breadcrumb"},"inLanguage":"es","potentialAction":[{"@type":"ReadAction","target":["https:\/\/nutrixperts.com\/es\/servicio\/soporte-tecnico-e-ingenieria\/"]}]},{"@type":"ImageObject","inLanguage":"es","@id":"https:\/\/nutrixperts.com\/es\/servicio\/soporte-tecnico-e-ingenieria\/#primaryimage","url":"https:\/\/nutrixperts.com\/wp-content\/uploads\/2020\/02\/Technical_Support_cover.jpg","contentUrl":"https:\/\/nutrixperts.com\/wp-content\/uploads\/2020\/02\/Technical_Support_cover.jpg","width":600,"height":435,"caption":"Technical Support cover"},{"@type":"BreadcrumbList","@id":"https:\/\/nutrixperts.com\/es\/servicio\/soporte-tecnico-e-ingenieria\/#breadcrumb","itemListElement":[{"@type":"ListItem","position":1,"name":"Home","item":"https:\/\/nutrixperts.com\/es\/"},{"@type":"ListItem","position":2,"name":"SERVICIO","item":"https:\/\/nutrixperts.com\/es\/servicio\/"},{"@type":"ListItem","position":3,"name":"Soporte t\u00e9cnico e Ingenier\u00eda"}]},{"@type":"WebSite","@id":"https:\/\/nutrixperts.com\/es\/#website","url":"https:\/\/nutrixperts.com\/es\/","name":"NutriXperts","description":"NutriXperts is  the leading consultancy company within the infant formula and nutrition industries.","publisher":{"@id":"https:\/\/nutrixperts.com\/es\/#organization"},"potentialAction":[{"@type":"SearchAction","target":{"@type":"EntryPoint","urlTemplate":"https:\/\/nutrixperts.com\/es\/?s={search_term_string}"},"query-input":{"@type":"PropertyValueSpecification","valueRequired":true,"valueName":"search_term_string"}}],"inLanguage":"es"},{"@type":"Organization","@id":"https:\/\/nutrixperts.com\/es\/#organization","name":"NutriXperts Consulting","url":"https:\/\/nutrixperts.com\/es\/","logo":{"@type":"ImageObject","inLanguage":"es","@id":"https:\/\/nutrixperts.com\/es\/#\/schema\/logo\/image\/","url":"https:\/\/nutrixperts.com\/wp-content\/uploads\/2020\/02\/logo_text-1.png","contentUrl":"https:\/\/nutrixperts.com\/wp-content\/uploads\/2020\/02\/logo_text-1.png","width":168,"height":168,"caption":"NutriXperts Consulting"},"image":{"@id":"https:\/\/nutrixperts.com\/es\/#\/schema\/logo\/image\/"}}]}},"_links":{"self":[{"href":"https:\/\/nutrixperts.com\/es\/wp-json\/wp\/v2\/pages\/1915","targetHints":{"allow":["GET"]}}],"collection":[{"href":"https:\/\/nutrixperts.com\/es\/wp-json\/wp\/v2\/pages"}],"about":[{"href":"https:\/\/nutrixperts.com\/es\/wp-json\/wp\/v2\/types\/page"}],"author":[{"embeddable":true,"href":"https:\/\/nutrixperts.com\/es\/wp-json\/wp\/v2\/users\/1"}],"replies":[{"embeddable":true,"href":"https:\/\/nutrixperts.com\/es\/wp-json\/wp\/v2\/comments?post=1915"}],"version-history":[{"count":0,"href":"https:\/\/nutrixperts.com\/es\/wp-json\/wp\/v2\/pages\/1915\/revisions"}],"up":[{"embeddable":true,"href":"https:\/\/nutrixperts.com\/es\/wp-json\/wp\/v2\/pages\/1869"}],"wp:featuredmedia":[{"embeddable":true,"href":"https:\/\/nutrixperts.com\/es\/wp-json\/wp\/v2\/media\/980"}],"wp:attachment":[{"href":"https:\/\/nutrixperts.com\/es\/wp-json\/wp\/v2\/media?parent=1915"}],"curies":[{"name":"wp","href":"https:\/\/api.w.org\/{rel}","templated":true}]}}