{"id":1918,"date":"2020-02-14T09:31:39","date_gmt":"2020-02-14T09:31:39","guid":{"rendered":"http:\/\/nutrixperts.flywheelsites.com\/service\/technical-support-engineering\/bidding-materials\/"},"modified":"2020-04-16T01:45:36","modified_gmt":"2020-04-15T18:45:36","slug":"materiales-de-licitacion","status":"publish","type":"page","link":"https:\/\/nutrixperts.com\/es\/servicio\/soporte-tecnico-e-ingenieria\/materiales-de-licitacion\/","title":{"rendered":"Materiales de Licitaci\u00f3n"},"content":{"rendered":"\n<p>\u00a1Obtenga ofertas comparables! Los equipos de proceso en la industria de la nutrici\u00f3n a menudo representan m\u00e1s del 50% de los costos de la nueva planta. Es una inversi\u00f3n que deber\u00eda durar por d\u00e9cadas y con una alta fiabilidad y un dise\u00f1o higi\u00e9nico. Adem\u00e1s de ofrecer un alto y un buen rendimiento, debe ser f\u00e1cil de mantener, operar y limpiar.\u00a0<\/p>\n\n\n\n<div style=\"height:30px\" aria-hidden=\"true\" class=\"wp-block-spacer\"><\/div>\n\n\n\n<p class=\"h_block\">Con el enfoque de hoy en d\u00eda en el ahorro de energ\u00eda, la reutilizaci\u00f3n del agua y otros aspectos de sostenibilidad, es importante encontrar la compa\u00f1\u00eda adecuada para asistirle con la licitaci\u00f3n o subasta de materiales.\u00a0<\/p>\n\n\n\n<div style=\"height:60px\" aria-hidden=\"true\" class=\"wp-block-spacer\"><\/div>\n\n\n\n<figure class=\"wp-block-image size-large img_s1\"><img loading=\"lazy\" decoding=\"async\" width=\"772\" height=\"417\" src=\"https:\/\/nutrixperts.com\/wp-content\/uploads\/2020\/03\/shutterstock_737315470-1.jpg\" alt=\"shutterstock 737315470 1\" class=\"wp-image-826\" srcset=\"https:\/\/nutrixperts.com\/wp-content\/uploads\/2020\/03\/shutterstock_737315470-1.jpg 772w, https:\/\/nutrixperts.com\/wp-content\/uploads\/2020\/03\/shutterstock_737315470-1-300x162.jpg 300w, https:\/\/nutrixperts.com\/wp-content\/uploads\/2020\/03\/shutterstock_737315470-1-768x415.jpg 768w\" sizes=\"auto, (max-width: 772px) 100vw, 772px\" \/><\/figure>\n\n\n\n<div style=\"height:60px\" aria-hidden=\"true\" class=\"wp-block-spacer\"><\/div>\n\n\n\n<p>Con a\u00f1os de experiencia en la industria de f\u00f3rmulas infantiles, sabemos c\u00f3mo producir materiales blandos con los m\u00e1s altos est\u00e1ndares para alimentos nutricionales, as\u00ed como ingredientes l\u00e1cteos y a base de suero para la industria. Tambi\u00e9n a\u00f1adimos documentos GMP para la licitaci\u00f3n de materiales para garantizar que el equipo operativo sea higi\u00e9nicamente dise\u00f1ado y seguro. Al trabajar con nosotros para obtener ofertas comparables y soporte t\u00e9cnico, usted puede enfocarse en los aspectos comerciales y de financiamiento.<\/p>\n","protected":false},"excerpt":{"rendered":"<p>\u00a1Obtenga ofertas comparables! Los equipos de proceso en la industria de la nutrici\u00f3n a menudo representan m\u00e1s del 50% de los costos de la nueva planta. Es una inversi\u00f3n que deber\u00eda durar por d\u00e9cadas y con una alta fiabilidad y un dise\u00f1o higi\u00e9nico. Adem\u00e1s de ofrecer un alto y un buen rendimiento, debe ser f\u00e1cil [&hellip;]<\/p>\n","protected":false},"author":1,"featured_media":2599,"parent":1915,"menu_order":0,"comment_status":"closed","ping_status":"closed","template":"page-service.php","meta":{"_acf_changed":false,"_monsterinsights_skip_tracking":false,"_monsterinsights_sitenote_active":false,"_monsterinsights_sitenote_note":"","_monsterinsights_sitenote_category":0,"footnotes":""},"class_list":["post-1918","page","type-page","status-publish","has-post-thumbnail","hentry","entry"],"acf":[],"yoast_head":"<!-- This site is optimized with the Yoast SEO plugin v27.5 - https:\/\/yoast.com\/product\/yoast-seo-wordpress\/ -->\n<title>Materiales de Licitaci\u00f3n | NutriXperts<\/title>\n<meta name=\"robots\" content=\"index, follow, max-snippet:-1, max-image-preview:large, max-video-preview:-1\" \/>\n<link rel=\"canonical\" href=\"https:\/\/nutrixperts.com\/es\/servicio\/soporte-tecnico-e-ingenieria\/materiales-de-licitacion\/\" \/>\n<meta property=\"og:locale\" content=\"es_ES\" \/>\n<meta property=\"og:type\" content=\"article\" \/>\n<meta property=\"og:title\" content=\"Materiales de Licitaci\u00f3n | NutriXperts\" \/>\n<meta property=\"og:description\" content=\"\u00a1Obtenga ofertas comparables! Los equipos de proceso en la industria de la nutrici\u00f3n a menudo representan m\u00e1s del 50% de los costos de la nueva planta. Es una inversi\u00f3n que deber\u00eda durar por d\u00e9cadas y con una alta fiabilidad y un dise\u00f1o higi\u00e9nico. Adem\u00e1s de ofrecer un alto y un buen rendimiento, debe ser f\u00e1cil [&hellip;]\" \/>\n<meta property=\"og:url\" content=\"https:\/\/nutrixperts.com\/es\/servicio\/soporte-tecnico-e-ingenieria\/materiales-de-licitacion\/\" \/>\n<meta property=\"og:site_name\" content=\"NutriXperts\" \/>\n<meta property=\"article:modified_time\" content=\"2020-04-15T18:45:36+00:00\" \/>\n<meta property=\"og:image\" content=\"https:\/\/nutrixperts.com\/wp-content\/uploads\/2020\/02\/Bidding-Materials.jpg\" \/>\n\t<meta property=\"og:image:width\" content=\"600\" \/>\n\t<meta property=\"og:image:height\" content=\"435\" \/>\n\t<meta property=\"og:image:type\" content=\"image\/jpeg\" \/>\n<meta name=\"twitter:card\" content=\"summary_large_image\" \/>\n<meta name=\"twitter:label1\" content=\"Tiempo de lectura\" \/>\n\t<meta name=\"twitter:data1\" content=\"1 minuto\" \/>\n<script type=\"application\/ld+json\" class=\"yoast-schema-graph\">{\"@context\":\"https:\\\/\\\/schema.org\",\"@graph\":[{\"@type\":\"WebPage\",\"@id\":\"https:\\\/\\\/nutrixperts.com\\\/es\\\/servicio\\\/soporte-tecnico-e-ingenieria\\\/materiales-de-licitacion\\\/\",\"url\":\"https:\\\/\\\/nutrixperts.com\\\/es\\\/servicio\\\/soporte-tecnico-e-ingenieria\\\/materiales-de-licitacion\\\/\",\"name\":\"Materiales de Licitaci\u00f3n | NutriXperts\",\"isPartOf\":{\"@id\":\"https:\\\/\\\/nutrixperts.com\\\/es\\\/#website\"},\"primaryImageOfPage\":{\"@id\":\"https:\\\/\\\/nutrixperts.com\\\/es\\\/servicio\\\/soporte-tecnico-e-ingenieria\\\/materiales-de-licitacion\\\/#primaryimage\"},\"image\":{\"@id\":\"https:\\\/\\\/nutrixperts.com\\\/es\\\/servicio\\\/soporte-tecnico-e-ingenieria\\\/materiales-de-licitacion\\\/#primaryimage\"},\"thumbnailUrl\":\"https:\\\/\\\/nutrixperts.com\\\/wp-content\\\/uploads\\\/2026\\\/01\\\/thisisengineering-RenrF1xnja0-unsplash.jpg\",\"datePublished\":\"2020-02-14T09:31:39+00:00\",\"dateModified\":\"2020-04-15T18:45:36+00:00\",\"breadcrumb\":{\"@id\":\"https:\\\/\\\/nutrixperts.com\\\/es\\\/servicio\\\/soporte-tecnico-e-ingenieria\\\/materiales-de-licitacion\\\/#breadcrumb\"},\"inLanguage\":\"es\",\"potentialAction\":[{\"@type\":\"ReadAction\",\"target\":[\"https:\\\/\\\/nutrixperts.com\\\/es\\\/servicio\\\/soporte-tecnico-e-ingenieria\\\/materiales-de-licitacion\\\/\"]}]},{\"@type\":\"ImageObject\",\"inLanguage\":\"es\",\"@id\":\"https:\\\/\\\/nutrixperts.com\\\/es\\\/servicio\\\/soporte-tecnico-e-ingenieria\\\/materiales-de-licitacion\\\/#primaryimage\",\"url\":\"https:\\\/\\\/nutrixperts.com\\\/wp-content\\\/uploads\\\/2026\\\/01\\\/thisisengineering-RenrF1xnja0-unsplash.jpg\",\"contentUrl\":\"https:\\\/\\\/nutrixperts.com\\\/wp-content\\\/uploads\\\/2026\\\/01\\\/thisisengineering-RenrF1xnja0-unsplash.jpg\"},{\"@type\":\"BreadcrumbList\",\"@id\":\"https:\\\/\\\/nutrixperts.com\\\/es\\\/servicio\\\/soporte-tecnico-e-ingenieria\\\/materiales-de-licitacion\\\/#breadcrumb\",\"itemListElement\":[{\"@type\":\"ListItem\",\"position\":1,\"name\":\"Home\",\"item\":\"https:\\\/\\\/nutrixperts.com\\\/es\\\/\"},{\"@type\":\"ListItem\",\"position\":2,\"name\":\"SERVICIO\",\"item\":\"https:\\\/\\\/nutrixperts.com\\\/es\\\/servicio\\\/\"},{\"@type\":\"ListItem\",\"position\":3,\"name\":\"Soporte t\u00e9cnico e Ingenier\u00eda\",\"item\":\"https:\\\/\\\/nutrixperts.com\\\/es\\\/servicio\\\/soporte-tecnico-e-ingenieria\\\/\"},{\"@type\":\"ListItem\",\"position\":4,\"name\":\"Materiales de Licitaci\u00f3n\"}]},{\"@type\":\"WebSite\",\"@id\":\"https:\\\/\\\/nutrixperts.com\\\/es\\\/#website\",\"url\":\"https:\\\/\\\/nutrixperts.com\\\/es\\\/\",\"name\":\"NutriXperts\",\"description\":\"NutriXperts is  the leading consultancy company within the infant formula and nutrition industries.\",\"publisher\":{\"@id\":\"https:\\\/\\\/nutrixperts.com\\\/es\\\/#organization\"},\"potentialAction\":[{\"@type\":\"SearchAction\",\"target\":{\"@type\":\"EntryPoint\",\"urlTemplate\":\"https:\\\/\\\/nutrixperts.com\\\/es\\\/?s={search_term_string}\"},\"query-input\":{\"@type\":\"PropertyValueSpecification\",\"valueRequired\":true,\"valueName\":\"search_term_string\"}}],\"inLanguage\":\"es\"},{\"@type\":\"Organization\",\"@id\":\"https:\\\/\\\/nutrixperts.com\\\/es\\\/#organization\",\"name\":\"NutriXperts Consulting\",\"url\":\"https:\\\/\\\/nutrixperts.com\\\/es\\\/\",\"logo\":{\"@type\":\"ImageObject\",\"inLanguage\":\"es\",\"@id\":\"https:\\\/\\\/nutrixperts.com\\\/es\\\/#\\\/schema\\\/logo\\\/image\\\/\",\"url\":\"https:\\\/\\\/nutrixperts.com\\\/wp-content\\\/uploads\\\/2020\\\/02\\\/logo_text-1.png\",\"contentUrl\":\"https:\\\/\\\/nutrixperts.com\\\/wp-content\\\/uploads\\\/2020\\\/02\\\/logo_text-1.png\",\"width\":168,\"height\":168,\"caption\":\"NutriXperts Consulting\"},\"image\":{\"@id\":\"https:\\\/\\\/nutrixperts.com\\\/es\\\/#\\\/schema\\\/logo\\\/image\\\/\"}}]}<\/script>\n<!-- \/ Yoast SEO plugin. -->","yoast_head_json":{"title":"Materiales de Licitaci\u00f3n | NutriXperts","robots":{"index":"index","follow":"follow","max-snippet":"max-snippet:-1","max-image-preview":"max-image-preview:large","max-video-preview":"max-video-preview:-1"},"canonical":"https:\/\/nutrixperts.com\/es\/servicio\/soporte-tecnico-e-ingenieria\/materiales-de-licitacion\/","og_locale":"es_ES","og_type":"article","og_title":"Materiales de Licitaci\u00f3n | NutriXperts","og_description":"\u00a1Obtenga ofertas comparables! Los equipos de proceso en la industria de la nutrici\u00f3n a menudo representan m\u00e1s del 50% de los costos de la nueva planta. Es una inversi\u00f3n que deber\u00eda durar por d\u00e9cadas y con una alta fiabilidad y un dise\u00f1o higi\u00e9nico. Adem\u00e1s de ofrecer un alto y un buen rendimiento, debe ser f\u00e1cil [&hellip;]","og_url":"https:\/\/nutrixperts.com\/es\/servicio\/soporte-tecnico-e-ingenieria\/materiales-de-licitacion\/","og_site_name":"NutriXperts","article_modified_time":"2020-04-15T18:45:36+00:00","og_image":[{"width":600,"height":435,"url":"https:\/\/nutrixperts.com\/wp-content\/uploads\/2020\/02\/Bidding-Materials.jpg","type":"image\/jpeg"}],"twitter_card":"summary_large_image","twitter_misc":{"Tiempo de lectura":"1 minuto"},"schema":{"@context":"https:\/\/schema.org","@graph":[{"@type":"WebPage","@id":"https:\/\/nutrixperts.com\/es\/servicio\/soporte-tecnico-e-ingenieria\/materiales-de-licitacion\/","url":"https:\/\/nutrixperts.com\/es\/servicio\/soporte-tecnico-e-ingenieria\/materiales-de-licitacion\/","name":"Materiales de Licitaci\u00f3n | NutriXperts","isPartOf":{"@id":"https:\/\/nutrixperts.com\/es\/#website"},"primaryImageOfPage":{"@id":"https:\/\/nutrixperts.com\/es\/servicio\/soporte-tecnico-e-ingenieria\/materiales-de-licitacion\/#primaryimage"},"image":{"@id":"https:\/\/nutrixperts.com\/es\/servicio\/soporte-tecnico-e-ingenieria\/materiales-de-licitacion\/#primaryimage"},"thumbnailUrl":"https:\/\/nutrixperts.com\/wp-content\/uploads\/2026\/01\/thisisengineering-RenrF1xnja0-unsplash.jpg","datePublished":"2020-02-14T09:31:39+00:00","dateModified":"2020-04-15T18:45:36+00:00","breadcrumb":{"@id":"https:\/\/nutrixperts.com\/es\/servicio\/soporte-tecnico-e-ingenieria\/materiales-de-licitacion\/#breadcrumb"},"inLanguage":"es","potentialAction":[{"@type":"ReadAction","target":["https:\/\/nutrixperts.com\/es\/servicio\/soporte-tecnico-e-ingenieria\/materiales-de-licitacion\/"]}]},{"@type":"ImageObject","inLanguage":"es","@id":"https:\/\/nutrixperts.com\/es\/servicio\/soporte-tecnico-e-ingenieria\/materiales-de-licitacion\/#primaryimage","url":"https:\/\/nutrixperts.com\/wp-content\/uploads\/2026\/01\/thisisengineering-RenrF1xnja0-unsplash.jpg","contentUrl":"https:\/\/nutrixperts.com\/wp-content\/uploads\/2026\/01\/thisisengineering-RenrF1xnja0-unsplash.jpg"},{"@type":"BreadcrumbList","@id":"https:\/\/nutrixperts.com\/es\/servicio\/soporte-tecnico-e-ingenieria\/materiales-de-licitacion\/#breadcrumb","itemListElement":[{"@type":"ListItem","position":1,"name":"Home","item":"https:\/\/nutrixperts.com\/es\/"},{"@type":"ListItem","position":2,"name":"SERVICIO","item":"https:\/\/nutrixperts.com\/es\/servicio\/"},{"@type":"ListItem","position":3,"name":"Soporte t\u00e9cnico e Ingenier\u00eda","item":"https:\/\/nutrixperts.com\/es\/servicio\/soporte-tecnico-e-ingenieria\/"},{"@type":"ListItem","position":4,"name":"Materiales de Licitaci\u00f3n"}]},{"@type":"WebSite","@id":"https:\/\/nutrixperts.com\/es\/#website","url":"https:\/\/nutrixperts.com\/es\/","name":"NutriXperts","description":"NutriXperts is  the leading consultancy company within the infant formula and nutrition industries.","publisher":{"@id":"https:\/\/nutrixperts.com\/es\/#organization"},"potentialAction":[{"@type":"SearchAction","target":{"@type":"EntryPoint","urlTemplate":"https:\/\/nutrixperts.com\/es\/?s={search_term_string}"},"query-input":{"@type":"PropertyValueSpecification","valueRequired":true,"valueName":"search_term_string"}}],"inLanguage":"es"},{"@type":"Organization","@id":"https:\/\/nutrixperts.com\/es\/#organization","name":"NutriXperts Consulting","url":"https:\/\/nutrixperts.com\/es\/","logo":{"@type":"ImageObject","inLanguage":"es","@id":"https:\/\/nutrixperts.com\/es\/#\/schema\/logo\/image\/","url":"https:\/\/nutrixperts.com\/wp-content\/uploads\/2020\/02\/logo_text-1.png","contentUrl":"https:\/\/nutrixperts.com\/wp-content\/uploads\/2020\/02\/logo_text-1.png","width":168,"height":168,"caption":"NutriXperts Consulting"},"image":{"@id":"https:\/\/nutrixperts.com\/es\/#\/schema\/logo\/image\/"}}]}},"_links":{"self":[{"href":"https:\/\/nutrixperts.com\/es\/wp-json\/wp\/v2\/pages\/1918","targetHints":{"allow":["GET"]}}],"collection":[{"href":"https:\/\/nutrixperts.com\/es\/wp-json\/wp\/v2\/pages"}],"about":[{"href":"https:\/\/nutrixperts.com\/es\/wp-json\/wp\/v2\/types\/page"}],"author":[{"embeddable":true,"href":"https:\/\/nutrixperts.com\/es\/wp-json\/wp\/v2\/users\/1"}],"replies":[{"embeddable":true,"href":"https:\/\/nutrixperts.com\/es\/wp-json\/wp\/v2\/comments?post=1918"}],"version-history":[{"count":0,"href":"https:\/\/nutrixperts.com\/es\/wp-json\/wp\/v2\/pages\/1918\/revisions"}],"up":[{"embeddable":true,"href":"https:\/\/nutrixperts.com\/es\/wp-json\/wp\/v2\/pages\/1915"}],"wp:featuredmedia":[{"embeddable":true,"href":"https:\/\/nutrixperts.com\/es\/wp-json\/wp\/v2\/media\/2599"}],"wp:attachment":[{"href":"https:\/\/nutrixperts.com\/es\/wp-json\/wp\/v2\/media?parent=1918"}],"curies":[{"name":"wp","href":"https:\/\/api.w.org\/{rel}","templated":true}]}}